{"id":215079,"date":"2020-07-30T16:46:47","date_gmt":"2020-07-30T14:46:47","guid":{"rendered":"https:\/\/szulokhaza.hu\/bartokkucko\/?page_id=215079"},"modified":"2023-09-25T15:47:05","modified_gmt":"2023-09-25T13:47:05","slug":"arak","status":"publish","type":"page","link":"https:\/\/www.szulokhaza.hu\/kamaraerdo\/arak\/","title":{"rendered":"\u00c1rak"},"content":{"rendered":"<p>[et_pb_section fb_built=&#8221;1&#8243; admin_label=&#8221;section&#8221; _builder_version=&#8221;4.16&#8243; global_colors_info=&#8221;{}&#8221;][et_pb_row admin_label=&#8221;row&#8221; _builder_version=&#8221;4.16&#8243; background_size=&#8221;initial&#8221; background_position=&#8221;top_left&#8221; background_repeat=&#8221;repeat&#8221; global_colors_info=&#8221;{}&#8221;][et_pb_column type=&#8221;4_4&#8243; _builder_version=&#8221;4.16&#8243; custom_padding=&#8221;|||&#8221; global_colors_info=&#8221;{}&#8221; custom_padding__hover=&#8221;|||&#8221;][et_pb_text _builder_version=&#8221;4.22.2&#8243; _module_preset=&#8221;default&#8221; header_text_color=&#8221;#f69e0f&#8221; header_2_text_color=&#8221;#f69e0f&#8221; custom_padding=&#8221;||1px|||&#8221; hover_enabled=&#8221;0&#8243; global_colors_info=&#8221;{}&#8221; sticky_enabled=&#8221;0&#8243;]<\/p>\n<h2>\u00c1rak<\/h2>\n<ul>\n<li>eg\u00e9sz napi ell\u00e1t\u00e1s heti 3 napra 8-17 \u00f3r\u00e1ig: brutt\u00f3 77.000 Ft\/h\u00f3 + \u00e9tkez\u00e9s<\/li>\n<li>eg\u00e9sz napi ell\u00e1t\u00e1s heti 5 napra 8-17 \u00f3r\u00e1ig: brutt\u00f3 111.000 Ft\/h\u00f3 + \u00e9tkez\u00e9s<\/li>\n<li>f\u00e9l napi ell\u00e1t\u00e1s heti 5 napra (napi 4 \u00f3ra): brutt\u00f3 86.000 Ft\/h\u00f3 + \u00e9tkez\u00e9s<\/li>\n<\/ul>\n<p>&nbsp;<\/p>\n<h2>\u00c9TKEZ\u00c9S<\/h2>\n<ul>\n<li>eg\u00e9sz napos ell\u00e1t\u00e1s eset\u00e9n: napi 4x \u00e9tkez\u00e9s (reggeli+t\u00edz\u00f3rai+eb\u00e9d+uzsonna): brutt\u00f3 2200 Ft \/ nap f\u00e9l<\/li>\n<li>napi ell\u00e1t\u00e1s eset\u00e9n napi 3x \u00e9tkez\u00e9s (reggeli+t\u00edz\u00f3rai+eb\u00e9d): brutt\u00f3 2000 Ft \/ nap<\/li>\n<\/ul>\n<p>&nbsp;<\/p>\n<h2>Foglalkoz\u00e1sok \/ fejleszt\u00e9s<\/h2>\n<ul>\n<li>Heti 5 nap: brutt\u00f3 61.950 Ft<\/li>\n<li>Heti 3 nap: brutt\u00f3 55.900 Ft<\/li>\n<\/ul>\n<p>&nbsp;<\/p>\n<p>&nbsp;<\/p>\n<p>[\/et_pb_text][\/et_pb_column][\/et_pb_row][\/et_pb_section]<\/p>\n","protected":false},"excerpt":{"rendered":"<p>\u00c1rak eg\u00e9sz napi ell\u00e1t\u00e1s heti 3 napra 8-17 \u00f3r\u00e1ig: brutt\u00f3 77.000 Ft\/h\u00f3 + \u00e9tkez\u00e9s eg\u00e9sz napi ell\u00e1t\u00e1s heti 5 napra 8-17 \u00f3r\u00e1ig: brutt\u00f3 111.000 Ft\/h\u00f3 + \u00e9tkez\u00e9s f\u00e9l napi ell\u00e1t\u00e1s heti 5 napra (napi 4 \u00f3ra): brutt\u00f3 86.000 Ft\/h\u00f3 + \u00e9tkez\u00e9s &nbsp; \u00c9TKEZ\u00c9S eg\u00e9sz napos ell\u00e1t\u00e1s eset\u00e9n: napi 4x \u00e9tkez\u00e9s (reggeli+t\u00edz\u00f3rai+eb\u00e9d+uzsonna): brutt\u00f3 2200 Ft \/ [&hellip;]<\/p>\n","protected":false},"author":8,"featured_media":0,"parent":0,"menu_order":0,"comment_status":"closed","ping_status":"closed","template":"","meta":{"_seopress_robots_primary_cat":"","_seopress_titles_title":"","_seopress_titles_desc":"","_seopress_robots_index":"","_et_pb_use_builder":"on","_et_pb_old_content":"","_et_gb_content_width":"","footnotes":""},"class_list":["post-215079","page","type-page","status-publish","hentry"],"_links":{"self":[{"href":"https:\/\/www.szulokhaza.hu\/kamaraerdo\/wp-json\/wp\/v2\/pages\/215079","targetHints":{"allow":["GET"]}}],"collection":[{"href":"https:\/\/www.szulokhaza.hu\/kamaraerdo\/wp-json\/wp\/v2\/pages"}],"about":[{"href":"https:\/\/www.szulokhaza.hu\/kamaraerdo\/wp-json\/wp\/v2\/types\/page"}],"author":[{"embeddable":true,"href":"https:\/\/www.szulokhaza.hu\/kamaraerdo\/wp-json\/wp\/v2\/users\/8"}],"replies":[{"embeddable":true,"href":"https:\/\/www.szulokhaza.hu\/kamaraerdo\/wp-json\/wp\/v2\/comments?post=215079"}],"version-history":[{"count":3,"href":"https:\/\/www.szulokhaza.hu\/kamaraerdo\/wp-json\/wp\/v2\/pages\/215079\/revisions"}],"predecessor-version":[{"id":216386,"href":"https:\/\/www.szulokhaza.hu\/kamaraerdo\/wp-json\/wp\/v2\/pages\/215079\/revisions\/216386"}],"wp:attachment":[{"href":"https:\/\/www.szulokhaza.hu\/kamaraerdo\/wp-json\/wp\/v2\/media?parent=215079"}],"curies":[{"name":"wp","href":"https:\/\/api.w.org\/{rel}","templated":true}]}}