{"id":215601,"date":"2022-06-13T18:57:31","date_gmt":"2022-06-13T16:57:31","guid":{"rendered":"https:\/\/www.szulokhaza.hu\/kamaraerdo\/?page_id=215601"},"modified":"2024-04-12T14:47:20","modified_gmt":"2024-04-12T12:47:20","slug":"szulinapi-party-2","status":"publish","type":"page","link":"https:\/\/www.szulokhaza.hu\/kamaraerdo\/szulinapi-party-2\/","title":{"rendered":"Sz\u00fclinapi Party"},"content":{"rendered":"<p>[et_pb_section fb_built=&#8221;1&#8243; _builder_version=&#8221;4.17.4&#8243; _module_preset=&#8221;default&#8221; global_colors_info=&#8221;{}&#8221;][et_pb_row column_structure=&#8221;1_2,1_2&#8243; _builder_version=&#8221;4.17.4&#8243; _module_preset=&#8221;default&#8221; global_colors_info=&#8221;{}&#8221;][et_pb_column type=&#8221;1_2&#8243; _builder_version=&#8221;4.17.4&#8243; _module_preset=&#8221;default&#8221; global_colors_info=&#8221;{}&#8221;][et_pb_text _builder_version=&#8221;4.17.4&#8243; _module_preset=&#8221;default&#8221; text_text_color=&#8221;#f69e0f&#8221; text_font_size=&#8221;24px&#8221; text_letter_spacing=&#8221;3px&#8221; header_text_color=&#8221;#f69e0f&#8221; header_font_size=&#8221;42px&#8221; header_letter_spacing=&#8221;3px&#8221; global_colors_info=&#8221;{}&#8221;]<\/p>\n<h1 style=\"text-align: center;\">Sz\u00fclinapi party<\/h1>\n<p>[\/et_pb_text][\/et_pb_column][et_pb_column type=&#8221;1_2&#8243; _builder_version=&#8221;4.17.4&#8243; _module_preset=&#8221;default&#8221; global_colors_info=&#8221;{}&#8221;][\/et_pb_column][\/et_pb_row][et_pb_row column_structure=&#8221;2_5,3_5&#8243; _builder_version=&#8221;4.17.4&#8243; _module_preset=&#8221;default&#8221; global_colors_info=&#8221;{}&#8221;][et_pb_column type=&#8221;2_5&#8243; _builder_version=&#8221;4.17.4&#8243; _module_preset=&#8221;default&#8221; global_colors_info=&#8221;{}&#8221;][et_pb_image src=&#8221;https:\/\/www.szulokhaza.hu\/kamaraerdo\/wp-content\/uploads\/2022\/06\/2.png&#8221; alt=&#8221;Sz\u00fclinapi party&#8221; title_text=&#8221;Sz\u00fclinapi party&#8221; _builder_version=&#8221;4.17.4&#8243; _module_preset=&#8221;b89775fe-fedd-4236-a442-886715622993&#8243; global_colors_info=&#8221;{}&#8221;][\/et_pb_image][et_pb_image _builder_version=&#8221;4.17.4&#8243; _module_preset=&#8221;b89775fe-fedd-4236-a442-886715622993&#8243; global_colors_info=&#8221;{}&#8221;][\/et_pb_image][et_pb_image src=&#8221;https:\/\/www.szulokhaza.hu\/kamaraerdo\/wp-content\/uploads\/2022\/06\/szulinapi-party.png&#8221; alt=&#8221;Sz\u00fclet\u00e9snapi muffin&#8221; title_text=&#8221;szulinapi-party 2&#8243; _builder_version=&#8221;4.17.4&#8243; _module_preset=&#8221;b89775fe-fedd-4236-a442-886715622993&#8243; global_colors_info=&#8221;{}&#8221;][\/et_pb_image][\/et_pb_column][et_pb_column type=&#8221;3_5&#8243; _builder_version=&#8221;4.17.4&#8243; _module_preset=&#8221;default&#8221; global_colors_info=&#8221;{}&#8221;][et_pb_text _builder_version=&#8221;4.18.0&#8243; _module_preset=&#8221;default&#8221; header_text_color=&#8221;#f69e0f&#8221; header_3_text_color=&#8221;#f69e0f&#8221; header_4_text_color=&#8221;#f69e0f&#8221; global_colors_info=&#8221;{}&#8221;]<\/p>\n<h3>\u00a0 Tartsd gyermeked sz\u00fclinapi bulij\u00e1t a Sz\u00fcl\u0151k H\u00e1z\u00e1ban!<\/h3>\n<p>\u00a0 Ha szeretn\u00e9d, mi beszerezz\u00fck a tort\u00e1t, a nasikat \u00e9s az innival\u00f3t, de hozhatod Te is.<br \/>\u00a0 \u00d6r\u00f6mmel gondoskodunk a gyerekek sz\u00f3rakoztat\u00e1s\u00e1r\u00f3l.<br \/>\u00a0 N\u00e1lunk a gyerk\u0151c\u00f6k kedv\u00fckre tombolhatnak, nem kopog \u00e1t a szomsz\u00e9d n\u00e9ni!<br \/>\u00a0 Nem Neked kell takar\u00edtanod a buli el\u0151tt \u00e9s ut\u00e1na sem.<\/p>\n<p>&nbsp;<\/p>\n<h3>\u00a0A sz\u00fclinapi ALAPCSOMAG tartalma<\/h3>\n<p>\u00a0 \u00a0 \u2013 a Sz\u00fcl\u0151k H\u00e1za K\u00f6zpont haszn\u00e1lata 2 \u00f3r\u00e1s id\u0151tartamra maximum 15 gyermek r\u00e9sz\u00e9re<br \/>\u00a0 \u00a0 \u2013 2 szintes csal\u00e1di h\u00e1z kerti j\u00e1t\u00e9kokkal<br \/>\u00a0 \u00a0 \u2013 1 f\u0151 h\u00e1ziasszony<br \/>\u00a0 \u00a0 \u2013 ter\u00edt\u00e9k (t\u00e1ny\u00e9r, poh\u00e1r, villa, szalv\u00e9ta)<\/p>\n<p><strong>A sz\u00fclinapi alapcsomag \u00e1ra 2 \u00f3ra b\u00e9rl\u00e9s eset\u00e9n: 40.000 Ft<\/strong><br \/>Hosszabb\u00edt\u00e1s lehets\u00e9ges: 10.000 Ft \/ 30 perc<\/p>\n<p>&nbsp;<\/p>\n<h3>A sz\u00fclinapi ZS\u00daR CSOMAG tartalma<\/h3>\n<p>\u00a0 \u00a0\u2013 16 szeletes sz\u00fclinapi torta<br \/>\u00a0 \u00a0\u2013 s\u00f3s \u00e9s \u00e9des ropogtatnival\u00f3k\u00a0<br \/>\u00a0 \u00a0\u2013 innival\u00f3 (sz\u00f6rp, tea, v\u00edz)<br \/>\u00a0 \u00a0\u2013 sz\u00fclinapi teremd\u00edsz\u00edt\u00e9s<\/p>\n<p><strong>A zs\u00farcsomag \u00e1ra 2 \u00f3ra b\u00e9rl\u00e9s eset\u00e9n: 40.000 Ft, amely az alapcsomag \u00e1r\u00e1n fel\u00fcl fizetend\u0151!<\/strong><br \/>Minden tov\u00e1bbi megkezdett \u00f3ra: 5.000 Ft<\/p>\n<p>&nbsp;<\/p>\n<h3>V\u00e1laszthat\u00f3 \u00e9lm\u00e9nyprogramok:<\/h3>\n<p>\u00a0<strong>Arcfest\u00e9s:<\/strong> 22.000 Ft \/ csoport \/ \u00f3ra<\/p>\n<p><strong>Csill\u00e1mtetov\u00e1l\u00e1s:<\/strong> 17.500 Ft \/ 30 perc<\/p>\n<p><strong>Lufihajtogat\u00e1s:<\/strong> 17.500 Ft \/ 30 perc<\/p>\n<p><strong>Pap\u00edrsz\u00ednh\u00e1z + k\u00e9zm\u0171ves foglalkoz\u00e1s (2*30 perc): <\/strong>23.000 Ft \/ csoport<\/p>\n<p><strong>Kreat\u00edv csoportos j\u00e1t\u00e9k anim\u00e1tor vezet\u00e9s\u00e9vel: <\/strong>21.500 Ft \/ csoport \/ \u00f3ra<\/p>\n<p>Anim\u00e1torunk k\u00f6zrem\u0171k\u00f6d\u00e9s\u00e9vel k\u00f6z\u00f6s ir\u00e1ny\u00edtott csoportos j\u00e1t\u00e9kok, \u00fcgyess\u00e9gi vet\u00e9lked\u0151k<\/p>\n<p><strong>Kreat\u00edv alkot\u00f3 foglalkoz\u00e1s: <\/strong>23.500 Ft \/ csoport \/ \u00f3ra<\/p>\n<p>Anim\u00e1torunk k\u00f6zrem\u0171k\u00f6d\u00e9s\u00e9vel k\u00f6z\u00f6s k\u00e9zm\u0171vesked\u00e9s<\/p>\n<p><strong>A j\u00e1t\u00e9kokat, programokat a gyerekek kor\u00e1nak megfelel\u0151en \u00e1ll\u00edtjuk \u00f6ssze.\u00a0<\/strong><span style=\"text-decoration: underline;\"><\/span><\/p>\n<p>&nbsp;<\/p>\n<h3>Egyedi tematikus sz\u00fclet\u00e9snapok<\/h3>\n<p>Tervezd meg gyermeked egyedi sz\u00fclet\u00e9snapi partyj\u00e1t, besz\u00e9lj\u00fck meg, hogy mit szeretn\u00e9l!<br \/>A sz\u00fclinapos kedvenc mes\u00e9j\u00e9hez kapcsol\u00f3d\u00f3 vid\u00e1m sz\u00fclinapi buli anim\u00e1torunk vezet\u00e9s\u00e9vel.\u00a0<br \/>T\u00e9m\u00e1k: Mancs \u0151rj\u00e1rat, J\u00e9gvar\u00e1zs, Szuperh\u0151s\u00f6k, Unikornis &#8211;\u00a0Ig\u00e9ny szerint el\u0151re egyeztetve m\u00e1s tematika is k\u00e9rhet\u0151.<\/p>\n<p>K\u00e9rj egyedi \u00e1raj\u00e1nlatot!<\/p>\n<h3><\/h3>\n<p><strong>Id\u0151pontfoglal\u00e1s: A sz\u00fclinapra id\u0151pontot a helysz\u00ednen 15.000 Ft foglal\u00f3 ellen\u00e9ben lehet foglalni.<\/strong><\/p>\n<p>Az \u00e1rak brutt\u00f3 \u00e1rak.<strong><\/strong><\/p>\n<p>A sz\u00fclet\u00e9snapok ideje alatt gyermekfel\u00fcgyeletet nem v\u00e1llalunk!<\/p>\n<p>[\/et_pb_text][\/et_pb_column][\/et_pb_row][et_pb_row column_structure=&#8221;1_2,1_2&#8243; _builder_version=&#8221;4.17.4&#8243; _module_preset=&#8221;default&#8221; global_colors_info=&#8221;{}&#8221;][et_pb_column type=&#8221;1_2&#8243; _builder_version=&#8221;4.17.4&#8243; _module_preset=&#8221;default&#8221; global_colors_info=&#8221;{}&#8221;][\/et_pb_column][et_pb_column type=&#8221;1_2&#8243; _builder_version=&#8221;4.17.4&#8243; _module_preset=&#8221;default&#8221; global_colors_info=&#8221;{}&#8221;][et_pb_button button_url=&#8221;https:\/\/szulokhaza.hu\/ujbuda\/jelentkezes\/&#8221; url_new_window=&#8221;on&#8221; button_text=&#8221;JELENTKEZ\u00c9S&#8221; _builder_version=&#8221;4.17.4&#8243; _module_preset=&#8221;default&#8221; custom_button=&#8221;on&#8221; button_bg_color=&#8221;#ff2037&#8243; button_icon=&#8221;&#x49;||divi||400&#8243; global_colors_info=&#8221;{}&#8221;][\/et_pb_button][\/et_pb_column][\/et_pb_row][\/et_pb_section]<\/p>\n","protected":false},"excerpt":{"rendered":"<p>Sz\u00fclinapi party\u00a0 Tartsd gyermeked sz\u00fclinapi bulij\u00e1t a Sz\u00fcl\u0151k H\u00e1z\u00e1ban! \u00a0 Ha szeretn\u00e9d, mi beszerezz\u00fck a tort\u00e1t, a nasikat \u00e9s az innival\u00f3t, de hozhatod Te is.\u00a0 \u00d6r\u00f6mmel gondoskodunk a gyerekek sz\u00f3rakoztat\u00e1s\u00e1r\u00f3l.\u00a0 N\u00e1lunk a gyerk\u0151c\u00f6k kedv\u00fckre tombolhatnak, nem kopog \u00e1t a szomsz\u00e9d n\u00e9ni!\u00a0 Nem Neked kell takar\u00edtanod a buli el\u0151tt \u00e9s ut\u00e1na sem. &nbsp; \u00a0A sz\u00fclinapi ALAPCSOMAG [&hellip;]<\/p>\n","protected":false},"author":7,"featured_media":0,"parent":0,"menu_order":0,"comment_status":"closed","ping_status":"closed","template":"","meta":{"_seopress_robots_primary_cat":"","_seopress_titles_title":"","_seopress_titles_desc":"","_seopress_robots_index":"","_et_pb_use_builder":"on","_et_pb_old_content":"","_et_gb_content_width":"","footnotes":""},"class_list":["post-215601","page","type-page","status-publish","hentry"],"_links":{"self":[{"href":"https:\/\/www.szulokhaza.hu\/kamaraerdo\/wp-json\/wp\/v2\/pages\/215601","targetHints":{"allow":["GET"]}}],"collection":[{"href":"https:\/\/www.szulokhaza.hu\/kamaraerdo\/wp-json\/wp\/v2\/pages"}],"about":[{"href":"https:\/\/www.szulokhaza.hu\/kamaraerdo\/wp-json\/wp\/v2\/types\/page"}],"author":[{"embeddable":true,"href":"https:\/\/www.szulokhaza.hu\/kamaraerdo\/wp-json\/wp\/v2\/users\/7"}],"replies":[{"embeddable":true,"href":"https:\/\/www.szulokhaza.hu\/kamaraerdo\/wp-json\/wp\/v2\/comments?post=215601"}],"version-history":[{"count":6,"href":"https:\/\/www.szulokhaza.hu\/kamaraerdo\/wp-json\/wp\/v2\/pages\/215601\/revisions"}],"predecessor-version":[{"id":228265,"href":"https:\/\/www.szulokhaza.hu\/kamaraerdo\/wp-json\/wp\/v2\/pages\/215601\/revisions\/228265"}],"wp:attachment":[{"href":"https:\/\/www.szulokhaza.hu\/kamaraerdo\/wp-json\/wp\/v2\/media?parent=215601"}],"curies":[{"name":"wp","href":"https:\/\/api.w.org\/{rel}","templated":true}]}}