{"id":215608,"date":"2022-06-13T18:58:30","date_gmt":"2022-06-13T16:58:30","guid":{"rendered":"https:\/\/www.szulokhaza.hu\/kamaraerdo\/?page_id=215608"},"modified":"2024-04-18T12:11:03","modified_gmt":"2024-04-18T10:11:03","slug":"tabor","status":"publish","type":"page","link":"https:\/\/www.szulokhaza.hu\/kamaraerdo\/tabor\/","title":{"rendered":"T\u00e1bor"},"content":{"rendered":"<p>[et_pb_section fb_built=&#8221;1&#8243; _builder_version=&#8221;4.17.4&#8243; _module_preset=&#8221;default&#8221; global_colors_info=&#8221;{}&#8221;][et_pb_row _builder_version=&#8221;4.17.4&#8243; _module_preset=&#8221;default&#8221; global_colors_info=&#8221;{}&#8221;][et_pb_column type=&#8221;4_4&#8243; _builder_version=&#8221;4.17.4&#8243; _module_preset=&#8221;default&#8221; global_colors_info=&#8221;{}&#8221;][et_pb_image src=&#8221;https:\/\/www.szulokhaza.hu\/kamaraerdo\/wp-content\/uploads\/2024\/04\/szulokhazatabor2024-1.jpg&#8221; title_text=&#8221;nyaritabor2022&#8243; _builder_version=&#8221;4.24.3&#8243; _module_preset=&#8221;bbdd73c1-11b3-4afb-bd8a-1d3af42b3fd4&#8243; hover_enabled=&#8221;0&#8243; global_colors_info=&#8221;{}&#8221; sticky_enabled=&#8221;0&#8243;][\/et_pb_image][\/et_pb_column][\/et_pb_row][et_pb_row _builder_version=&#8221;4.17.4&#8243; _module_preset=&#8221;default&#8221; global_colors_info=&#8221;{}&#8221;][et_pb_column type=&#8221;4_4&#8243; _builder_version=&#8221;4.17.4&#8243; _module_preset=&#8221;default&#8221; global_colors_info=&#8221;{}&#8221;][et_pb_text _builder_version=&#8221;4.24.3&#8243; _module_preset=&#8221;default&#8221; header_4_font=&#8221;|||on|||||&#8221; header_4_font_size=&#8221;20px&#8221; header_4_letter_spacing=&#8221;6px&#8221; hover_enabled=&#8221;0&#8243; global_colors_info=&#8221;{}&#8221; sticky_enabled=&#8221;0&#8243;]<\/p>\n<p>A Sz\u00fcl\u0151k H\u00e1za ahogy 17 \u00e9ve, id\u00e9n is megszervezi tematikus ny\u00e1ri napk\u00f6zis t\u00e1bor\u00e1t 5-14 \u00e9ves gyerekek sz\u00e1m\u00e1ra.<\/p>\n<p>A t\u00e1bor helysz\u00edne:\u00a0 Kamaraerdei Ifj\u00fas\u00e1gi Park, 1112 Budapest, Kamaraerdei \u00fat 12.<br \/>T\u00e1vol a v\u00e1ros zaj\u00e1t\u00f3l, m\u00e9gis j\u00f3l megk\u00f6zel\u00edthet\u0151 helyeken v\u00e1rjuk a kikapcsol\u00f3dni, term\u00e9szetbe v\u00e1gy\u00f3 gyerekeket!<\/p>\n<h4><\/h4>\n<p><strong>Turnusok \u00e9s t\u00e9m\u00e1k<br \/><\/strong><\/p>\n<ol>\n<li>J\u00fanius 24-28. \u2013 Erdei \u00e9lm\u00e9nyek: Net helyett itt a helyed<\/li>\n<li>J\u00falius 1-5. \u2013 Dallamok sz\u00e1rny\u00e1n: \u00c9rezd a ritmust!<\/li>\n<li>J\u00falius 8-12. -T\u00e1ncol\u00f3 talpak: Ropjuk egy\u00fctt!<\/li>\n<li>J\u00falius 15-19. \u2013 Sz\u00ednh\u00e1z az eg\u00e9sz vil\u00e1g: Minden, ami sz\u00ednh\u00e1z<\/li>\n<li>J\u00falius 22-26. \u2013 Kis tud\u00f3sok hete: A k\u00eds\u00e9rletek t\u00e1rh\u00e1za v\u00e9gtelen<\/li>\n<li>J\u00falius 29-augusztus 2. \u2013 Meset\u00e1bor: A magyar n\u00e9pmes\u00e9kt\u0151l Walt Disney vil\u00e1g\u00e1ig<\/li>\n<li>Augusztus 5 \u2013 9. Sport t\u00e1bor \u2013 Ny\u00e1ri Olimpiai j\u00e1t\u00e9kok<\/li>\n<\/ol>\n<ol start=\"7\"><\/ol>\n<p>\u00a0A t\u00e1bor d\u00edja: 72.000 Ft \/ turnus (5 munkanap)<\/p>\n<p><span>T\u00c1BOROZZ VILL\u00c1M\u00c1RON, a kedvezm\u00e9ny visszavon\u00e1sig \u00e9rv\u00e9nyes: 62.000 Ft \/ turnus<\/span><\/p>\n<p>T\u00e1borainkban ig\u00e9ny szerint<span>\u00a0<\/span><em>speci\u00e1lis \u00e9tkez\u00e9si ig\u00e9ny\u0171 gyerekek ell\u00e1t\u00e1s\u00e1t is biztos\u00edtani tudjuk<\/em>. Err\u0151l minden esetben orvosi igazol\u00e1st k\u00e9r\u00fcnk!<br \/>Ennek d\u00edja a t\u00e1bor d\u00edj\u00e1n fel\u00fcl: 2500 Ft\/turnus<\/p>\n<p><strong>Testv\u00e9rkedvezm\u00e9ny:<span>\u00a0<\/span><\/strong><span>10% minden tov\u00e1bbi f\u0151re (65.000 Ft \/ turnus),\u00a0<\/span><strong>T\u00e1borozz vill\u00e1m\u00e1ron kedvezm\u00e9nnyel (visszavon\u00e1sig): 56.000 Ft \/ turnus<\/strong><\/p>\n<p><strong>A d\u00edj a k\u00f6vetkez\u0151ket tartalmazza:<\/strong><br \/>\u2013 kreat\u00edv gyermekfel\u00fcgyeletet 08.00-t\u00f3l 16.00 \u00f3r\u00e1ig, p\u00e9nteken 13.30 \u00f3r\u00e1ig<br \/>\u2013 napi 3 \u00e9tkez\u00e9s (reggeli, eb\u00e9d, uzsonna) d\u00edj\u00e1t<br \/>\u2013 a kreat\u00edv foglalkoz\u00e1sok, el\u0151ad\u00f3k, m\u0171v\u00e9szek d\u00edj\u00e1t<br \/>\u2013 k\u00e9zm\u0171ves foglalkoz\u00e1sok, dr\u00e1ma \u00e9s tematikus foglalkoz\u00e1sok d\u00edj\u00e1t<br \/>\u2013 foglalkoz\u00e1sok anyagk\u00f6lts\u00e9g\u00e9t<br \/>\u2013 strandol\u00e1s<\/p>\n<p><strong>K\u00e9rj\u00fck, hogy gyermeke r\u00e9szv\u00e9teli sz\u00e1nd\u00e9k\u00e1t az al\u00e1bbi regisztr\u00e1ci\u00f3s lap kit\u00f6lt\u00e9s\u00e9vel \u00e9s elk\u00fcld\u00e9s\u00e9vel jelezze!<\/strong><\/p>\n<p>SZ\u00dcL\u0150I NYILATKOZAT<\/p>\n<p>A REGISZTR\u00c1CI\u00d3S LAP kit\u00f6lt\u00e9s\u00e9vel regisztr\u00e1lom gyermeke(i)m r\u00e9szv\u00e9tel\u00e9t a Sz\u00fcl\u0151k H\u00e1za ny\u00e1ri t\u00e1borban. Hozz\u00e1j\u00e1rulok, ahhoz, hogy a Sz\u00fcl\u0151k H\u00e1za a regisztr\u00e1ci\u00f3s lapon megadott adatokat kezelje, t\u00e1rolja, az \u00e1ltalam itt megadott el\u00e9rhet\u0151s\u00e9geken emailben \u00e9s telefonon megkeressen.<br \/>Tudom\u00e1sul veszem, hogy gyermekem r\u00e9szv\u00e9tele a t\u00e1bori d\u00edj befizet\u00e9s\u00e9vel v\u00e1lik biztos\u00edtott\u00e1 a t\u00e1borban, jelen regisztr\u00e1ci\u00f3 nem jelent egyben jelentkez\u00e9st is.<\/p>\n<p>Tov\u00e1bbi inform\u00e1ci\u00f3: szulokhaza@szulokhaza.hu<\/p>\n<p>Sz\u00fcl\u0151k H\u00e1za Csal\u00e1d<\/p>\n<p>[\/et_pb_text][\/et_pb_column][\/et_pb_row][et_pb_row column_structure=&#8221;1_4,1_4,1_4,1_4&#8243; _builder_version=&#8221;4.17.4&#8243; _module_preset=&#8221;default&#8221; global_colors_info=&#8221;{}&#8221;][et_pb_column type=&#8221;1_4&#8243; _builder_version=&#8221;4.17.4&#8243; _module_preset=&#8221;default&#8221; global_colors_info=&#8221;{}&#8221;][et_pb_image src=&#8221;https:\/\/www.szulokhaza.hu\/kamaraerdo\/wp-content\/uploads\/2022\/06\/66159705_205647220350729_5958910494885543936_n-1-e1653995452482.jpg&#8221; title_text=&#8221;66159705_205647220350729_5958910494885543936_n-1&#8243; _builder_version=&#8221;4.17.4&#8243; _module_preset=&#8221;bbdd73c1-11b3-4afb-bd8a-1d3af42b3fd4&#8243; global_colors_info=&#8221;{}&#8221;][\/et_pb_image][\/et_pb_column][et_pb_column type=&#8221;1_4&#8243; _builder_version=&#8221;4.17.4&#8243; _module_preset=&#8221;default&#8221; global_colors_info=&#8221;{}&#8221;][et_pb_image src=&#8221;https:\/\/www.szulokhaza.hu\/kamaraerdo\/wp-content\/uploads\/2022\/06\/65966225_1170247383147087_3441397031875117056_n-e1653995484496.jpg&#8221; title_text=&#8221;65966225_1170247383147087_3441397031875117056_n&#8221; _builder_version=&#8221;4.17.4&#8243; _module_preset=&#8221;bbdd73c1-11b3-4afb-bd8a-1d3af42b3fd4&#8243; global_colors_info=&#8221;{}&#8221;][\/et_pb_image][\/et_pb_column][et_pb_column type=&#8221;1_4&#8243; _builder_version=&#8221;4.17.4&#8243; _module_preset=&#8221;default&#8221; global_colors_info=&#8221;{}&#8221;][et_pb_image src=&#8221;https:\/\/www.szulokhaza.hu\/kamaraerdo\/wp-content\/uploads\/2022\/06\/66471848_2315725158676602_6917608548960567296_n-1-e1653995532555.jpg&#8221; title_text=&#8221;66471848_2315725158676602_6917608548960567296_n-1&#8243; _builder_version=&#8221;4.17.4&#8243; _module_preset=&#8221;bbdd73c1-11b3-4afb-bd8a-1d3af42b3fd4&#8243; global_colors_info=&#8221;{}&#8221;][\/et_pb_image][\/et_pb_column][et_pb_column type=&#8221;1_4&#8243; _builder_version=&#8221;4.17.4&#8243; _module_preset=&#8221;default&#8221; global_colors_info=&#8221;{}&#8221;][et_pb_image src=&#8221;https:\/\/www.szulokhaza.hu\/kamaraerdo\/wp-content\/uploads\/2022\/06\/20190708_100857-1-e1653995357664.jpg&#8221; title_text=&#8221;20190708_100857-1-e1591425058912&#8243; _builder_version=&#8221;4.17.4&#8243; _module_preset=&#8221;bbdd73c1-11b3-4afb-bd8a-1d3af42b3fd4&#8243; global_colors_info=&#8221;{}&#8221;][\/et_pb_image][\/et_pb_column][\/et_pb_row][et_pb_row _builder_version=&#8221;4.17.4&#8243; _module_preset=&#8221;default&#8221; global_colors_info=&#8221;{}&#8221;][et_pb_column type=&#8221;4_4&#8243; _builder_version=&#8221;4.17.4&#8243; _module_preset=&#8221;default&#8221; global_colors_info=&#8221;{}&#8221;][et_pb_button button_url=&#8221;https:\/\/forms.gle\/NfbWjS8upANPfRFz9&#8243; button_text=&#8221;Regisztr\u00e1ci\u00f3&#8221; button_alignment=&#8221;center&#8221; _builder_version=&#8221;4.17.4&#8243; _module_preset=&#8221;default&#8221; custom_button=&#8221;on&#8221; button_text_color=&#8221;#FFFFFF&#8221; button_bg_color=&#8221;#ff2037&#8243; button_border_color=&#8221;#ff2037&#8243; button_letter_spacing=&#8221;1px&#8221; button_icon=&#8221;&#x49;||divi||400&#8243; button_icon_color=&#8221;#FFFFFF&#8221; global_colors_info=&#8221;{}&#8221;][\/et_pb_button][\/et_pb_column][\/et_pb_row][\/et_pb_section]<\/p>\n","protected":false},"excerpt":{"rendered":"<p>A Sz\u00fcl\u0151k H\u00e1za ahogy 17 \u00e9ve, id\u00e9n is megszervezi tematikus ny\u00e1ri napk\u00f6zis t\u00e1bor\u00e1t 5-14 \u00e9ves gyerekek sz\u00e1m\u00e1ra. A t\u00e1bor helysz\u00edne:\u00a0 Kamaraerdei Ifj\u00fas\u00e1gi Park, 1112 Budapest, Kamaraerdei \u00fat 12.T\u00e1vol a v\u00e1ros zaj\u00e1t\u00f3l, m\u00e9gis j\u00f3l megk\u00f6zel\u00edthet\u0151 helyeken v\u00e1rjuk a kikapcsol\u00f3dni, term\u00e9szetbe v\u00e1gy\u00f3 gyerekeket! Turnusok \u00e9s t\u00e9m\u00e1k J\u00fanius 24-28. \u2013 Erdei \u00e9lm\u00e9nyek: Net helyett itt a helyed J\u00falius [&hellip;]<\/p>\n","protected":false},"author":7,"featured_media":228309,"parent":0,"menu_order":0,"comment_status":"closed","ping_status":"closed","template":"","meta":{"_seopress_robots_primary_cat":"","_seopress_titles_title":"","_seopress_titles_desc":"","_seopress_robots_index":"","_et_pb_use_builder":"on","_et_pb_old_content":"","_et_gb_content_width":"","footnotes":""},"class_list":["post-215608","page","type-page","status-publish","has-post-thumbnail","hentry"],"_links":{"self":[{"href":"https:\/\/www.szulokhaza.hu\/kamaraerdo\/wp-json\/wp\/v2\/pages\/215608","targetHints":{"allow":["GET"]}}],"collection":[{"href":"https:\/\/www.szulokhaza.hu\/kamaraerdo\/wp-json\/wp\/v2\/pages"}],"about":[{"href":"https:\/\/www.szulokhaza.hu\/kamaraerdo\/wp-json\/wp\/v2\/types\/page"}],"author":[{"embeddable":true,"href":"https:\/\/www.szulokhaza.hu\/kamaraerdo\/wp-json\/wp\/v2\/users\/7"}],"replies":[{"embeddable":true,"href":"https:\/\/www.szulokhaza.hu\/kamaraerdo\/wp-json\/wp\/v2\/comments?post=215608"}],"version-history":[{"count":10,"href":"https:\/\/www.szulokhaza.hu\/kamaraerdo\/wp-json\/wp\/v2\/pages\/215608\/revisions"}],"predecessor-version":[{"id":228317,"href":"https:\/\/www.szulokhaza.hu\/kamaraerdo\/wp-json\/wp\/v2\/pages\/215608\/revisions\/228317"}],"wp:featuredmedia":[{"embeddable":true,"href":"https:\/\/www.szulokhaza.hu\/kamaraerdo\/wp-json\/wp\/v2\/media\/228309"}],"wp:attachment":[{"href":"https:\/\/www.szulokhaza.hu\/kamaraerdo\/wp-json\/wp\/v2\/media?parent=215608"}],"curies":[{"name":"wp","href":"https:\/\/api.w.org\/{rel}","templated":true}]}}