{"id":215692,"date":"2022-06-24T14:40:30","date_gmt":"2022-06-24T12:40:30","guid":{"rendered":"https:\/\/www.szulokhaza.hu\/kamaraerdo\/?page_id=215692"},"modified":"2024-05-08T11:08:50","modified_gmt":"2024-05-08T09:08:50","slug":"elismeresek","status":"publish","type":"page","link":"https:\/\/www.szulokhaza.hu\/kamaraerdo\/elismeresek\/","title":{"rendered":"Elismer\u00e9sek"},"content":{"rendered":"<p>[et_pb_section fb_built=&#8221;1&#8243; _builder_version=&#8221;4.17.4&#8243; _module_preset=&#8221;default&#8221; global_colors_info=&#8221;{}&#8221;][et_pb_row _builder_version=&#8221;4.17.4&#8243; _module_preset=&#8221;default&#8221; global_colors_info=&#8221;{}&#8221;][et_pb_column type=&#8221;4_4&#8243; _builder_version=&#8221;4.17.4&#8243; _module_preset=&#8221;default&#8221; global_colors_info=&#8221;{}&#8221;][et_pb_text _builder_version=&#8221;4.17.4&#8243; _module_preset=&#8221;default&#8221; header_text_color=&#8221;#f69e0f&#8221; global_colors_info=&#8221;{}&#8221;]<\/p>\n<h1 style=\"text-align: center;\"><strong>Sz\u00fcl\u0151k H\u00e1za Csal\u00e1d Elismer\u00e9sek<\/strong><\/h1>\n<p style=\"text-align: center;\"><strong><\/strong><\/p>\n<p style=\"text-align: center;\">A Sz\u00fcl\u0151k H\u00e1za Csal\u00e1d, illetve a Program alap\u00edt\u00f3ja Reg\u0151s Judit sz\u00e1mos elismer\u00e9st kapott, t\u00f6bbek k\u00f6z\u00f6tt:<\/p>\n<p>[\/et_pb_text][\/et_pb_column][\/et_pb_row][et_pb_row column_structure=&#8221;2_5,3_5&#8243; _builder_version=&#8221;4.17.4&#8243; _module_preset=&#8221;default&#8221; global_colors_info=&#8221;{}&#8221;][et_pb_column type=&#8221;2_5&#8243; _builder_version=&#8221;4.17.4&#8243; _module_preset=&#8221;default&#8221; global_colors_info=&#8221;{}&#8221;][et_pb_image src=&#8221;https:\/\/www.szulokhaza.hu\/kamaraerdo\/wp-content\/uploads\/2024\/05\/kulondij2023.jpg&#8221; title_text=&#8221;kulondij2023&#8243; align=&#8221;center&#8221; _builder_version=&#8221;4.25.0&#8243; _module_preset=&#8221;default&#8221; width=&#8221;81%&#8221; max_width=&#8221;81%&#8221; hover_enabled=&#8221;0&#8243; global_colors_info=&#8221;{}&#8221; sticky_enabled=&#8221;0&#8243;][\/et_pb_image][\/et_pb_column][et_pb_column type=&#8221;3_5&#8243; _builder_version=&#8221;4.17.4&#8243; _module_preset=&#8221;default&#8221; global_colors_info=&#8221;{}&#8221;][et_pb_text _builder_version=&#8221;4.25.0&#8243; _module_preset=&#8221;default&#8221; custom_padding=&#8221;21px|||||&#8221; hover_enabled=&#8221;0&#8243; global_colors_info=&#8221;{}&#8221; sticky_enabled=&#8221;0&#8243;]<\/p>\n<p><strong>2023 T\u00e1rsadalmi Innov\u00e1ci\u00f3s D\u00edj K\u00fcl\u00f6nd\u00edj<\/strong><\/p>\n<p>A Sz\u00fcl\u0151k H\u00e1za K\u00f6zhaszn\u00fa Alap\u00edtv\u00e1ny kapta a Kultur\u00e1lis \u00e9s Innov\u00e1ci\u00f3s Miniszt\u00e9rium \u00e1ltal id\u00e9n els\u0151 alkalommal oda\u00edt\u00e9lt, Cs\u00e1k J\u00e1nos Miniszter \u00dar \u00e1ltal adom\u00e1nyozott T\u00e1rsadalmi Innov\u00e1ci\u00f3s D\u00edj K\u00fcl\u00f6nd\u00edj\u00e1t. Az Alap\u00edtv\u00e1ny \u201ea kultur\u00e1lis \u00e9s ment\u00e1lhigi\u00e9n\u00e9s csal\u00e1dt\u00e1mogat\u00e1si program fel\u00e9p\u00edt\u00e9s\u00e9re ir\u00e1nyul\u00f3 innovat\u00edv \u00f6tlet kifejleszt\u00e9se \u00e9s megval\u00f3s\u00edt\u00e1sa elismer\u00e9sek\u00e9nt\u201d kapta a T\u00e1rsadalmi Innov\u00e1ci\u00f3s D\u00edj k\u00fcl\u00f6nd\u00edj\u00e1t. A Sz\u00fcl\u0151k H\u00e1z\u00e1nak a v\u00e1rand\u00f3ss\u00e1g idej\u00e9t\u0151l a gyermekek feln\u0151tt\u00e9 v\u00e1l\u00e1s\u00e1ig minden \u00e9letszakaszra van \u00e1tadhat\u00f3 programeleme. Az eg\u00e9sz csal\u00e1dot komplexen, egys\u00e9gk\u00e9nt seg\u00edtik, csal\u00e1di b\u00f6lcs\u0151d\u00e9kkel, fejleszt\u00e9ssel, k\u00e9pz\u00e9ssel, ment\u00e1lis \u00e9s lelki t\u00e1mogat\u00e1ssal, emellett a h\u00e1tr\u00e1nyos helyzet\u0171 csal\u00e1dok, fiatalok t\u00e1mogat\u00e1s\u00e1ra is van megold\u00e1s.<\/p>\n<p>\u200b<\/p>\n<p>[\/et_pb_text][\/et_pb_column][\/et_pb_row][et_pb_row column_structure=&#8221;2_5,3_5&#8243; _builder_version=&#8221;4.17.4&#8243; _module_preset=&#8221;default&#8221; global_colors_info=&#8221;{}&#8221;][et_pb_column type=&#8221;2_5&#8243; _builder_version=&#8221;4.17.4&#8243; _module_preset=&#8221;default&#8221; global_colors_info=&#8221;{}&#8221;][et_pb_image src=&#8221;https:\/\/www.szulokhaza.hu\/kamaraerdo\/wp-content\/uploads\/2022\/06\/SZULOK-HAZA-BEST-PRACTICE-3.png&#8221; title_text=&#8221;SZ\u00dcL\u0150K H\u00c1ZA BEST PRACTICE (3)&#8221; align=&#8221;center&#8221; _builder_version=&#8221;4.25.0&#8243; _module_preset=&#8221;default&#8221; width=&#8221;81%&#8221; max_width=&#8221;81%&#8221; hover_enabled=&#8221;0&#8243; global_colors_info=&#8221;{}&#8221; sticky_enabled=&#8221;0&#8243;][\/et_pb_image][\/et_pb_column][et_pb_column type=&#8221;3_5&#8243; _builder_version=&#8221;4.17.4&#8243; _module_preset=&#8221;default&#8221; global_colors_info=&#8221;{}&#8221;][et_pb_text _builder_version=&#8221;4.17.4&#8243; _module_preset=&#8221;default&#8221; custom_padding=&#8221;21px|||||&#8221; global_colors_info=&#8221;{}&#8221;]<\/p>\n<p><strong>2022 ENSZ konzultat\u00edv st\u00e1tusz<\/strong><\/p>\n<p>Sz\u00fcl\u0151k H\u00e1za K\u00f6zhaszn\u00fa Alap\u00edtv\u00e1ny felv\u00e9telt nyert civil szervezetk\u00e9nt az ENSZ ECOSOC- ba, amelynek 193 orsz\u00e1g a tagja. A bizotts\u00e1gi tags\u00e1g felhatalmaz\u00e1st ad arra, hogy az adott szervezet r\u00e9szt vegyen az ENSZ n\u00e9pj\u00f3l\u00e9ti strat\u00e9gi\u00e1j\u00e1nak kialak\u00edt\u00e1s\u00e1ban, k\u00fcl\u00f6n\u00f6sen a n\u0151k, gyermekek \u00e9s csal\u00e1dok v\u00e9delm\u00e9nek tekintet\u00e9ben. Az alap\u00edtv\u00e1nynak lehet\u0151s\u00e9ge van \u00f6n\u00e1ll\u00f3 beadv\u00e1nyokat kezdem\u00e9nyezni az ENSZ szervezet\u00e9ben, valamint r\u00e9szt vehet az ENSZ \u00fcl\u00e9sein, \u00e9s \u00f6n\u00e1ll\u00f3 esem\u00e9nyeket is szervezhet. Tov\u00e1bb\u00e1 lehet\u0151s\u00e9g ny\u00edlik nemzetk\u00f6zi projektekben k\u00e9pviseltetnie mag\u00e1t, ezzel is hozz\u00e1j\u00e1rulva a hazai j\u00f3gyakorlatok terjeszt\u00e9s\u00e9hez.<\/p>\n<p>[\/et_pb_text][\/et_pb_column][\/et_pb_row][et_pb_row column_structure=&#8221;2_5,3_5&#8243; _builder_version=&#8221;4.17.4&#8243; _module_preset=&#8221;default&#8221; global_colors_info=&#8221;{}&#8221;][et_pb_column type=&#8221;2_5&#8243; _builder_version=&#8221;4.17.4&#8243; _module_preset=&#8221;default&#8221; global_colors_info=&#8221;{}&#8221;][et_pb_image src=&#8221;https:\/\/www.szulokhaza.hu\/kamaraerdo\/wp-content\/uploads\/2022\/06\/Pro-Familiis-dij.png&#8221; title_text=&#8221;Pro Familiis d\u00edj&#8221; align=&#8221;center&#8221; _builder_version=&#8221;4.17.4&#8243; _module_preset=&#8221;default&#8221; width=&#8221;81%&#8221; max_width=&#8221;81%&#8221; global_colors_info=&#8221;{}&#8221;][\/et_pb_image][\/et_pb_column][et_pb_column type=&#8221;3_5&#8243; _builder_version=&#8221;4.17.4&#8243; _module_preset=&#8221;default&#8221; global_colors_info=&#8221;{}&#8221;][et_pb_text _builder_version=&#8221;4.17.4&#8243; _module_preset=&#8221;default&#8221; custom_margin=&#8221;26px|||||&#8221; global_colors_info=&#8221;{}&#8221;]<\/p>\n<p><strong>2018 Pro Familiis d\u00edj <\/strong>\u2013 a csal\u00e1dok\u00e9rt v\u00e9gzett szakmai munk\u00e1\u00e9rt<\/p>\n<p>Reg\u0151s Judit, a Sz\u00fcl\u0151k H\u00e1za Alap\u00edtv\u00e1ny eln\u00f6k asszonya 2018-ban \u00e1tvehette az elm\u00falt \u00e9vek sor\u00e1n v\u00e9gzett kiemelked\u0151 szakmai tev\u00e9kenys\u00e9g\u00e9t elismer\u0151 Pro Familiis d\u00edjat<\/p>\n<p>[\/et_pb_text][\/et_pb_column][\/et_pb_row][et_pb_row column_structure=&#8221;2_5,3_5&#8243; _builder_version=&#8221;4.17.4&#8243; _module_preset=&#8221;default&#8221; global_colors_info=&#8221;{}&#8221;][et_pb_column type=&#8221;2_5&#8243; _builder_version=&#8221;4.17.4&#8243; _module_preset=&#8221;default&#8221; global_colors_info=&#8221;{}&#8221;][et_pb_image src=&#8221;https:\/\/www.szulokhaza.hu\/kamaraerdo\/wp-content\/uploads\/2022\/06\/csaladbarat-hely_n.jpg&#8221; title_text=&#8221;Csal\u00e1dbar\u00e1t Hely&#8221; align=&#8221;center&#8221; _builder_version=&#8221;4.17.4&#8243; _module_preset=&#8221;default&#8221; global_colors_info=&#8221;{}&#8221;][\/et_pb_image][\/et_pb_column][et_pb_column type=&#8221;3_5&#8243; _builder_version=&#8221;4.17.4&#8243; _module_preset=&#8221;default&#8221; global_colors_info=&#8221;{}&#8221;][et_pb_text _builder_version=&#8221;4.17.4&#8243; _module_preset=&#8221;default&#8221; global_colors_info=&#8221;{}&#8221;]<\/p>\n<p><strong>2016 \u00e9s 2022 Csal\u00e1dbar\u00e1t Munkahely d\u00edj <\/strong><\/p>\n<p>A Csal\u00e1dbar\u00e1t V\u00e9djegy jogosultjai sok mindenre kiterjed\u0151 audit folyamaton kereszt\u00fcl lettek \u00e9rdemesek a V\u00e9djegy haszn\u00e1lat\u00e1ra.<\/p>\n<p>Alap\u00edtv\u00e1nyunk term\u00e9szetesen nem is m\u0171k\u00f6dhetne m\u00e1sk\u00e9pp, hiszen \u00a0kedvezm\u00e9nyezettjeink a csal\u00e1dok \u00e9s azok a gyerekek, akik nem n\u0151hetnek fel csal\u00e1dban, ugyanebben a szellemben foglalkoztatjuk munkav\u00e1llal\u00f3inkat, mert sz\u00e1munkra t\u00e9nyleg els\u0151 a csal\u00e1d. Ezt most m\u00e1r V\u00e9djegy is bizony\u00edtja. K\u00f6sz\u00f6nj\u00fck<\/p>\n<p>[\/et_pb_text][\/et_pb_column][\/et_pb_row][et_pb_row column_structure=&#8221;2_5,3_5&#8243; _builder_version=&#8221;4.17.4&#8243; _module_preset=&#8221;default&#8221; global_colors_info=&#8221;{}&#8221;][et_pb_column type=&#8221;2_5&#8243; _builder_version=&#8221;4.17.4&#8243; _module_preset=&#8221;default&#8221; global_colors_info=&#8221;{}&#8221;][et_pb_image src=&#8221;https:\/\/www.szulokhaza.hu\/kamaraerdo\/wp-content\/uploads\/2022\/06\/SZULOK-HAZA-BEST-PRACTICE-e1656073890654.png&#8221; title_text=&#8221;SZ\u00dcL\u0150K H\u00c1ZA BEST PRACTICE&#8221; align=&#8221;center&#8221; _builder_version=&#8221;4.17.4&#8243; _module_preset=&#8221;default&#8221; width=&#8221;81%&#8221; max_width=&#8221;81%&#8221; global_colors_info=&#8221;{}&#8221;][\/et_pb_image][\/et_pb_column][et_pb_column type=&#8221;3_5&#8243; _builder_version=&#8221;4.17.4&#8243; _module_preset=&#8221;default&#8221; global_colors_info=&#8221;{}&#8221;][et_pb_text _builder_version=&#8221;4.17.4&#8243; _module_preset=&#8221;default&#8221; custom_padding=&#8221;22px|||||&#8221; global_colors_info=&#8221;{}&#8221;]<\/p>\n<p><strong>2012 Eurofound Best Practice min\u0151s\u00edt\u00e9s<\/strong>\u00a0<\/p>\n<p>A Sz\u00fcl\u0151k H\u00e1za egy nemzetk\u00f6zileg is elismert sz\u00fcl\u0151t\u00e1mogat\u00f3 m\u00f3dszertan, amelyet az Eur\u00f3pai Uni\u00f3 Eurofound Alap\u00edtv\u00e1nya Best Practice elismer\u00e9ssel d\u00edjazott.<\/p>\n<p>[\/et_pb_text][\/et_pb_column][\/et_pb_row][et_pb_row column_structure=&#8221;2_5,3_5&#8243; _builder_version=&#8221;4.17.4&#8243; _module_preset=&#8221;default&#8221; global_colors_info=&#8221;{}&#8221;][et_pb_column type=&#8221;2_5&#8243; _builder_version=&#8221;4.17.4&#8243; _module_preset=&#8221;default&#8221; global_colors_info=&#8221;{}&#8221;][et_pb_image src=&#8221;https:\/\/www.szulokhaza.hu\/kamaraerdo\/wp-content\/uploads\/2022\/06\/vodafoneangyalregos-judit.jpg&#8221; title_text=&#8221;vodafoneangyalregos-judit&#8221; align=&#8221;center&#8221; _builder_version=&#8221;4.17.4&#8243; _module_preset=&#8221;default&#8221; global_colors_info=&#8221;{}&#8221;][\/et_pb_image][\/et_pb_column][et_pb_column type=&#8221;3_5&#8243; _builder_version=&#8221;4.17.4&#8243; _module_preset=&#8221;default&#8221; global_colors_info=&#8221;{}&#8221;][et_pb_text _builder_version=&#8221;4.17.4&#8243; _module_preset=&#8221;default&#8221; custom_padding=&#8221;32px|||||&#8221; global_colors_info=&#8221;{}&#8221;]<\/p>\n<p><strong>2009 \u201eF\u0151\u00e1ll\u00e1s\u00fa angyal\u201d, T\u00f6bbet \u00c9rsz Program gy\u0151ztese<\/strong><\/p>\n<p>Reg\u0151s Judit 2009-ben a Vodafone Magyarorsz\u00e1g \u201eT\u00f6bbet \u00e9rsz\u201d programj\u00e1nak gy\u0151ztesek\u00e9nt, \u201eLegyen neked is j\u00e1tsz\u00f3h\u00e1zad!\u201d programj\u00e1val elnyerte a F\u0151\u00e1ll\u00e1s\u00fa Angyal c\u00edmet.<\/p>\n<p>[\/et_pb_text][\/et_pb_column][\/et_pb_row][et_pb_row column_structure=&#8221;2_5,3_5&#8243; _builder_version=&#8221;4.17.4&#8243; _module_preset=&#8221;default&#8221; global_colors_info=&#8221;{}&#8221;][et_pb_column type=&#8221;2_5&#8243; _builder_version=&#8221;4.17.4&#8243; _module_preset=&#8221;default&#8221; global_colors_info=&#8221;{}&#8221;][et_pb_image src=&#8221;https:\/\/www.szulokhaza.hu\/kamaraerdo\/wp-content\/uploads\/2022\/06\/Csaladbarat-mediaert-dij.jpg&#8221; title_text=&#8221;Csal\u00e1dbar\u00e1t m\u00e9di\u00e1\u00e9rt d\u00edj&#8221; align=&#8221;center&#8221; _builder_version=&#8221;4.17.4&#8243; _module_preset=&#8221;default&#8221; width=&#8221;81%&#8221; max_width=&#8221;81%&#8221; global_colors_info=&#8221;{}&#8221;][\/et_pb_image][\/et_pb_column][et_pb_column type=&#8221;3_5&#8243; _builder_version=&#8221;4.17.4&#8243; _module_preset=&#8221;default&#8221; global_colors_info=&#8221;{}&#8221;][et_pb_text _builder_version=&#8221;4.17.4&#8243; _module_preset=&#8221;default&#8221; custom_padding=&#8221;14px|||||&#8221; global_colors_info=&#8221;{}&#8221;]<\/p>\n<p><strong>2008 \u201eCsal\u00e1dbar\u00e1t m\u00e9di\u00e1\u00e9rt\u201d d\u00edj<\/strong><\/p>\n<p>A Csal\u00e1dbar\u00e1t M\u00e9di\u00e1\u00e9rt d\u00edjat 2008-ban programvezet\u0151nk, Reg\u0151s Judit nyerte el &#8222;Konfliktusok a sz\u00fcl\u0151k k\u00f6z\u00f6tt&#8221; c\u00edm\u0171 \u00edr\u00e1s\u00e1\u00e9rt.<\/p>\n<p>[\/et_pb_text][\/et_pb_column][\/et_pb_row][\/et_pb_section]<\/p>\n","protected":false},"excerpt":{"rendered":"<p>Sz\u00fcl\u0151k H\u00e1za Csal\u00e1d Elismer\u00e9sek A Sz\u00fcl\u0151k H\u00e1za Csal\u00e1d, illetve a Program alap\u00edt\u00f3ja Reg\u0151s Judit sz\u00e1mos elismer\u00e9st kapott, t\u00f6bbek k\u00f6z\u00f6tt:2023 T\u00e1rsadalmi Innov\u00e1ci\u00f3s D\u00edj K\u00fcl\u00f6nd\u00edj A Sz\u00fcl\u0151k H\u00e1za K\u00f6zhaszn\u00fa Alap\u00edtv\u00e1ny kapta a Kultur\u00e1lis \u00e9s Innov\u00e1ci\u00f3s Miniszt\u00e9rium \u00e1ltal id\u00e9n els\u0151 alkalommal oda\u00edt\u00e9lt, Cs\u00e1k J\u00e1nos Miniszter \u00dar \u00e1ltal adom\u00e1nyozott T\u00e1rsadalmi Innov\u00e1ci\u00f3s D\u00edj K\u00fcl\u00f6nd\u00edj\u00e1t. Az Alap\u00edtv\u00e1ny \u201ea kultur\u00e1lis \u00e9s ment\u00e1lhigi\u00e9n\u00e9s [&hellip;]<\/p>\n","protected":false},"author":8,"featured_media":0,"parent":0,"menu_order":0,"comment_status":"closed","ping_status":"closed","template":"","meta":{"_seopress_robots_primary_cat":"","_seopress_titles_title":"","_seopress_titles_desc":"","_seopress_robots_index":"","_et_pb_use_builder":"on","_et_pb_old_content":"","_et_gb_content_width":"","footnotes":""},"class_list":["post-215692","page","type-page","status-publish","hentry"],"_links":{"self":[{"href":"https:\/\/www.szulokhaza.hu\/kamaraerdo\/wp-json\/wp\/v2\/pages\/215692","targetHints":{"allow":["GET"]}}],"collection":[{"href":"https:\/\/www.szulokhaza.hu\/kamaraerdo\/wp-json\/wp\/v2\/pages"}],"about":[{"href":"https:\/\/www.szulokhaza.hu\/kamaraerdo\/wp-json\/wp\/v2\/types\/page"}],"author":[{"embeddable":true,"href":"https:\/\/www.szulokhaza.hu\/kamaraerdo\/wp-json\/wp\/v2\/users\/8"}],"replies":[{"embeddable":true,"href":"https:\/\/www.szulokhaza.hu\/kamaraerdo\/wp-json\/wp\/v2\/comments?post=215692"}],"version-history":[{"count":6,"href":"https:\/\/www.szulokhaza.hu\/kamaraerdo\/wp-json\/wp\/v2\/pages\/215692\/revisions"}],"predecessor-version":[{"id":228331,"href":"https:\/\/www.szulokhaza.hu\/kamaraerdo\/wp-json\/wp\/v2\/pages\/215692\/revisions\/228331"}],"wp:attachment":[{"href":"https:\/\/www.szulokhaza.hu\/kamaraerdo\/wp-json\/wp\/v2\/media?parent=215692"}],"curies":[{"name":"wp","href":"https:\/\/api.w.org\/{rel}","templated":true}]}}