{"id":215922,"date":"2022-08-26T10:31:07","date_gmt":"2022-08-26T08:31:07","guid":{"rendered":"https:\/\/www.szulokhaza.hu\/kamaraerdo\/?page_id=215922"},"modified":"2023-03-30T13:07:39","modified_gmt":"2023-03-30T11:07:39","slug":"215922-2","status":"publish","type":"page","link":"https:\/\/www.szulokhaza.hu\/kamaraerdo\/215922-2\/","title":{"rendered":"TSMT"},"content":{"rendered":"<p>[et_pb_section fb_built=&#8221;1&#8243; _builder_version=&#8221;4.18.0&#8243; _module_preset=&#8221;default&#8221; global_colors_info=&#8221;{}&#8221;][et_pb_row _builder_version=&#8221;4.18.0&#8243; _module_preset=&#8221;default&#8221; global_colors_info=&#8221;{}&#8221;][et_pb_column type=&#8221;4_4&#8243; _builder_version=&#8221;4.18.0&#8243; _module_preset=&#8221;default&#8221; global_colors_info=&#8221;{}&#8221;][et_pb_text _builder_version=&#8221;4.20.2&#8243; _module_preset=&#8221;default&#8221; text_line_height=&#8221;2em&#8221; hover_enabled=&#8221;0&#8243; global_colors_info=&#8221;{}&#8221; sticky_enabled=&#8221;0&#8243;]<\/p>\n<p style=\"text-align: justify;\"><span><strong>A Tervezett Szenzomotoros Tr\u00e9ning (TSMT)<\/strong> 3 h\u00f3napos kort\u00f3l eg\u00e9szen 11 \u00e9ves korig alkalmazhat\u00f3 \u00e9s olyan mozg\u00e1sos gyakorlatokat \u00e9p\u00edtenek be egy\u00e9nre szabottan a feladatsorokba, melyek elv\u00e9gz\u00e9s\u00e9vel val\u00f3s hat\u00e9kony fejl\u0151d\u00e9s v\u00e1rhat\u00f3. TSMT c\u00e9lja az \u00e9r\u00e9si folyamatok beind\u00edt\u00e1sa, az el\u00e9rt legmagasabb fejletts\u00e9gi szint megszil\u00e1rd\u00edt\u00e1sa, a zavar\u00f3 t\u00fcnetek cs\u00f6kkent\u00e9s\u00e9vel egy\u00fctt, valamint az egy\u00fcttm\u0171k\u00f6d\u00e9s kialak\u00edt\u00e1sa. Ami tulajdonk\u00e9ppen egy olyan, hogy az \u00e1llapot el\u00e9r\u00e9se a fejleszt\u00e9s sor\u00e1n, melynek k\u00f6sz\u00f6nhet\u0151en a gyermek b\u00e1rmely \u00e9lethelyzetben k\u00e9pes lesz alkalmazkodni \u00e9s a k\u00e9pess\u00e9geinek megfelel\u0151 megold\u00e1st ny\u00fajtani. <\/span><\/p>\n<p><span>Amikor azt tapasztaljuk, hogy :<\/span><\/p>\n<ul>\n<li><span>gyermek\u00fcnk nem tud egyhelyben hosszabb ideig nyugton meg\u00fclni<\/span><\/li>\n<li><span style=\"font-size: 16px;\">nem t\u00fal besz\u00e9des, figyelme k\u00f6nnyen elterel\u0151dik<\/span><\/li>\n<li><span>a k\u00e9z\u00fcgyess\u00e9geket ig\u00e9nyl\u0151 tev\u00e9kenys\u00e9gekben \u00fcgyetlen<\/span><\/li>\n<li><span>mozg\u00e1skoordin\u00e1ci\u00f3ja \u00f6sszerendezetlen<\/span><\/li>\n<li><span>kort\u00e1rsaival nem k\u00e9pes egy\u00fctt j\u00e1tszani, jellemz\u0151en verekszik vel\u00fck<\/span><\/li>\n<li><span>nem sz\u00edvesen megy j\u00e1tsz\u00f3t\u00e9rre<\/span><\/li>\n<li><span>k\u00fcl\u00f6nb\u00f6z\u0151 feladathelyzeteket hamar felad olyankor indokolt egy TSMT mozg\u00e1s terapeut\u00e1t felkeresni<\/span><\/li>\n<\/ul>\n<p>[\/et_pb_text][\/et_pb_column][\/et_pb_row][\/et_pb_section]<\/p>\n","protected":false},"excerpt":{"rendered":"<p>A Tervezett Szenzomotoros Tr\u00e9ning (TSMT) 3 h\u00f3napos kort\u00f3l eg\u00e9szen 11 \u00e9ves korig alkalmazhat\u00f3 \u00e9s olyan mozg\u00e1sos gyakorlatokat \u00e9p\u00edtenek be egy\u00e9nre szabottan a feladatsorokba, melyek elv\u00e9gz\u00e9s\u00e9vel val\u00f3s hat\u00e9kony fejl\u0151d\u00e9s v\u00e1rhat\u00f3. TSMT c\u00e9lja az \u00e9r\u00e9si folyamatok beind\u00edt\u00e1sa, az el\u00e9rt legmagasabb fejletts\u00e9gi szint megszil\u00e1rd\u00edt\u00e1sa, a zavar\u00f3 t\u00fcnetek cs\u00f6kkent\u00e9s\u00e9vel egy\u00fctt, valamint az egy\u00fcttm\u0171k\u00f6d\u00e9s kialak\u00edt\u00e1sa. Ami tulajdonk\u00e9ppen egy olyan, hogy [&hellip;]<\/p>\n","protected":false},"author":8,"featured_media":0,"parent":0,"menu_order":0,"comment_status":"closed","ping_status":"closed","template":"","meta":{"_seopress_robots_primary_cat":"","_seopress_titles_title":"TSMT","_seopress_titles_desc":"\r\n","_seopress_robots_index":"","_et_pb_use_builder":"on","_et_pb_old_content":"","_et_gb_content_width":"","footnotes":""},"class_list":["post-215922","page","type-page","status-publish","hentry"],"_links":{"self":[{"href":"https:\/\/www.szulokhaza.hu\/kamaraerdo\/wp-json\/wp\/v2\/pages\/215922","targetHints":{"allow":["GET"]}}],"collection":[{"href":"https:\/\/www.szulokhaza.hu\/kamaraerdo\/wp-json\/wp\/v2\/pages"}],"about":[{"href":"https:\/\/www.szulokhaza.hu\/kamaraerdo\/wp-json\/wp\/v2\/types\/page"}],"author":[{"embeddable":true,"href":"https:\/\/www.szulokhaza.hu\/kamaraerdo\/wp-json\/wp\/v2\/users\/8"}],"replies":[{"embeddable":true,"href":"https:\/\/www.szulokhaza.hu\/kamaraerdo\/wp-json\/wp\/v2\/comments?post=215922"}],"version-history":[{"count":7,"href":"https:\/\/www.szulokhaza.hu\/kamaraerdo\/wp-json\/wp\/v2\/pages\/215922\/revisions"}],"predecessor-version":[{"id":216285,"href":"https:\/\/www.szulokhaza.hu\/kamaraerdo\/wp-json\/wp\/v2\/pages\/215922\/revisions\/216285"}],"wp:attachment":[{"href":"https:\/\/www.szulokhaza.hu\/kamaraerdo\/wp-json\/wp\/v2\/media?parent=215922"}],"curies":[{"name":"wp","href":"https:\/\/api.w.org\/{rel}","templated":true}]}}