{"id":215931,"date":"2022-08-26T10:40:44","date_gmt":"2022-08-26T08:40:44","guid":{"rendered":"https:\/\/www.szulokhaza.hu\/kamaraerdo\/?page_id=215931"},"modified":"2023-03-30T13:05:56","modified_gmt":"2023-03-30T11:05:56","slug":"alapozo-terapia","status":"publish","type":"page","link":"https:\/\/www.szulokhaza.hu\/kamaraerdo\/alapozo-terapia\/","title":{"rendered":"Alapoz\u00f3 Ter\u00e1pia"},"content":{"rendered":"<p>[et_pb_section fb_built=&#8221;1&#8243; _builder_version=&#8221;4.18.0&#8243; _module_preset=&#8221;default&#8221; global_colors_info=&#8221;{}&#8221;][et_pb_row _builder_version=&#8221;4.18.0&#8243; _module_preset=&#8221;default&#8221; global_colors_info=&#8221;{}&#8221;][et_pb_column type=&#8221;4_4&#8243; _builder_version=&#8221;4.18.0&#8243; _module_preset=&#8221;default&#8221; global_colors_info=&#8221;{}&#8221;][et_pb_text _builder_version=&#8221;4.20.2&#8243; _module_preset=&#8221;default&#8221; text_line_height=&#8221;2em&#8221; hover_enabled=&#8221;0&#8243; global_colors_info=&#8221;{}&#8221; sticky_enabled=&#8221;0&#8243;]<\/p>\n<p style=\"text-align: justify;\"><span><strong>Az Alapoz\u00f3 Ter\u00e1pia<\/strong> komplex mozg\u00e1sfejleszt\u00e9sen alapul\u00f3 idegrendszer fejleszt\u00e9s (un. motoszenzoros ter\u00e1pia) 5 \u00e9ves kort\u00f3l aj\u00e1nlott. <\/span><\/p>\n<p style=\"text-align: justify;\"><span>K\u00fcl\u00f6n\u00f6sen azoknak a gyerekeknek ny\u00fajt seg\u00edts\u00e9get, akikn\u00e9l az al\u00e1bbiakban felsorolt probl\u00e9m\u00e1k valamelyike fenn\u00e1ll: <\/span><\/p>\n<p style=\"text-align: justify;\"><span>megk\u00e9sett \u00e9s\/vagy hib\u00e1s besz\u00e9dfejl\u0151d\u00e9s, fejl\u0151d\u00e9sben, \u00e9r\u00e9sben elmarad\u00e1s, <\/span><\/p>\n<ul>\n<li><span>iskola\u00e9retlens\u00e9g \u00f3vod\u00e1sok, mozg\u00e1sfejl\u0151d\u00e9sben \u00e9szlelt elt\u00e9r\u00e9s vagy elmarad\u00e1s (nagymozg\u00e1sok \u00e9s finommozg\u00e1sok \u00fcgyetlens\u00e9ge), <\/span><\/li>\n<li><span>dominancia megv\u00e1laszt\u00e1s\u00e1nak k\u00e9s\u00e9se, <\/span><\/li>\n<li><span>diszlexia gyan\u00faja, diszlexia, valamint alaki diszgr\u00e1fia, figyelemzavar, <\/span><\/li>\n<li><span>magatart\u00e1szavar, ADHD (figyelemhi\u00e1nyos hiperaktivit\u00e1s-zavar)<\/span><span><\/span><\/li>\n<\/ul>\n<p><span>A ter\u00e1pia tov\u00e1bbi seg\u00edts\u00e9g\u00fcl szolg\u00e1lhat a besz\u00e9dhangok be\u00e9p\u00fcl\u00e9s\u00e9n\u00e9l, a besz\u00e9dfejl\u0151d\u00e9sben, beind\u00edtja a rajzfejl\u0151d\u00e9st, jav\u00edtja a mozg\u00e1skoordin\u00e1ci\u00f3t, fejleszti a szem-k\u00e9z koordin\u00e1ci\u00f3t, ritmus\u00e9rz\u00e9ket, rugalmass\u00e1got, egyens\u00falyt, finommotorik\u00e1t, seg\u00edti \u00e9s er\u0151s\u00edti a dominancia v\u00e1laszt\u00e1st, fejleszti a t\u00e9r- \u00e9s id\u0151beli t\u00e1j\u00e9koz\u00f3d\u00e1st, a tests\u00e9ma alakul\u00e1s\u00e1t \u00e9s a kognit\u00edv funkci\u00f3kat (\u00fagy, mint a figyelmet, \u00e9rz\u00e9kel\u00e9st)<\/span><\/p>\n<p>[\/et_pb_text][\/et_pb_column][\/et_pb_row][\/et_pb_section]<\/p>\n","protected":false},"excerpt":{"rendered":"<p>Az Alapoz\u00f3 Ter\u00e1pia komplex mozg\u00e1sfejleszt\u00e9sen alapul\u00f3 idegrendszer fejleszt\u00e9s (un. motoszenzoros ter\u00e1pia) 5 \u00e9ves kort\u00f3l aj\u00e1nlott. K\u00fcl\u00f6n\u00f6sen azoknak a gyerekeknek ny\u00fajt seg\u00edts\u00e9get, akikn\u00e9l az al\u00e1bbiakban felsorolt probl\u00e9m\u00e1k valamelyike fenn\u00e1ll: megk\u00e9sett \u00e9s\/vagy hib\u00e1s besz\u00e9dfejl\u0151d\u00e9s, fejl\u0151d\u00e9sben, \u00e9r\u00e9sben elmarad\u00e1s, iskola\u00e9retlens\u00e9g \u00f3vod\u00e1sok, mozg\u00e1sfejl\u0151d\u00e9sben \u00e9szlelt elt\u00e9r\u00e9s vagy elmarad\u00e1s (nagymozg\u00e1sok \u00e9s finommozg\u00e1sok \u00fcgyetlens\u00e9ge), dominancia megv\u00e1laszt\u00e1s\u00e1nak k\u00e9s\u00e9se, diszlexia gyan\u00faja, diszlexia, valamint alaki diszgr\u00e1fia, [&hellip;]<\/p>\n","protected":false},"author":8,"featured_media":0,"parent":0,"menu_order":0,"comment_status":"closed","ping_status":"closed","template":"","meta":{"_seopress_robots_primary_cat":"","_seopress_titles_title":"Alapoz\u00f3 Ter\u00e1pia","_seopress_titles_desc":"","_seopress_robots_index":"","_et_pb_use_builder":"on","_et_pb_old_content":"","_et_gb_content_width":"","footnotes":""},"class_list":["post-215931","page","type-page","status-publish","hentry"],"_links":{"self":[{"href":"https:\/\/www.szulokhaza.hu\/kamaraerdo\/wp-json\/wp\/v2\/pages\/215931","targetHints":{"allow":["GET"]}}],"collection":[{"href":"https:\/\/www.szulokhaza.hu\/kamaraerdo\/wp-json\/wp\/v2\/pages"}],"about":[{"href":"https:\/\/www.szulokhaza.hu\/kamaraerdo\/wp-json\/wp\/v2\/types\/page"}],"author":[{"embeddable":true,"href":"https:\/\/www.szulokhaza.hu\/kamaraerdo\/wp-json\/wp\/v2\/users\/8"}],"replies":[{"embeddable":true,"href":"https:\/\/www.szulokhaza.hu\/kamaraerdo\/wp-json\/wp\/v2\/comments?post=215931"}],"version-history":[{"count":6,"href":"https:\/\/www.szulokhaza.hu\/kamaraerdo\/wp-json\/wp\/v2\/pages\/215931\/revisions"}],"predecessor-version":[{"id":216284,"href":"https:\/\/www.szulokhaza.hu\/kamaraerdo\/wp-json\/wp\/v2\/pages\/215931\/revisions\/216284"}],"wp:attachment":[{"href":"https:\/\/www.szulokhaza.hu\/kamaraerdo\/wp-json\/wp\/v2\/media?parent=215931"}],"curies":[{"name":"wp","href":"https:\/\/api.w.org\/{rel}","templated":true}]}}