{"id":216161,"date":"2023-02-02T22:32:52","date_gmt":"2023-02-02T21:32:52","guid":{"rendered":"https:\/\/www.szulokhaza.hu\/kamaraerdo\/?page_id=216161"},"modified":"2023-03-14T15:22:31","modified_gmt":"2023-03-14T14:22:31","slug":"gyere-haza-hozzank","status":"publish","type":"page","link":"https:\/\/www.szulokhaza.hu\/kamaraerdo\/","title":{"rendered":"Gyere haza hozz\u00e1nk"},"content":{"rendered":"<p>[et_pb_section fb_built=&#8221;1&#8243; _builder_version=&#8221;4.19.5&#8243; _module_preset=&#8221;default&#8221; module_alignment=&#8221;center&#8221; custom_margin=&#8221;||-86px||false|false&#8221; global_colors_info=&#8221;{}&#8221;][et_pb_row use_custom_gutter=&#8221;on&#8221; _builder_version=&#8221;4.19.5&#8243; _module_preset=&#8221;default&#8221; width=&#8221;100%&#8221; module_alignment=&#8221;center&#8221; global_colors_info=&#8221;{}&#8221;][et_pb_column type=&#8221;4_4&#8243; _builder_version=&#8221;4.19.5&#8243; _module_preset=&#8221;default&#8221; global_colors_info=&#8221;{}&#8221;][et_pb_slider _builder_version=&#8221;4.19.5&#8243; _module_preset=&#8221;default&#8221; header_font=&#8221;Courgette||||||||&#8221; header_text_color=&#8221;#FC9010&#8243; body_font=&#8221;Courgette||||||||&#8221; body_font_size=&#8221;30px&#8221; min_height=&#8221;465.3px&#8221; custom_margin=&#8221;-54px|||||&#8221; custom_padding=&#8221;202px|||||&#8221; global_colors_info=&#8221;{}&#8221;][et_pb_slide heading=&#8221;Gyere haza hozz\u00e1nk!&#8221; _builder_version=&#8221;4.19.5&#8243; _module_preset=&#8221;default&#8221; header_level=&#8221;h1&#8243; header_font=&#8221;Courgette||||||||&#8221; header_text_align=&#8221;right&#8221; header_text_color=&#8221;#FC9010&#8243; header_font_size=&#8221;50px&#8221; body_text_color=&#8221;#FC9010&#8243; body_font_size=&#8221;30px&#8221; background_image=&#8221;https:\/\/www.szulokhaza.hu\/kamaraerdo\/wp-content\/uploads\/2015\/09\/Kamara-foto.png&#8221; background_enable_image=&#8221;on&#8221; global_colors_info=&#8221;{}&#8221; sticky_transition=&#8221;on&#8221;][\/et_pb_slide][\/et_pb_slider][\/et_pb_column][\/et_pb_row][\/et_pb_section][et_pb_section fb_built=&#8221;1&#8243; _builder_version=&#8221;4.19.5&#8243; _module_preset=&#8221;default&#8221; min_height=&#8221;199.3px&#8221; custom_margin=&#8221;||-71px|||&#8221; custom_padding=&#8221;0px|||||&#8221; global_colors_info=&#8221;{}&#8221;][et_pb_row _builder_version=&#8221;4.19.5&#8243; _module_preset=&#8221;default&#8221; width=&#8221;98.7%&#8221; custom_margin=&#8221;-1px|auto||auto||&#8221; custom_padding=&#8221;7px|||0px||&#8221; global_colors_info=&#8221;{}&#8221;][et_pb_column type=&#8221;4_4&#8243; _builder_version=&#8221;4.19.5&#8243; _module_preset=&#8221;default&#8221; overflow-x=&#8221;visible&#8221; global_colors_info=&#8221;{}&#8221;][et_pb_text _builder_version=&#8221;4.19.5&#8243; _module_preset=&#8221;default&#8221; background_color=&#8221;#2EFF9A&#8221; min_height=&#8221;51.8px&#8221; overflow-x=&#8221;visible&#8221; custom_margin=&#8221;-17px|-218px||-156px||&#8221; custom_padding=&#8221;0px||23px|0px||&#8221; global_colors_info=&#8221;{}&#8221;]<\/p>\n<p style=\"text-align: center;\"><span style=\"color: #ffffff;\"><\/span><\/p>\n<p style=\"text-align: center;\"><span style=\"color: #ffffff; font-size: x-large;\">Csal\u00e1dk\u00f6zpont\u00fa gondoskod\u00e1s, gy\u00f6ny\u00f6r\u0171 term\u00e9szetk\u00f6zeli k\u00f6rnyezetben Kamaraerd\u0151 sz\u00edv\u00e9ben<\/span><\/p>\n<p>[\/et_pb_text][\/et_pb_column][\/et_pb_row][et_pb_row column_structure=&#8221;1_3,1_3,1_3&#8243; _builder_version=&#8221;4.19.5&#8243; _module_preset=&#8221;default&#8221; global_colors_info=&#8221;{}&#8221;][et_pb_column type=&#8221;1_3&#8243; _builder_version=&#8221;4.19.5&#8243; _module_preset=&#8221;default&#8221; global_colors_info=&#8221;{}&#8221;][et_pb_image src=&#8221;https:\/\/www.szulokhaza.hu\/kamaraerdo\/wp-content\/uploads\/2023\/02\/Bolcsode-csalad-kozosseg-Kelen.png&#8221; title_text=&#8221;B\u00f6lcs\u0151de, csal\u00e1d, k\u00f6z\u00f6ss\u00e9g Kelen&#8221; _builder_version=&#8221;4.19.5&#8243; _module_preset=&#8221;default&#8221; global_colors_info=&#8221;{}&#8221;][\/et_pb_image][et_pb_text _builder_version=&#8221;4.19.5&#8243; _module_preset=&#8221;default&#8221; global_colors_info=&#8221;{}&#8221;]<\/p>\n<p style=\"text-align: center;\"><strong><span style=\"color: #99cc00;\">B\u00d6LCS\u0150DE<\/span>, CSAL\u00c1D, K\u00d6Z\u00d6SS\u00c9G<br \/><\/strong>Rendszeres k\u00f6z\u00f6ss\u00e9g\u00e9p\u00edt\u0151 programok az eg\u00e9sz csal\u00e1d r\u00e9sz\u00e9re, sz\u00fcl\u0151t\u00e1mogat\u00f3 el\u0151ad\u00e1sok ahol a csal\u00e1db\u00f3l k\u00f6z\u00f6ss\u00e9get \u00e9\u00edt\u00fcnk. Sz\u00fcl\u0151t\u00e1mogat\u00f3 el\u0151ad\u00e1sok workshopok<\/p>\n<p>[\/et_pb_text][\/et_pb_column][et_pb_column type=&#8221;1_3&#8243; _builder_version=&#8221;4.19.5&#8243; _module_preset=&#8221;default&#8221; global_colors_info=&#8221;{}&#8221;][et_pb_image src=&#8221;https:\/\/www.szulokhaza.hu\/kamaraerdo\/wp-content\/uploads\/2023\/02\/kiemelt-figyelem-kelen.png&#8221; title_text=&#8221;kiemelt figyelem kelen&#8221; _builder_version=&#8221;4.19.5&#8243; _module_preset=&#8221;default&#8221; global_colors_info=&#8221;{}&#8221;][\/et_pb_image][et_pb_text _builder_version=&#8221;4.19.5&#8243; _module_preset=&#8221;default&#8221; global_colors_info=&#8221;{}&#8221;]<\/p>\n<p style=\"text-align: center;\"><span style=\"font-size: 16px;\"><strong>KIEMELT FIGYELEM<br \/><\/strong>Kis l\u00e9tsz\u00e1m\u00fa csal\u00e1dias hangulat\u00fa csoportjainkban minden gyermekre kiemelt figyelem \u00e9s szem\u00e9lyis\u00e9gk\u00f6zpont\u00fa nevel\u00e9s jut.<\/span><\/p>\n<p>[\/et_pb_text][\/et_pb_column][et_pb_column type=&#8221;1_3&#8243; _builder_version=&#8221;4.19.5&#8243; _module_preset=&#8221;default&#8221; global_colors_info=&#8221;{}&#8221;][et_pb_image src=&#8221;https:\/\/www.szulokhaza.hu\/kamaraerdo\/wp-content\/uploads\/2023\/02\/Gyermek-foglalkozasok-kelen.png&#8221; title_text=&#8221;Gyermek foglalkoz\u00e1sok kelen&#8221; _builder_version=&#8221;4.20.0&#8243; _module_preset=&#8221;default&#8221; global_colors_info=&#8221;{}&#8221;][\/et_pb_image][et_pb_text _builder_version=&#8221;4.20.2&#8243; _module_preset=&#8221;default&#8221; hover_enabled=&#8221;0&#8243; global_colors_info=&#8221;{}&#8221; link_option_url=&#8221;https:\/\/szulokhaza.hu\/gyerekfoglalkozasok\/&#8221; sticky_enabled=&#8221;0&#8243;]<\/p>\n<p style=\"text-align: center;\"><strong>FOGLALKOZ\u00c1SOK GYERMEKEKNEK<br \/><\/strong>T\u00f6rt\u00e9neti keretbe \u00e1gyazott j\u00e1t\u00e9kos foglalkoz\u00e1sok a Sz\u00fcl\u0151k H\u00e1za m\u00f3dszertana alapj\u00e1n.<br \/><span style=\"color: #33cccc;\">Tudj meg t\u00f6bbet!<\/span><\/p>\n<p>[\/et_pb_text][\/et_pb_column][\/et_pb_row][et_pb_row column_structure=&#8221;1_3,1_3,1_3&#8243; _builder_version=&#8221;4.19.5&#8243; _module_preset=&#8221;default&#8221; global_colors_info=&#8221;{}&#8221;][et_pb_column type=&#8221;1_3&#8243; _builder_version=&#8221;4.19.5&#8243; _module_preset=&#8221;default&#8221; global_colors_info=&#8221;{}&#8221;][et_pb_image src=&#8221;https:\/\/www.szulokhaza.hu\/kamaraerdo\/wp-content\/uploads\/2023\/02\/csaladkozpontu-gondoskodas-kelen.png&#8221; title_text=&#8221;csal\u00e1dk\u00f6zpont\u00fa gondoskod\u00e1s kelen&#8221; _builder_version=&#8221;4.19.5&#8243; _module_preset=&#8221;default&#8221; global_colors_info=&#8221;{}&#8221;][\/et_pb_image][et_pb_text _builder_version=&#8221;4.20.2&#8243; _module_preset=&#8221;default&#8221; hover_enabled=&#8221;0&#8243; global_colors_info=&#8221;{}&#8221; link_option_url=&#8221;https:\/\/www.szulokhaza.hu\/kamaraerdo\/fejleszto-kozpont\/&#8221; sticky_enabled=&#8221;0&#8243;]<\/p>\n<p style=\"text-align: center;\"><strong>MOZG\u00c1STER\u00c1PI\u00c1K<\/strong><br \/>TSMT (egy\u00e9ni \u00e9s csoportos) ter\u00e1pia helyben, ak\u00e1r b\u00f6lcs\u0151dei id\u0151ben, \u00edgy a sz\u00fcl\u0151knek id\u0151t takar\u00edtunk meg.<br \/><span style=\"color: #ff9900;\">Tudj meg t\u00f6bbet!<\/span><br \/><span style=\"color: #ff9900;\"><\/span><\/p>\n<p>[\/et_pb_text][\/et_pb_column][et_pb_column type=&#8221;1_3&#8243; _builder_version=&#8221;4.19.5&#8243; _module_preset=&#8221;default&#8221; global_colors_info=&#8221;{}&#8221;][et_pb_image src=&#8221;https:\/\/www.szulokhaza.hu\/kamaraerdo\/wp-content\/uploads\/2023\/02\/gyonyoru-kornyezet-kelen.png&#8221; title_text=&#8221;gy\u00f6ny\u00f6r\u0171 k\u00f6rnyezet kelen&#8221; _builder_version=&#8221;4.19.5&#8243; _module_preset=&#8221;default&#8221; global_colors_info=&#8221;{}&#8221;][\/et_pb_image][et_pb_text _builder_version=&#8221;4.19.5&#8243; _module_preset=&#8221;default&#8221; global_colors_info=&#8221;{}&#8221;]<\/p>\n<p style=\"text-align: center;\"><strong>GY\u00d6NY\u00d6R\u0170 K\u00d6RNYEZET<\/strong><br \/>Term\u00e9szetk\u00f6zeli csal\u00e1di h\u00e1zas k\u00f6rnyezet, nagy kert, terasz, \u00faj kreativ\u00edt\u00e1st fejleszt\u0151 j\u00e1t\u00e9kok.<br \/><span style=\"color: #99ccff;\">N\u00e9zz k\u00f6r\u00fcl n\u00e1lunk! Gal\u00e9ria<\/span><\/p>\n<p>[\/et_pb_text][\/et_pb_column][et_pb_column type=&#8221;1_3&#8243; _builder_version=&#8221;4.19.5&#8243; _module_preset=&#8221;default&#8221; global_colors_info=&#8221;{}&#8221;][et_pb_image src=&#8221;https:\/\/www.szulokhaza.hu\/kamaraerdo\/wp-content\/uploads\/2023\/02\/pedagogusok-kelen.png&#8221; title_text=&#8221;pedag\u00f3gusok kelen&#8221; _builder_version=&#8221;4.19.5&#8243; _module_preset=&#8221;default&#8221; global_colors_info=&#8221;{}&#8221;][\/et_pb_image][et_pb_text _builder_version=&#8221;4.20.2&#8243; _module_preset=&#8221;default&#8221; hover_enabled=&#8221;0&#8243; global_colors_info=&#8221;{}&#8221; link_option_url=&#8221;https:\/\/www.szulokhaza.hu\/kamaraerdo\/rolunk\/munkatarsak\/&#8221; sticky_enabled=&#8221;0&#8243;]<\/p>\n<p style=\"text-align: center;\"><strong>SZAKK\u00c9PZETT PEDAG\u00d3GUSOK<\/strong><br \/>Kolleg\u00e1ink a szeretetpedag\u00f3gia m\u00f3dszer\u00e9vel terelgetik a gyerekeket; id\u0151t \u00e9s teret engedve a szabad j\u00e1t\u00e9kra.<br \/><span style=\"color: #ff9900;\">Ismerd meg a munkat\u00e1rsainkat!<\/span><\/p>\n<p>[\/et_pb_text][\/et_pb_column][\/et_pb_row][et_pb_row _builder_version=&#8221;4.19.5&#8243; _module_preset=&#8221;default&#8221; global_colors_info=&#8221;{}&#8221;][et_pb_column type=&#8221;4_4&#8243; _builder_version=&#8221;4.19.5&#8243; _module_preset=&#8221;default&#8221; global_colors_info=&#8221;{}&#8221;][et_pb_button button_text=&#8221;Kapcsolatfelv\u00e9tel&#8221; button_alignment=&#8221;center&#8221; _builder_version=&#8221;4.20.2&#8243; _module_preset=&#8221;default&#8221; custom_button=&#8221;on&#8221; button_text_color=&#8221;#FFFFFF&#8221; button_bg_color=&#8221;#A1CE15&#8243; background_layout=&#8221;dark&#8221; hover_enabled=&#8221;0&#8243; global_colors_info=&#8221;{}&#8221; button_url=&#8221;https:\/\/www.szulokhaza.hu\/kamaraerdo\/bolcsodei-jelentkezes\/&#8221; sticky_enabled=&#8221;0&#8243;][\/et_pb_button][\/et_pb_column][\/et_pb_row][et_pb_row column_structure=&#8221;2_5,3_5&#8243; _builder_version=&#8221;4.19.5&#8243; _module_preset=&#8221;default&#8221; background_color=&#8221;rgba(232,234,239,0.44)&#8221; module_alignment=&#8221;center&#8221; min_height=&#8221;100px&#8221; custom_padding=&#8221;3px||31px|||&#8221; global_colors_info=&#8221;{}&#8221;][et_pb_column type=&#8221;2_5&#8243; _builder_version=&#8221;4.19.5&#8243; _module_preset=&#8221;default&#8221; global_colors_info=&#8221;{}&#8221;][et_pb_image src=&#8221;https:\/\/www.szulokhaza.hu\/kamaraerdo\/wp-content\/uploads\/2022\/06\/RegosJudit_SZH_2R6A9140_20190717_web.jpg&#8221; title_text=&#8221;RegosJudit_SZH_2R6A9140_20190717_web&#8221; _builder_version=&#8221;4.19.5&#8243; _module_preset=&#8221;default&#8221; global_colors_info=&#8221;{}&#8221;][\/et_pb_image][\/et_pb_column][et_pb_column type=&#8221;3_5&#8243; _builder_version=&#8221;4.19.5&#8243; _module_preset=&#8221;default&#8221; global_colors_info=&#8221;{}&#8221;][et_pb_text _builder_version=&#8221;4.19.5&#8243; _module_preset=&#8221;default&#8221; header_font=&#8221;Courgette||||||||&#8221; header_text_align=&#8221;center&#8221; header_2_font=&#8221;Courgette||||||||&#8221; header_2_text_color=&#8221;#FC9010&#8243; header_2_font_size=&#8221;55px&#8221; custom_padding=&#8221;45px||51px|||&#8221; global_colors_info=&#8221;{}&#8221;]<\/p>\n<h2 style=\"text-align: center;\">Gyere haza hozz\u00e1nk!<\/h2>\n<p>[\/et_pb_text][et_pb_text _builder_version=&#8221;4.19.5&#8243; _module_preset=&#8221;default&#8221; custom_padding=&#8221;|15px||||&#8221; global_colors_info=&#8221;{}&#8221;]<\/p>\n<p style=\"text-align: center;\">&#8222;A Sz\u00fcl\u0151k H\u00e1za nem csup\u00e1n egy b\u00f6lcs\u0151de h\u00e1l\u00f3zat, hanem egy hely, ahol a sz\u00fcl\u0151ket a gyerekekkel egy\u00fctt fogadjuk \u00e9s egy kidolgozott m\u00f3dszer alapj\u00e1n foglalkozunk vel\u00fck, seg\u00edts\u00e9get ny\u00fajtunk abban, hogyan v\u00e1ljanak m\u00e9g \u00f6sszetart\u00f3bb csal\u00e1dd\u00e1.&#8221;<\/p>\n<p>[\/et_pb_text][et_pb_text _builder_version=&#8221;4.20.2&#8243; _module_preset=&#8221;default&#8221; custom_padding=&#8221;|16px||||&#8221; hover_enabled=&#8221;0&#8243; global_colors_info=&#8221;{}&#8221; link_option_url=&#8221;https:\/\/www.szulokhaza.hu\/kamaraerdo\/rolunk\/mi-a-szulok-haza\/&#8221; sticky_enabled=&#8221;0&#8243;]<\/p>\n<p style=\"text-align: right;\"><strong>REG\u0150S JUDIT<\/strong> &#8211; Sz\u00fcl\u0151k H\u00e1za Csal\u00e1di K\u00f6zpont \u00e9s B\u00f6lcs\u0151de H\u00e1l\u00f3zat alap\u00edt\u00f3ja<br \/><span style=\"color: #ff6600;\">Tudj meg t\u00f6bbet a Sz\u00fcl\u00f6k H\u00e1za B\u00f6lcs\u0151de H\u00e1l\u00f3zatr\u00f3l&#8230;<\/span><\/p>\n<p>[\/et_pb_text][\/et_pb_column][\/et_pb_row][et_pb_row column_structure=&#8221;1_3,1_3,1_3&#8243; _builder_version=&#8221;4.19.5&#8243; _module_preset=&#8221;default&#8221; locked=&#8221;off&#8221; global_colors_info=&#8221;{}&#8221;][et_pb_column type=&#8221;1_3&#8243; _builder_version=&#8221;4.19.5&#8243; _module_preset=&#8221;default&#8221; global_colors_info=&#8221;{}&#8221;][et_pb_image src=&#8221;https:\/\/www.szulokhaza.hu\/kamaraerdo\/wp-content\/uploads\/2023\/01\/283699780_425988449517702_1357150806168101387_n.jpg&#8221; title_text=&#8221;283699780_425988449517702_1357150806168101387_n&#8221; module_class=&#8221;circular&#8221; _builder_version=&#8221;4.20.2&#8243; _module_preset=&#8221;default&#8221; hover_enabled=&#8221;0&#8243; global_colors_info=&#8221;{}&#8221; sticky_enabled=&#8221;0&#8243;][\/et_pb_image][et_pb_text _builder_version=&#8221;4.19.5&#8243; _module_preset=&#8221;default&#8221; global_colors_info=&#8221;{}&#8221;]<\/p>\n<p style=\"text-align: center;\"><strong>TESL\u00c9R JUDIT<\/strong><\/p>\n<p style=\"text-align: center;\">Emma anyuk\u00e1ja<strong><\/strong><\/p>\n<p style=\"text-align: center;\">&#8222;K\u00e9t gyermekem is j\u00e1r a gy\u0151ri Sz\u00fcl\u0151k H\u00e1za b\u00f6lcsibe, az\u00f3ta is mindenkinek \u0151ket aj\u00e1nlom! Nagyon kedvesek, nagyon profik, nagyon rugalmasak, a legjobb kezekben van n\u00e1luk m\u00e9g a legapr\u00f3bb csemete is!&#8221;<\/p>\n<p>[\/et_pb_text][\/et_pb_column][et_pb_column type=&#8221;1_3&#8243; _builder_version=&#8221;4.19.5&#8243; _module_preset=&#8221;default&#8221; global_colors_info=&#8221;{}&#8221;][et_pb_image src=&#8221;https:\/\/www.szulokhaza.hu\/kamaraerdo\/wp-content\/uploads\/2023\/02\/szulo1-kamara.jpg&#8221; title_text=&#8221;sz\u00fcl\u01511 kamara&#8221; module_class=&#8221;circular&#8221; _builder_version=&#8221;4.19.5&#8243; _module_preset=&#8221;default&#8221; global_colors_info=&#8221;{}&#8221;][\/et_pb_image][et_pb_text _builder_version=&#8221;4.19.5&#8243; _module_preset=&#8221;default&#8221; custom_padding=&#8221;0px|||||&#8221; global_colors_info=&#8221;{}&#8221;]<\/p>\n<p style=\"text-align: center;\"><span style=\"font-size: 16px;\"><strong>KIR\u00c1LY SALG\u00d3 BORB\u00c1LA<\/strong><\/span><\/p>\n<p style=\"text-align: center;\"><span style=\"font-size: 16px;\"><br \/>&#8222;Mindk\u00e9t fiam t\u00f6bb mint m\u00e1sf\u00e9l \u00e9ve j\u00e1r alapoz\u00f3 ter\u00e1pi\u00e1ra. A csoportos \u00f3r\u00e1kon a gyerekek a fejleszt\u00e9s mellett megtanulj\u00e1k egym\u00e1s tisztelet\u00e9t \u00e9s elfogad\u00e1s\u00e1t. A fejleszt\u0151 pedag\u00f3gus kedves, profi, szakmailag maxim\u00e1lisan felk\u00e9sz\u00fclt \u00e9s agilis. A sz\u00fcl\u0151knek adott tan\u00e1csai a gyermek \u00f3vodai\/iskolai \u00e9let\u00e9t is nagyban seg\u00edtik.&#8221;<\/span><\/p>\n<p>[\/et_pb_text][\/et_pb_column][et_pb_column type=&#8221;1_3&#8243; _builder_version=&#8221;4.19.5&#8243; _module_preset=&#8221;default&#8221; global_colors_info=&#8221;{}&#8221;][et_pb_image src=&#8221;https:\/\/www.szulokhaza.hu\/kamaraerdo\/wp-content\/uploads\/2023\/01\/282758609_425988516184362_4671319354072733395_n.jpg&#8221; title_text=&#8221;282758609_425988516184362_4671319354072733395_n&#8221; module_class=&#8221;circular&#8221; _builder_version=&#8221;4.20.2&#8243; _module_preset=&#8221;default&#8221; hover_enabled=&#8221;0&#8243; global_colors_info=&#8221;{}&#8221; sticky_enabled=&#8221;0&#8243;][\/et_pb_image][et_pb_text _builder_version=&#8221;4.20.2&#8243; _module_preset=&#8221;default&#8221; hover_enabled=&#8221;0&#8243; global_colors_info=&#8221;{}&#8221; sticky_enabled=&#8221;0&#8243;]<\/p>\n<p style=\"text-align: center;\"><strong>TESL\u00c9R JUDIT<\/strong><\/p>\n<p style=\"text-align: center;\">Emma anyuk\u00e1ja<strong><\/strong><\/p>\n<p style=\"text-align: center;\">&#8222;K\u00e9t gyermekem is j\u00e1r a gy\u0151ri Sz\u00fcl\u0151k H\u00e1za b\u00f6lcsibe, az\u00f3ta is mindenkinek \u0151ket aj\u00e1nlom! Nagyon kedvesek, nagyon profik, nagyon rugalmasak, a legjobb kezekben van n\u00e1luk m\u00e9g a legapr\u00f3bb csemete is!&#8221;<\/p>\n<p>[\/et_pb_text][\/et_pb_column][\/et_pb_row][\/et_pb_section][et_pb_section fb_built=&#8221;1&#8243; fullwidth=&#8221;on&#8221; _builder_version=&#8221;4.19.5&#8243; _module_preset=&#8221;default&#8221; global_colors_info=&#8221;{}&#8221;][\/et_pb_section]<\/p>\n","protected":false},"excerpt":{"rendered":"<p>Csal\u00e1dk\u00f6zpont\u00fa gondoskod\u00e1s, gy\u00f6ny\u00f6r\u0171 term\u00e9szetk\u00f6zeli k\u00f6rnyezetben Kamaraerd\u0151 sz\u00edv\u00e9benB\u00d6LCS\u0150DE, CSAL\u00c1D, K\u00d6Z\u00d6SS\u00c9GRendszeres k\u00f6z\u00f6ss\u00e9g\u00e9p\u00edt\u0151 programok az eg\u00e9sz csal\u00e1d r\u00e9sz\u00e9re, sz\u00fcl\u0151t\u00e1mogat\u00f3 el\u0151ad\u00e1sok ahol a csal\u00e1db\u00f3l k\u00f6z\u00f6ss\u00e9get \u00e9\u00edt\u00fcnk. Sz\u00fcl\u0151t\u00e1mogat\u00f3 el\u0151ad\u00e1sok workshopokKIEMELT FIGYELEMKis l\u00e9tsz\u00e1m\u00fa csal\u00e1dias hangulat\u00fa csoportjainkban minden gyermekre kiemelt figyelem \u00e9s szem\u00e9lyis\u00e9gk\u00f6zpont\u00fa nevel\u00e9s jut.FOGLALKOZ\u00c1SOK GYERMEKEKNEKT\u00f6rt\u00e9neti keretbe \u00e1gyazott j\u00e1t\u00e9kos foglalkoz\u00e1sok a Sz\u00fcl\u0151k H\u00e1za m\u00f3dszertana alapj\u00e1n.Tudj meg t\u00f6bbet!MOZG\u00c1STER\u00c1PI\u00c1KTSMT (egy\u00e9ni \u00e9s csoportos) ter\u00e1pia helyben, [&hellip;]<\/p>\n","protected":false},"author":11,"featured_media":0,"parent":0,"menu_order":0,"comment_status":"closed","ping_status":"closed","template":"","meta":{"_seopress_robots_primary_cat":"","_seopress_titles_title":"","_seopress_titles_desc":"","_seopress_robots_index":"","_et_pb_use_builder":"on","_et_pb_old_content":"","_et_gb_content_width":"","footnotes":""},"class_list":["post-216161","page","type-page","status-publish","hentry"],"_links":{"self":[{"href":"https:\/\/www.szulokhaza.hu\/kamaraerdo\/wp-json\/wp\/v2\/pages\/216161","targetHints":{"allow":["GET"]}}],"collection":[{"href":"https:\/\/www.szulokhaza.hu\/kamaraerdo\/wp-json\/wp\/v2\/pages"}],"about":[{"href":"https:\/\/www.szulokhaza.hu\/kamaraerdo\/wp-json\/wp\/v2\/types\/page"}],"author":[{"embeddable":true,"href":"https:\/\/www.szulokhaza.hu\/kamaraerdo\/wp-json\/wp\/v2\/users\/11"}],"replies":[{"embeddable":true,"href":"https:\/\/www.szulokhaza.hu\/kamaraerdo\/wp-json\/wp\/v2\/comments?post=216161"}],"version-history":[{"count":10,"href":"https:\/\/www.szulokhaza.hu\/kamaraerdo\/wp-json\/wp\/v2\/pages\/216161\/revisions"}],"predecessor-version":[{"id":216274,"href":"https:\/\/www.szulokhaza.hu\/kamaraerdo\/wp-json\/wp\/v2\/pages\/216161\/revisions\/216274"}],"wp:attachment":[{"href":"https:\/\/www.szulokhaza.hu\/kamaraerdo\/wp-json\/wp\/v2\/media?parent=216161"}],"curies":[{"name":"wp","href":"https:\/\/api.w.org\/{rel}","templated":true}]}}