{"id":396,"date":"2012-09-17T15:57:53","date_gmt":"2012-09-17T13:57:53","guid":{"rendered":"https:\/\/www.szulokhaza.hu\/kamaraerdo\/rolunk\/"},"modified":"2022-06-01T12:27:46","modified_gmt":"2022-06-01T10:27:46","slug":"rolunk","status":"publish","type":"page","link":"https:\/\/www.szulokhaza.hu\/kamaraerdo\/rolunk\/","title":{"rendered":"R\u00f3lunk"},"content":{"rendered":"<p>[et_pb_section fb_built=&#8221;1&#8243; admin_label=&#8221;section&#8221; _builder_version=&#8221;4.16&#8243; global_colors_info=&#8221;{}&#8221;][et_pb_row admin_label=&#8221;row&#8221; _builder_version=&#8221;4.16&#8243; background_size=&#8221;initial&#8221; background_position=&#8221;top_left&#8221; background_repeat=&#8221;repeat&#8221; global_colors_info=&#8221;{}&#8221;][et_pb_column type=&#8221;4_4&#8243; _builder_version=&#8221;4.16&#8243; custom_padding=&#8221;|||&#8221; global_colors_info=&#8221;{}&#8221; custom_padding__hover=&#8221;|||&#8221;][et_pb_text admin_label=&#8221;Text&#8221; _builder_version=&#8221;4.17.4&#8243; background_size=&#8221;initial&#8221; background_position=&#8221;top_left&#8221; background_repeat=&#8221;repeat&#8221; global_colors_info=&#8221;{}&#8221;]<\/p>\n<div class=\"body\">\n<p><a href=\"http:\/\/szulokhaza.hu\/bartokkucko\/wp-content\/uploads\/2012\/09\/minibolcsi3.jpg\"><img loading=\"lazy\" decoding=\"async\" src=\"https:\/\/www.szulokhaza.hu\/kamaraerdo\/wp-content\/uploads\/2022\/06\/minibolcsi3-300x199.jpg\" width=\"300\" height=\"199\" alt=\"\" class=\"wp-image-215557 alignnone size-medium\" style=\"float: left;\" \/>\u00a0<\/a><em>&#8222;Gyerekeink most \u00e9lik \u00e1t mindazokat az \u00e9lm\u00e9nyeket, amelyekre mi gyermekkorunkb\u00f3l eml\u00e9kez\u00fcnk, \u00e9s amelyekb\u0151l majd \u0151k t\u00e1pl\u00e1lkoznak, ha \u0151k is feln\u0151ttek lesznek.&#8221;<\/em><br \/><strong><em>Reg\u0151s Judit, a Sz\u00fcl\u0151k H\u00e1za program vezet\u0151je, csal\u00e1di tan\u00e1csad\u00f3<\/em><\/strong><\/p>\n<h2><strong><\/strong><\/h2>\n<h2><strong><\/strong><\/h2>\n<h2><strong><\/strong><\/h2>\n<h2><strong><\/strong><\/h2>\n<h2><strong><\/strong><\/h2>\n<h2><strong><\/strong><\/h2>\n<h2><strong><\/strong><\/h2>\n<h2><strong><\/strong><\/h2>\n<h2><strong><\/strong><\/h2>\n<h2><strong><\/strong><\/h2>\n<h2><strong><\/strong><\/h2>\n<h2><strong><\/strong><\/h2>\n<h2><strong><\/strong><\/h2>\n<h2><strong><\/strong><\/h2>\n<h2><strong>Mi a Sz\u00fcl\u0151k H\u00e1za?<\/strong><\/h2>\n<p><img loading=\"lazy\" decoding=\"async\" src=\"https:\/\/www.szulokhaza.hu\/kamaraerdo\/wp-content\/uploads\/2022\/06\/csaladok-300x199.jpg\" width=\"300\" height=\"199\" alt=\"\" class=\"wp-image-215556 alignnone size-medium\" style=\"float: left;\" \/><\/p>\n<p><strong>A Sz\u00fcl\u0151k H\u00e1za egy kultur\u00e1lis \u00e9s ment\u00e1lhigi\u00e9n\u00e9s program, amely\u00a0<\/strong>abb\u00f3l a c\u00e9lb\u00f3l j\u00f6tt l\u00e9tre, hogy <span style=\"text-align: justify;\">seg\u00edtse a csal\u00e1dd\u00e1 alakul\u00e1s neh\u00e9zs\u00e9geinek lek\u00fczd\u00e9s\u00e9t, seg\u00edtsen az el\u00e9g j\u00f3 sz\u00fcl\u0151v\u00e9 v\u00e1l\u00e1s folyamat\u00e1ban, testi-lelki \u00e9s szellemi \u00e9rtelemben egyar\u00e1nt.\u00a0<\/span>A programot <a href=\"http:\/\/www.regosjudit.hu\/?q=rolam\" target=\"_blank\" rel=\"noopener noreferrer\">Reg\u0151s Judit,<\/a> szoci\u00e1lpolitikus, szoci\u00e1lis munk\u00e1s, akt\u00edv analitikus terapeuta dolgozta ki sok nagy tud\u00e1s\u00fa \u00e9s hiteles szakember akt\u00edv r\u00e9szv\u00e9tel\u00e9vel, seg\u00edts\u00e9g\u00e9vel.<\/p>\n<p><strong>2007. janu\u00e1rj\u00e1ban l\u00e9trehoztunk egy modellk\u00f6zpontot a XI. ker\u00fcletben<\/strong>, az Eleven Centerben, ahol a szeml\u00e9ltetni szeretn\u00e9nk programunk m\u0171k\u00f6d\u00e9s\u00e9t.\u00a0<span style=\"text-align: justify;\">Helysz\u00edn\u00fcl sz\u00e1nd\u00e9kosan v\u00e1lasztottunk egy bev\u00e1s\u00e1rl\u00f3k\u00f6zpontot, az\u00e9rt, hogy k\u00f6zel vigy\u00fck a seg\u00edts\u00e9get a c\u00e9lk\u00f6z\u00f6ns\u00e9ghez<\/span>.\u00a0<span style=\"text-align: justify;\">A k\u00f6zpontban j\u00e1tsz\u00f3h\u00e1z \u00e9s k\u00e9t elk\u00fcl\u00f6n\u00edtett helyis\u00e9gben kieg\u00e9sz\u00edt\u0151 szolg\u00e1ltat\u00e1sok zajlanak.<\/span><\/p>\n<p>Programunkat ismert \u00e9s neves szakemberek is elismerik, mint p\u00e9ld\u00e1ul Dr. Bagdy Em\u0151ke pszichoterapeuta, egyetemi tan\u00e1r, illetve t\u00e1mogat\u00f3nk volt hal\u00e1l\u00e1ig Ranschburg Jen\u0151, gyermekpszichol\u00f3gus, egyetemi tan\u00e1r. Ismert \u00e9s elismert k\u00f6z\u00e9leti szem\u00e9lyis\u00e9gek is csatlakoztak programunkhoz, p\u00e9ld\u00e1ul Polg\u00e1r Judit, sakkoz\u00f3 olimpiai bajnok,\u00a0Temesv\u00e1ri Andrea, teniszez\u0151, Wolf Kati \u00e9nekesn\u0151.<\/p>\n<h2><\/h2>\n<h2>Eredm\u00e9nyeink<\/h2>\n<p><strong>A Sz\u00fcl\u0151k H\u00e1za Program\u00a0m\u00e1ra orsz\u00e1gszerte elismertt\u00e9 v\u00e1lt.<\/strong><br \/>Reg\u0151s Judit 2009-ben a Vodafone \u00e1ltal meghirdetett\u00a0<em>\u201eT\u00f6bbet \u00e9rsz\u201d program gy\u0151ztese\u00a0<\/em>lett,\u00a0<em>Csal\u00e1dbar\u00e1t M\u00e9di\u00e1\u00e9rt<\/em>\u00a0d\u00edjat nyert. Vezet\u0151 m\u00e9diumok csal\u00e1ddal kapcsolatos m\u0171soraink \u00e1lland\u00f3 megh\u00edvottja, (<a href=\"http:\/\/www.youtube.com\/user\/szulokhaza\" target=\"_blank\" rel=\"noopener noreferrer\">l\u00e1sd. m\u00e9diat\u00e1r<\/a>), 2012-re az\u00a0<span style=\"text-align: justify;\">Emberi Er\u0151forr\u00e1sok Miniszt\u00e9riuma \u00e1lland\u00f3 szak\u00e9rt\u0151je lett.<\/span><br \/>A programot m\u00e1ra nagynev\u0171 szakemberek is elismerik \u00e9s t\u00e1mogatj\u00e1k, \u00e9s az Eur\u00f3pa Tan\u00e1cs is mintaprogramj\u00e1v\u00e1 min\u0151s\u00edtette.<\/p>\n<h2>C\u00e9ljaink<\/h2>\n<p>A mai kor egyik nagy probl\u00e9m\u00e1ja a szepar\u00e1l\u00f3d\u00e1s, az any\u00e1k, gyermekek, csal\u00e1dok atomiz\u00e1lt l\u00e9tez\u00e9se. Nagy kih\u00edv\u00e1s a \u201emajd \u00e9n egyed\u00fcl mindent megoldok\u201d szeml\u00e9let zs\u00e1kutc\u00e1inak felismer\u00e9se, \u00e9s az \u00faj t\u00e1vlatok \u2013 a k\u00f6z\u00f6ss\u00e9g erej\u00e9nek \u00e9s az egy\u00fcttm\u0171k\u00f6d\u00e9snek egy, a kor\u00e1bbi korok k\u00f6z\u00f6ss\u00e9gi \u00e9let\u00e9n\u00e9l tal\u00e1n magasabb szinten t\u00f6rt\u00e9n\u0151 meg\u00e9l\u00e9se. M\u00e1r kezdj\u00fck felismerni, hogy az egyenrang\u00fa kapcsolatok, az egy\u00fcttm\u0171k\u00f6d\u00e9s \u00e9s az ezekre alapoz\u00f3 k\u00f6z\u00f6ss\u00e9g megtart, felemel, magasabb \u00e9letmin\u0151s\u00e9get ad.<br \/>K\u00fcldet\u00e9s\u00fcnk, hogy megval\u00f3s\u00edtsunk egy teljes integr\u00e1ci\u00f3t a csal\u00e1dd\u00e1 alakul\u00e1s korai szakasz\u00e1ban l\u00e9v\u0151k k\u00f6r\u00e9ben, \u00e9s ne kiszak\u00edtsuk a gyereket, hanem szolg\u00e1ltat\u00e1sunkkal biztos\u00edtsuk a rugalmas \u00e1tmenetet a csal\u00e1db\u00f3l a k\u00f6z\u00f6ss\u00e9gbe, hogy megismerkedhessenek k\u00fcl\u00f6nb\u00f6z\u0151 t\u00e1rsadalmi r\u00e9tegek is egym\u00e1ssal.<br \/>Programunk \u00fajszer\u0171s\u00e9ge abban rejlik, hogy k\u00fcl\u00f6nb\u00f6z\u0151 pszichol\u00f3giai eszk\u00f6z\u00f6kkel (\u00f6ner\u0151mozg\u00f3s\u00edt\u00e1s, seg\u00edt\u0151 besz\u00e9lget\u00e9sek, szuperv\u00edzi\u00f3) seg\u00edtj\u00fck a sz\u00fcl\u0151ket fejl\u0151dni a sz\u00fcl\u0151v\u00e9 v\u00e1l\u00e1s folyamat\u00e1ban valamint k\u00f6z\u00f6ss\u00e9gg\u00e9 form\u00e1l\u00f3dni a Sz\u00fcl\u0151k H\u00e1za csal\u00e1di k\u00f6zpontjaiban. A foglalkoz\u00e1sok sor\u00e1n spont\u00e1n j\u00e1t\u00e9ktev\u00e9kenys\u00e9g zajlik a sz\u00fcl\u0151kkel egy\u00fctt, k\u00f6z\u00f6ss\u00e9gi seg\u00edt\u0151k bevon\u00e1s\u00e1val, illetve ir\u00e1ny\u00edtott csoportfoglalkoz\u00e1sokat tartunk zene, dr\u00e1ma illetve mozg\u00e1ster\u00e1pi\u00e1s eszk\u00f6z\u00f6k bevon\u00e1s\u00e1val.<\/p>\n<p>A budai modellk\u00f6zpont ut\u00e1n orsz\u00e1gos franchise h\u00e1l\u00f3zatt\u00e1 k\u00edv\u00e1nunk fejl\u0151dni. C\u00e9lunk, hogy az<strong>\u00a0\u00e1ltalunk kidolgozott szakmai m\u00f3dszertan szerint m\u0171k\u00f6d\u0151 alternat\u00edv gyermekell\u00e1t\u00f3 egys\u00e9gek \u00e9s hozz\u00e1juk kapcsol\u00f3d\u00f3, csal\u00e1dseg\u00edt\u0151 szolg\u00e1ltat\u00e1sok j\u00f6jjenek l\u00e9tre az orsz\u00e1g minden szeglet\u00e9ben.<\/strong><\/p>\n<\/div>\n<p>[\/et_pb_text][\/et_pb_column][\/et_pb_row][\/et_pb_section]<\/p>\n","protected":false},"excerpt":{"rendered":"<p>\u00a0&#8222;Gyerekeink most \u00e9lik \u00e1t mindazokat az \u00e9lm\u00e9nyeket, amelyekre mi gyermekkorunkb\u00f3l eml\u00e9kez\u00fcnk, \u00e9s amelyekb\u0151l majd \u0151k t\u00e1pl\u00e1lkoznak, ha \u0151k is feln\u0151ttek lesznek.&#8221;Reg\u0151s Judit, a Sz\u00fcl\u0151k H\u00e1za program vezet\u0151je, csal\u00e1di tan\u00e1csad\u00f3 Mi a Sz\u00fcl\u0151k H\u00e1za? A Sz\u00fcl\u0151k H\u00e1za egy kultur\u00e1lis \u00e9s ment\u00e1lhigi\u00e9n\u00e9s program, amely\u00a0abb\u00f3l a c\u00e9lb\u00f3l j\u00f6tt l\u00e9tre, hogy seg\u00edtse a csal\u00e1dd\u00e1 alakul\u00e1s neh\u00e9zs\u00e9geinek lek\u00fczd\u00e9s\u00e9t, seg\u00edtsen az [&hellip;]<\/p>\n","protected":false},"author":8,"featured_media":0,"parent":0,"menu_order":0,"comment_status":"closed","ping_status":"closed","template":"","meta":{"_seopress_robots_primary_cat":"","_seopress_titles_title":"","_seopress_titles_desc":"","_seopress_robots_index":"","_et_pb_use_builder":"on","_et_pb_old_content":"<div class=\"body\">\n\n<a href=\"http:\/\/szulokhaza.hu\/bartokkucko\/wp-content\/uploads\/2012\/09\/minibolcsi3.jpg\"><img class=\"alignnone size-medium wp-image-2736\" src=\"http:\/\/szulokhaza.hu\/bartokkucko\/wp-content\/uploads\/2012\/09\/minibolcsi3-300x198.jpg\" alt=\"minibolcsi3\" width=\"300\" height=\"198\" \/><\/a>\n\n<em>\"Gyerekeink most \u00e9lik \u00e1t mindazokat az \u00e9lm\u00e9nyeket, amelyekre mi gyermekkorunkb\u00f3l eml\u00e9kez\u00fcnk, \u00e9s amelyekb\u0151l majd \u0151k t\u00e1pl\u00e1lkoznak, ha \u0151k is feln\u0151ttek lesznek.\"<\/em>\n<strong><em>Reg\u0151s Judit, a Sz\u00fcl\u0151k H\u00e1za program vezet\u0151je, csal\u00e1di tan\u00e1csad\u00f3<\/em><\/strong>\n<h2><strong>Mi a Sz\u00fcl\u0151k H\u00e1za?<\/strong><\/h2>\n<img style=\"width: 300px; height: 200px; margin-left: 10px; margin-right: 10px; float: left;\" src=\"http:\/\/szulokhaza.hu\/bartokkucko\/wp-content\/uploads\/csaladok.JPG\" alt=\"csaladok.JPG\" \/>\n\n<strong>A Sz\u00fcl\u0151k H\u00e1za egy kultur\u00e1lis \u00e9s ment\u00e1lhigi\u00e9n\u00e9s program, amely\u00a0<\/strong>abb\u00f3l a c\u00e9lb\u00f3l j\u00f6tt l\u00e9tre, hogy <span style=\"text-align: justify;\">seg\u00edtse a csal\u00e1dd\u00e1 alakul\u00e1s neh\u00e9zs\u00e9geinek lek\u00fczd\u00e9s\u00e9t, seg\u00edtsen az el\u00e9g j\u00f3 sz\u00fcl\u0151v\u00e9 v\u00e1l\u00e1s folyamat\u00e1ban, testi-lelki \u00e9s szellemi \u00e9rtelemben egyar\u00e1nt.\u00a0<\/span>A programot <a href=\"http:\/\/www.regosjudit.hu\/?q=rolam\" target=\"_blank\">Reg\u0151s Judit,<\/a> szoci\u00e1lpolitikus, szoci\u00e1lis munk\u00e1s, akt\u00edv analitikus terapeuta dolgozta ki sok nagy tud\u00e1s\u00fa \u00e9s hiteles szakember akt\u00edv r\u00e9szv\u00e9tel\u00e9vel, seg\u00edts\u00e9g\u00e9vel.\n\n<strong>2007. janu\u00e1rj\u00e1ban l\u00e9trehoztunk egy modellk\u00f6zpontot a XI. ker\u00fcletben<\/strong>, az Eleven Centerben, ahol a szeml\u00e9ltetni szeretn\u00e9nk programunk m\u0171k\u00f6d\u00e9s\u00e9t.\u00a0<span style=\"text-align: justify;\">Helysz\u00edn\u00fcl sz\u00e1nd\u00e9kosan v\u00e1lasztottunk egy bev\u00e1s\u00e1rl\u00f3k\u00f6zpontot, az\u00e9rt, hogy k\u00f6zel vigy\u00fck a seg\u00edts\u00e9get a c\u00e9lk\u00f6z\u00f6ns\u00e9ghez<\/span>.\u00a0<span style=\"text-align: justify;\">A k\u00f6zpontban j\u00e1tsz\u00f3h\u00e1z \u00e9s k\u00e9t elk\u00fcl\u00f6n\u00edtett helyis\u00e9gben kieg\u00e9sz\u00edt\u0151 szolg\u00e1ltat\u00e1sok zajlanak.<\/span>\n\nProgramunkat ismert \u00e9s neves szakemberek is elismerik, mint p\u00e9ld\u00e1ul Dr. Bagdy Em\u0151ke pszichoterapeuta, egyetemi tan\u00e1r, illetve t\u00e1mogat\u00f3nk volt hal\u00e1l\u00e1ig Ranschburg Jen\u0151, gyermekpszichol\u00f3gus, egyetemi tan\u00e1r. Ismert \u00e9s elismert k\u00f6z\u00e9leti szem\u00e9lyis\u00e9gek is csatlakoztak programunkhoz, p\u00e9ld\u00e1ul Polg\u00e1r Judit, sakkoz\u00f3 olimpiai bajnok,\u00a0Temesv\u00e1ri Andrea, teniszez\u0151, Wolf Kati \u00e9nekesn\u0151.\n<h2><\/h2>\n<h2>Eredm\u00e9nyeink<\/h2>\n<strong>A Sz\u00fcl\u0151k H\u00e1za Program\u00a0m\u00e1ra orsz\u00e1gszerte elismertt\u00e9 v\u00e1lt.<\/strong>\nReg\u0151s Judit 2009-ben a Vodafone \u00e1ltal meghirdetett\u00a0<em>\u201eT\u00f6bbet \u00e9rsz\u201d program gy\u0151ztese\u00a0<\/em>lett,\u00a0<em>Csal\u00e1dbar\u00e1t M\u00e9di\u00e1\u00e9rt<\/em>\u00a0d\u00edjat nyert. Vezet\u0151 m\u00e9diumok csal\u00e1ddal kapcsolatos m\u0171soraink \u00e1lland\u00f3 megh\u00edvottja, (<a href=\"http:\/\/www.youtube.com\/user\/szulokhaza\" target=\"_blank\">l\u00e1sd. m\u00e9diat\u00e1r<\/a>), 2012-re az\u00a0<span style=\"text-align: justify;\">Emberi Er\u0151forr\u00e1sok Miniszt\u00e9riuma \u00e1lland\u00f3 szak\u00e9rt\u0151je lett.<\/span>\nA programot m\u00e1ra nagynev\u0171 szakemberek is elismerik \u00e9s t\u00e1mogatj\u00e1k, \u00e9s az Eur\u00f3pa Tan\u00e1cs is mintaprogramj\u00e1v\u00e1 min\u0151s\u00edtette.\n<h2>C\u00e9ljaink<\/h2>\nA mai kor egyik nagy probl\u00e9m\u00e1ja a szepar\u00e1l\u00f3d\u00e1s, az any\u00e1k, gyermekek, csal\u00e1dok atomiz\u00e1lt l\u00e9tez\u00e9se. Nagy kih\u00edv\u00e1s a \u201emajd \u00e9n egyed\u00fcl mindent megoldok\u201d szeml\u00e9let zs\u00e1kutc\u00e1inak felismer\u00e9se, \u00e9s az \u00faj t\u00e1vlatok \u2013 a k\u00f6z\u00f6ss\u00e9g erej\u00e9nek \u00e9s az egy\u00fcttm\u0171k\u00f6d\u00e9snek egy, a kor\u00e1bbi korok k\u00f6z\u00f6ss\u00e9gi \u00e9let\u00e9n\u00e9l tal\u00e1n magasabb szinten t\u00f6rt\u00e9n\u0151 meg\u00e9l\u00e9se. M\u00e1r kezdj\u00fck felismerni, hogy az egyenrang\u00fa kapcsolatok, az egy\u00fcttm\u0171k\u00f6d\u00e9s \u00e9s az ezekre alapoz\u00f3 k\u00f6z\u00f6ss\u00e9g megtart, felemel, magasabb \u00e9letmin\u0151s\u00e9get ad.\nK\u00fcldet\u00e9s\u00fcnk, hogy megval\u00f3s\u00edtsunk egy teljes integr\u00e1ci\u00f3t a csal\u00e1dd\u00e1 alakul\u00e1s korai szakasz\u00e1ban l\u00e9v\u0151k k\u00f6r\u00e9ben, \u00e9s ne kiszak\u00edtsuk a gyereket, hanem szolg\u00e1ltat\u00e1sunkkal biztos\u00edtsuk a rugalmas \u00e1tmenetet a csal\u00e1db\u00f3l a k\u00f6z\u00f6ss\u00e9gbe, hogy megismerkedhessenek k\u00fcl\u00f6nb\u00f6z\u0151 t\u00e1rsadalmi r\u00e9tegek is egym\u00e1ssal.\nProgramunk \u00fajszer\u0171s\u00e9ge abban rejlik, hogy k\u00fcl\u00f6nb\u00f6z\u0151 pszichol\u00f3giai eszk\u00f6z\u00f6kkel (\u00f6ner\u0151mozg\u00f3s\u00edt\u00e1s, seg\u00edt\u0151 besz\u00e9lget\u00e9sek, szuperv\u00edzi\u00f3) seg\u00edtj\u00fck a sz\u00fcl\u0151ket fejl\u0151dni a sz\u00fcl\u0151v\u00e9 v\u00e1l\u00e1s folyamat\u00e1ban valamint k\u00f6z\u00f6ss\u00e9gg\u00e9 form\u00e1l\u00f3dni a Sz\u00fcl\u0151k H\u00e1za csal\u00e1di k\u00f6zpontjaiban. A foglalkoz\u00e1sok sor\u00e1n spont\u00e1n j\u00e1t\u00e9ktev\u00e9kenys\u00e9g zajlik a sz\u00fcl\u0151kkel egy\u00fctt, k\u00f6z\u00f6ss\u00e9gi seg\u00edt\u0151k bevon\u00e1s\u00e1val, illetve ir\u00e1ny\u00edtott csoportfoglalkoz\u00e1sokat tartunk zene, dr\u00e1ma illetve mozg\u00e1ster\u00e1pi\u00e1s eszk\u00f6z\u00f6k bevon\u00e1s\u00e1val.\n\nA budai modellk\u00f6zpont ut\u00e1n orsz\u00e1gos franchise h\u00e1l\u00f3zatt\u00e1 k\u00edv\u00e1nunk fejl\u0151dni. C\u00e9lunk, hogy az<strong>\u00a0\u00e1ltalunk kidolgozott szakmai m\u00f3dszertan szerint m\u0171k\u00f6d\u0151 alternat\u00edv gyermekell\u00e1t\u00f3 egys\u00e9gek \u00e9s hozz\u00e1juk kapcsol\u00f3d\u00f3, csal\u00e1dseg\u00edt\u0151 szolg\u00e1ltat\u00e1sok j\u00f6jjenek l\u00e9tre az orsz\u00e1g minden szeglet\u00e9ben.<\/strong>\n\n<\/div>","_et_gb_content_width":"","footnotes":""},"class_list":["post-396","page","type-page","status-publish","hentry"],"_links":{"self":[{"href":"https:\/\/www.szulokhaza.hu\/kamaraerdo\/wp-json\/wp\/v2\/pages\/396","targetHints":{"allow":["GET"]}}],"collection":[{"href":"https:\/\/www.szulokhaza.hu\/kamaraerdo\/wp-json\/wp\/v2\/pages"}],"about":[{"href":"https:\/\/www.szulokhaza.hu\/kamaraerdo\/wp-json\/wp\/v2\/types\/page"}],"author":[{"embeddable":true,"href":"https:\/\/www.szulokhaza.hu\/kamaraerdo\/wp-json\/wp\/v2\/users\/8"}],"replies":[{"embeddable":true,"href":"https:\/\/www.szulokhaza.hu\/kamaraerdo\/wp-json\/wp\/v2\/comments?post=396"}],"version-history":[{"count":2,"href":"https:\/\/www.szulokhaza.hu\/kamaraerdo\/wp-json\/wp\/v2\/pages\/396\/revisions"}],"predecessor-version":[{"id":215559,"href":"https:\/\/www.szulokhaza.hu\/kamaraerdo\/wp-json\/wp\/v2\/pages\/396\/revisions\/215559"}],"wp:attachment":[{"href":"https:\/\/www.szulokhaza.hu\/kamaraerdo\/wp-json\/wp\/v2\/media?parent=396"}],"curies":[{"name":"wp","href":"https:\/\/api.w.org\/{rel}","templated":true}]}}