{"id":405,"date":"2012-09-17T16:18:21","date_gmt":"2012-09-17T14:18:21","guid":{"rendered":"https:\/\/www.szulokhaza.hu\/kamaraerdo\/rolunk\/munkatarsak\/"},"modified":"2022-06-14T08:31:53","modified_gmt":"2022-06-14T06:31:53","slug":"munkatarsak","status":"publish","type":"page","link":"https:\/\/www.szulokhaza.hu\/kamaraerdo\/rolunk\/munkatarsak\/","title":{"rendered":"Munkat\u00e1rsak"},"content":{"rendered":"<p>[et_pb_section fb_built=&#8221;1&#8243; disabled_on=&#8221;off|off|off&#8221; admin_label=&#8221;Alap\u00edtv\u00e1nyunk vezet\u0151s\u00e9ge&#8221; module_id=&#8221;vezetoseg&#8221; module_class=&#8221;pixie_person_7&#8243; _builder_version=&#8221;4.16&#8243; locked=&#8221;off&#8221; collapsed=&#8221;off&#8221; global_colors_info=&#8221;{}&#8221; theme_builder_area=&#8221;post_content&#8221;][et_pb_row admin_label=&#8221;Row &#8211; Zoom Person Module&#8221; _builder_version=&#8221;4.16&#8243; max_width=&#8221;1186px&#8221; custom_padding=&#8221;2.9vw||0px|&#8221; use_custom_width=&#8221;on&#8221; custom_width_px=&#8221;1186px&#8221; global_colors_info=&#8221;{}&#8221; theme_builder_area=&#8221;post_content&#8221;][et_pb_column type=&#8221;4_4&#8243; _builder_version=&#8221;4.16&#8243; custom_padding=&#8221;|||&#8221; custom_css_main_element=&#8221;margin-bottom: 0 !important;&#8221; global_colors_info=&#8221;{}&#8221; custom_padding__hover=&#8221;|||&#8221; theme_builder_area=&#8221;post_content&#8221;][et_pb_text _builder_version=&#8221;4.17.4&#8243; _module_preset=&#8221;default&#8221; global_colors_info=&#8221;{}&#8221; theme_builder_area=&#8221;post_content&#8221;]<\/p>\n<h2 style=\"text-align: center;\">Munkat\u00e1rsaink<\/h2>\n<p>[\/et_pb_text][\/et_pb_column][\/et_pb_row][et_pb_row column_structure=&#8221;1_2,1_2&#8243; disabled_on=&#8221;off|off|off&#8221; _builder_version=&#8221;4.17.4&#8243; background_size=&#8221;initial&#8221; background_position=&#8221;top_left&#8221; background_repeat=&#8221;repeat&#8221; max_width=&#8221;1430px&#8221; module_alignment=&#8221;center&#8221; collapsed=&#8221;off&#8221; global_colors_info=&#8221;{}&#8221; theme_builder_area=&#8221;post_content&#8221;][et_pb_column type=&#8221;1_2&#8243; _builder_version=&#8221;4.16&#8243; custom_padding=&#8221;|||&#8221; global_colors_info=&#8221;{}&#8221; custom_padding__hover=&#8221;|||&#8221; theme_builder_area=&#8221;post_content&#8221;][et_pb_team_member image_url=&#8221;https:\/\/www.szulokhaza.hu\/kamaraerdo\/wp-content\/uploads\/2022\/06\/RegosJudit_SZH_2R6A9140_20190717_web.jpg&#8221; icon_color=&#8221;#ffffff&#8221; admin_label=&#8221;Reg\u0151s Judit&#8221; _builder_version=&#8221;4.17.4&#8243; header_level=&#8221;h2&#8243; header_font=&#8221;Playfair Display||||&#8221; header_text_align=&#8221;center&#8221; header_text_color=&#8221;#ffffff&#8221; header_font_size=&#8221;24px&#8221; body_font=&#8221;Lato||||&#8221; body_text_align=&#8221;center&#8221; body_text_color=&#8221;#ffffff&#8221; text_orientation=&#8221;center&#8221; background_layout=&#8221;dark&#8221; max_width=&#8221;70%&#8221; module_alignment=&#8221;right&#8221; custom_css_main_element=&#8221;border-radius: 3px;|| overflow: hidden;||&#8221; custom_css_member_image=&#8221; margin-bottom: 0 !important;||max-width: 230px;&#8221; custom_css_member_description=&#8221; position: absolute;|| top: 50%;|| left: 0;|| width: 100%;|| padding-bottom: 0;&#8221; custom_css_title=&#8221;padding-bottom: 7px;|| font-weight: 400;&#8221; header_text_shadow_style=&#8221;preset5&#8243; body_text_shadow_style=&#8221;preset5&#8243; global_colors_info=&#8221;{}&#8221; position__hover_enabled=&#8221;off|desktop&#8221; theme_builder_area=&#8221;post_content&#8221;][\/et_pb_team_member][et_pb_text _builder_version=&#8221;4.17.4&#8243; _module_preset=&#8221;default&#8221; global_colors_info=&#8221;{}&#8221; theme_builder_area=&#8221;post_content&#8221;]<\/p>\n<h4 style=\"text-align: center;\">Reg\u0151s Judit<\/h4>\n<h4 style=\"text-align: center;\">Sz\u00fcl\u0151k H\u00e1za vezet\u0151<\/h4>\n<p>[\/et_pb_text][\/et_pb_column][et_pb_column type=&#8221;1_2&#8243; _builder_version=&#8221;4.17.4&#8243; _module_preset=&#8221;default&#8221; global_colors_info=&#8221;{}&#8221; theme_builder_area=&#8221;post_content&#8221;][et_pb_team_member image_url=&#8221;https:\/\/www.szulokhaza.hu\/kamaraerdo\/wp-content\/uploads\/2022\/06\/ErdosiDitte_300x300.jpg&#8221; icon_color=&#8221;#ffffff&#8221; admin_label=&#8221;Reg\u0151s Judit&#8221; _builder_version=&#8221;4.17.4&#8243; header_level=&#8221;h2&#8243; header_font=&#8221;Playfair Display||||&#8221; header_text_align=&#8221;center&#8221; header_text_color=&#8221;#ffffff&#8221; header_font_size=&#8221;24px&#8221; body_font=&#8221;Lato||||&#8221; body_text_align=&#8221;center&#8221; body_text_color=&#8221;#ffffff&#8221; text_orientation=&#8221;center&#8221; background_layout=&#8221;dark&#8221; max_width=&#8221;70%&#8221; module_alignment=&#8221;right&#8221; custom_css_main_element=&#8221;border-radius: 3px;|| overflow: hidden;||&#8221; custom_css_member_image=&#8221; margin-bottom: 0 !important;||max-width: 230px;&#8221; custom_css_member_description=&#8221; position: absolute;|| top: 50%;|| left: 0;|| width: 100%;|| padding-bottom: 0;&#8221; custom_css_title=&#8221;padding-bottom: 7px;|| font-weight: 400;&#8221; header_text_shadow_style=&#8221;preset5&#8243; body_text_shadow_style=&#8221;preset5&#8243; global_colors_info=&#8221;{}&#8221; position__hover_enabled=&#8221;off|desktop&#8221; theme_builder_area=&#8221;post_content&#8221;][\/et_pb_team_member][et_pb_text _builder_version=&#8221;4.17.4&#8243; _module_preset=&#8221;default&#8221; global_colors_info=&#8221;{}&#8221; theme_builder_area=&#8221;post_content&#8221;]<\/p>\n<h4 style=\"text-align: center;\">Erd\u0151si Ditte<\/h4>\n<h4 style=\"text-align: center;\">Sz\u00fcl\u0151k H\u00e1za B\u00f6lcs\u0151de H\u00e1l\u00f3zat vezet\u0151<\/h4>\n<p>[\/et_pb_text][\/et_pb_column][\/et_pb_row][et_pb_row column_structure=&#8221;1_4,1_4,1_4,1_4&#8243; disabled_on=&#8221;off|off|off&#8221; _builder_version=&#8221;4.16&#8243; background_size=&#8221;initial&#8221; background_position=&#8221;top_left&#8221; background_repeat=&#8221;repeat&#8221; max_width=&#8221;1430px&#8221; collapsed=&#8221;off&#8221; global_colors_info=&#8221;{}&#8221; theme_builder_area=&#8221;post_content&#8221;][et_pb_column type=&#8221;1_4&#8243; _builder_version=&#8221;4.16&#8243; custom_padding=&#8221;|||&#8221; global_colors_info=&#8221;{}&#8221; custom_padding__hover=&#8221;|||&#8221; theme_builder_area=&#8221;post_content&#8221;][et_pb_image src=&#8221;https:\/\/www.szulokhaza.hu\/kamaraerdo\/wp-content\/uploads\/2022\/06\/Andi-04.png&#8221; title_text=&#8221;Andi-04&#8243; _builder_version=&#8221;4.17.4&#8243; _module_preset=&#8221;default&#8221; global_colors_info=&#8221;{}&#8221; theme_builder_area=&#8221;post_content&#8221;][\/et_pb_image][et_pb_text _builder_version=&#8221;4.17.4&#8243; _module_preset=&#8221;default&#8221; global_colors_info=&#8221;{}&#8221; theme_builder_area=&#8221;post_content&#8221;]<\/p>\n<h4 style=\"text-align: center;\">Cs\u00edk Andrea<\/h4>\n<h4 style=\"text-align: center;\">Kisgyermeknevel\u0151<\/h4>\n<p>[\/et_pb_text][\/et_pb_column][et_pb_column type=&#8221;1_4&#8243; _builder_version=&#8221;4.16&#8243; custom_padding=&#8221;|||&#8221; global_colors_info=&#8221;{}&#8221; custom_padding__hover=&#8221;|||&#8221; theme_builder_area=&#8221;post_content&#8221;][et_pb_text _builder_version=&#8221;4.17.4&#8243; _module_preset=&#8221;default&#8221; global_colors_info=&#8221;{}&#8221; theme_builder_area=&#8221;post_content&#8221;]<\/p>\n<h4 style=\"text-align: center;\">Farkas Melinda<\/h4>\n<h4 style=\"text-align: center;\">Pedag\u00f3gus<\/h4>\n<p>[\/et_pb_text][\/et_pb_column][et_pb_column type=&#8221;1_4&#8243; _builder_version=&#8221;4.16&#8243; custom_padding=&#8221;|||&#8221; global_colors_info=&#8221;{}&#8221; custom_padding__hover=&#8221;|||&#8221; theme_builder_area=&#8221;post_content&#8221;][et_pb_image src=&#8221;https:\/\/www.szulokhaza.hu\/kamaraerdo\/wp-content\/uploads\/2022\/06\/Lili-02.jpg&#8221; title_text=&#8221;Lili-02&#8243; _builder_version=&#8221;4.17.4&#8243; _module_preset=&#8221;default&#8221; global_colors_info=&#8221;{}&#8221; theme_builder_area=&#8221;post_content&#8221;][\/et_pb_image][et_pb_text _builder_version=&#8221;4.17.4&#8243; _module_preset=&#8221;default&#8221; global_colors_info=&#8221;{}&#8221; theme_builder_area=&#8221;post_content&#8221;]<\/p>\n<h4 style=\"text-align: center;\">K\u00e1das Lili<\/h4>\n<h4 style=\"text-align: center;\">Kisgyermeknevel\u0151<\/h4>\n<p>[\/et_pb_text][\/et_pb_column][et_pb_column type=&#8221;1_4&#8243; _builder_version=&#8221;4.16&#8243; custom_padding=&#8221;|||&#8221; global_colors_info=&#8221;{}&#8221; custom_padding__hover=&#8221;|||&#8221; theme_builder_area=&#8221;post_content&#8221;][et_pb_image src=&#8221;https:\/\/www.szulokhaza.hu\/kamaraerdo\/wp-content\/uploads\/2022\/06\/Zsani-01-01.jpg&#8221; title_text=&#8221;Zsani-01-01&#8243; _builder_version=&#8221;4.17.4&#8243; _module_preset=&#8221;default&#8221; global_colors_info=&#8221;{}&#8221; theme_builder_area=&#8221;post_content&#8221;][\/et_pb_image][et_pb_text _builder_version=&#8221;4.17.4&#8243; _module_preset=&#8221;default&#8221; global_colors_info=&#8221;{}&#8221; theme_builder_area=&#8221;post_content&#8221;]<\/p>\n<h4 style=\"text-align: center;\">Varga Zsanett<\/h4>\n<h4 style=\"text-align: center;\">Kisgyermeknevel\u0151<\/h4>\n<p>[\/et_pb_text][\/et_pb_column][\/et_pb_row][\/et_pb_section][et_pb_section fb_built=&#8221;1&#8243; admin_label=&#8221;Section &#8211; Ps Subscribe Footer&#8221; module_class=&#8221;pixel-footer1&#8243; _builder_version=&#8221;4.16&#8243; background_color=&#8221;#222&#8243; custom_padding=&#8221;0px||0px|&#8221; custom_css_main_element=&#8221; overflow: hidden;&#8221; border_color_top=&#8221;#c60260&#8243; locked=&#8221;off&#8221; global_colors_info=&#8221;{}&#8221; theme_builder_area=&#8221;post_content&#8221;][et_pb_row column_structure=&#8221;1_3,1_3,1_3&#8243; use_custom_gutter=&#8221;on&#8221; custom_padding_last_edited=&#8221;on|phone&#8221; admin_label=&#8221;Row &#8211; Ps Subscribe Footer&#8221; _builder_version=&#8221;4.16&#8243; background_size=&#8221;initial&#8221; background_position=&#8221;top_left&#8221; background_repeat=&#8221;repeat&#8221; custom_padding=&#8221;2vw||0||false|false&#8221; custom_padding_tablet=&#8221;40px||10px|&#8221; custom_padding_phone=&#8221;40px||40px|&#8221; use_custom_width=&#8221;on&#8221; custom_width_px=&#8221;1175px&#8221; global_colors_info=&#8221;{}&#8221; theme_builder_area=&#8221;post_content&#8221;][et_pb_column type=&#8221;1_3&#8243; _builder_version=&#8221;4.16&#8243; background_position=&#8221;top_left&#8221; custom_padding=&#8221;|||&#8221; custom_css_main_element=&#8221; margin-bottom: 0;&#8221; global_colors_info=&#8221;{}&#8221; custom_padding__hover=&#8221;|||&#8221; theme_builder_area=&#8221;post_content&#8221;][\/et_pb_column][et_pb_column type=&#8221;1_3&#8243; _builder_version=&#8221;4.16&#8243; background_position=&#8221;top_left&#8221; custom_padding=&#8221;|||&#8221; custom_css_main_element=&#8221; margin-bottom: 0;&#8221; global_colors_info=&#8221;{}&#8221; custom_padding__hover=&#8221;|||&#8221; theme_builder_area=&#8221;post_content&#8221;][\/et_pb_column][et_pb_column type=&#8221;1_3&#8243; _builder_version=&#8221;4.16&#8243; background_position=&#8221;top_left&#8221; custom_padding=&#8221;|||1.7vw&#8221; custom_padding_tablet=&#8221;&#8221; custom_padding_phone=&#8221;|||0px&#8221; custom_padding_last_edited=&#8221;on|phone&#8221; custom_css_main_element=&#8221; margin-bottom: 0;&#8221; global_colors_info=&#8221;{}&#8221; custom_padding__hover=&#8221;|||&#8221; theme_builder_area=&#8221;post_content&#8221;][\/et_pb_column][\/et_pb_row][\/et_pb_section]<\/p>\n","protected":false},"excerpt":{"rendered":"<p>Munkat\u00e1rsainkReg\u0151s Judit Sz\u00fcl\u0151k H\u00e1za vezet\u0151Erd\u0151si Ditte Sz\u00fcl\u0151k H\u00e1za B\u00f6lcs\u0151de H\u00e1l\u00f3zat vezet\u0151Cs\u00edk Andrea Kisgyermeknevel\u0151Farkas Melinda Pedag\u00f3gusK\u00e1das Lili Kisgyermeknevel\u0151Varga Zsanett Kisgyermeknevel\u0151<\/p>\n","protected":false},"author":8,"featured_media":0,"parent":396,"menu_order":0,"comment_status":"closed","ping_status":"closed","template":"","meta":{"_seopress_robots_primary_cat":"","_seopress_titles_title":"","_seopress_titles_desc":"","_seopress_robots_index":"","_et_pb_use_builder":"on","_et_pb_old_content":"<div class=\"body\"><p><strong>A Sz\u00fcl\u0151k H\u00e1za vezet\u0151je:<\/strong><\/p><p><img style=\"width: 100px; height: 151px; float: left; margin-left: 10px; margin-right: 10px;\" src=\"http:\/\/szulokhaza.hu\/bartokkucko\/wp-content\/uploads\/judit.jpg\" alt=\"judit.jpg\" \/><strong>Reg\u0151s Judit\u00a0<\/strong>- a Sz\u00fcl\u0151k H\u00e1za, igazgat\u00f3; Sz\u00fcl\u0151k H\u00e1za Alap\u00edtv\u00e1ny, eln\u00f6ke<\/p><p>\u00a0<\/p><p>\u00a0<\/p><p>\u00a0<\/p><\/div><p>\u00a0<\/p>","_et_gb_content_width":"","footnotes":""},"class_list":["post-405","page","type-page","status-publish","hentry"],"_links":{"self":[{"href":"https:\/\/www.szulokhaza.hu\/kamaraerdo\/wp-json\/wp\/v2\/pages\/405","targetHints":{"allow":["GET"]}}],"collection":[{"href":"https:\/\/www.szulokhaza.hu\/kamaraerdo\/wp-json\/wp\/v2\/pages"}],"about":[{"href":"https:\/\/www.szulokhaza.hu\/kamaraerdo\/wp-json\/wp\/v2\/types\/page"}],"author":[{"embeddable":true,"href":"https:\/\/www.szulokhaza.hu\/kamaraerdo\/wp-json\/wp\/v2\/users\/8"}],"replies":[{"embeddable":true,"href":"https:\/\/www.szulokhaza.hu\/kamaraerdo\/wp-json\/wp\/v2\/comments?post=405"}],"version-history":[{"count":1,"href":"https:\/\/www.szulokhaza.hu\/kamaraerdo\/wp-json\/wp\/v2\/pages\/405\/revisions"}],"predecessor-version":[{"id":215655,"href":"https:\/\/www.szulokhaza.hu\/kamaraerdo\/wp-json\/wp\/v2\/pages\/405\/revisions\/215655"}],"up":[{"embeddable":true,"href":"https:\/\/www.szulokhaza.hu\/kamaraerdo\/wp-json\/wp\/v2\/pages\/396"}],"wp:attachment":[{"href":"https:\/\/www.szulokhaza.hu\/kamaraerdo\/wp-json\/wp\/v2\/media?parent=405"}],"curies":[{"name":"wp","href":"https:\/\/api.w.org\/{rel}","templated":true}]}}