{"id":5966,"date":"2016-08-02T09:23:31","date_gmt":"2016-08-02T07:23:31","guid":{"rendered":"http:\/\/szulokhaza.hu\/bartokkucko\/?page_id=5966"},"modified":"2023-06-28T15:27:29","modified_gmt":"2023-06-28T13:27:29","slug":"gyerekfoglalkozasok","status":"publish","type":"page","link":"https:\/\/www.szulokhaza.hu\/kamaraerdo\/gyerekfoglalkozasok\/","title":{"rendered":"Gyerekfoglalkoz\u00e1sok"},"content":{"rendered":"<p>[et_pb_section fb_built=&#8221;1&#8243; disabled_on=&#8221;off|off|off&#8221; _builder_version=&#8221;4.17.0&#8243; global_colors_info=&#8221;{}&#8221;][et_pb_row column_structure=&#8221;2_5,3_5&#8243; use_custom_gutter=&#8221;on&#8221; gutter_width=&#8221;2&#8243; admin_label=&#8221;Sor&#8221; _builder_version=&#8221;4.17.0&#8243; background_size=&#8221;initial&#8221; background_position=&#8221;top_left&#8221; background_repeat=&#8221;repeat&#8221; max_width=&#8221;1080px&#8221; global_colors_info=&#8221;{}&#8221;][et_pb_column type=&#8221;2_5&#8243; _builder_version=&#8221;4.16&#8243; custom_padding=&#8221;|||&#8221; global_colors_info=&#8221;{}&#8221; custom_padding__hover=&#8221;|||&#8221;][et_pb_image src=&#8221;https:\/\/szulokhaza.hu\/bartokkucko\/wp-content\/uploads\/2022\/01\/minimuzsika-300&#215;225.jpg&#8221; title_text=&#8221;minimuzsika&#8221; _builder_version=&#8221;4.17.4&#8243; _module_preset=&#8221;default&#8221; border_radii=&#8221;on|21px|21px|21px|21px&#8221; border_width_all=&#8221;6px&#8221; border_color_all=&#8221;#f69e0f&#8221; global_colors_info=&#8221;{}&#8221;][\/et_pb_image][\/et_pb_column][et_pb_column type=&#8221;3_5&#8243; _builder_version=&#8221;4.16&#8243; custom_padding=&#8221;|||&#8221; global_colors_info=&#8221;{}&#8221; custom_padding__hover=&#8221;|||&#8221;][et_pb_text _builder_version=&#8221;4.17.4&#8243; header_text_color=&#8221;#FCB230&#8243; background_size=&#8221;initial&#8221; background_position=&#8221;top_left&#8221; background_repeat=&#8221;repeat&#8221; global_colors_info=&#8221;{}&#8221;]<\/p>\n<h1 class=\"entry-title main_title\">Minimuzsika<\/h1>\n<div class=\"entry-content\">\n<p>\u00c9rzelmi fejleszt\u0151 zen\u00e9s j\u00e1t\u00e9k, sok mozg\u00e1ssal. A foglalkoz\u00e1sok\u00a0gerinc\u00e9t az \u00e9letkor saj\u00e1toss\u00e1gaira \u00e9p\u00fcl\u0151 dramatikus j\u00e1t\u00e9kok k\u00e9pezik. A fant\u00e1ziaj\u00e1t\u00e9k sor\u00e1n mond\u00f3k\u00e1kat, klasszikus gyermekverseket mondunk, amelyeket ritmikus mozg\u00e1s is k\u00eds\u00e9r. A ritmusos verseket ig\u00e9nyes zen\u00e9vel \u00f6tv\u00f6zz\u00fck, zen\u00e9t hallgattunk, mozgunk, \u00e9nekl\u00fcnk. J\u00f3 hat\u00e1ssal van a gyerekek kifejez\u0151- \u00e9s besz\u00e9dk\u00e9szs\u00e9g\u00e9nek, zenei \u00e9s ritmus\u00e9rz\u00e9k\u00e9nek megalapoz\u00e1s\u00e1ra.<\/p>\n<p>A hangs\u00faly nemcsak az \u00f6nkifejez\u0151 \u00e9s zenei k\u00e9szs\u00e9gek alapoz\u00e1s\u00e1n, el\u0151h\u00edv\u00e1s\u00e1n van. F\u0151 c\u00e9lunk az, hogy az egy\u00fctt\u00e9nekl\u00e9s, egy\u00fcttmozg\u00e1s, k\u00f6z\u00f6s j\u00e1t\u00e9k egym\u00e1ssal megosztott \u00f6r\u00f6m\u00e9t \u00e9lj\u00e9k \u00e1t a gyerekek \u00e9s a sz\u00fcl\u0151k. A zenei \u00e9lm\u00e9nyek feldolgoz\u00e1sa, mozg\u00e1ss\u00e1 \u00e9s \u00f6nkifejez\u00e9ss\u00e9 alak\u00edt\u00e1sa dr\u00e1mapedag\u00f3giai m\u00f3dszerekkel t\u00f6rt\u00e9nik, gyakorlott dr\u00e1mapedag\u00f3gus seg\u00edts\u00e9g\u00e9vel. A j\u00e1t\u00e9kokat otthon a sz\u00fcl\u0151k is j\u00e1tszhatj\u00e1k gyermekeikkel egy\u00fctt.<\/p>\n<\/div>\n<p>[\/et_pb_text][\/et_pb_column][\/et_pb_row][et_pb_row column_structure=&#8221;3_5,2_5&#8243; _builder_version=&#8221;4.17.0&#8243; background_size=&#8221;initial&#8221; background_position=&#8221;top_left&#8221; background_repeat=&#8221;repeat&#8221; max_width=&#8221;1080px&#8221; global_colors_info=&#8221;{}&#8221;][et_pb_column type=&#8221;3_5&#8243; _builder_version=&#8221;4.16&#8243; custom_padding=&#8221;|||&#8221; global_colors_info=&#8221;{}&#8221; custom_padding__hover=&#8221;|||&#8221;][et_pb_text _builder_version=&#8221;4.17.4&#8243; header_text_color=&#8221;#f69e0f&#8221; background_size=&#8221;initial&#8221; background_position=&#8221;top_left&#8221; background_repeat=&#8221;repeat&#8221; global_colors_info=&#8221;{}&#8221;]<\/p>\n<h1>Izg\u0151-mozg\u00f3 gyerektorna<\/h1>\n<p>A\u00a0sz\u00fcl\u0151k \u00e9s gyerekek k\u00f6z\u00f6s mozg\u00e1sos foglalkoz\u00e1sa, mozg\u00e1s-, \u00e9s koordin\u00e1ci\u00f3s k\u00e9szs\u00e9gfejleszt\u0151 mesej\u00e1t\u00e9k. A tests\u00e9ma kialak\u00edt\u00e1sa \u00e9s a mozg\u00e1skoordin\u00e1ci\u00f3 fejleszt\u00e9se mellett a gyerekek felfedezhetik az egy\u00fctt v\u00e9gzett mozg\u00e1s \u00e9s j\u00e1t\u00e9k \u00f6r\u00f6m\u00e9t.<br \/>A foglalkoz\u00e1s menete: A mond\u00f3k\u00e1kkal \u00e9s zen\u00e9vel k\u00eds\u00e9rt bemeleg\u00edt\u00e9s \u00e9rzelmi r\u00e1hangol\u00e1st seg\u00edti.<br \/>\u00c1llatokr\u00f3l, term\u00e9szetr\u0151l, k\u00fcl\u00f6nb\u00f6z\u0151 tev\u00e9kenys\u00e9gekr\u0151l sz\u00f3l a j\u00e1t\u00e9k, sz\u00e1ll a k\u00e9pzelet, mik\u00f6zben a gyerekek tornagyakorlatokat v\u00e9geznek j\u00e1t\u00e9kos form\u00e1ban.<br \/>Sportszerekkel ismerked\u00fcnk, minden alkalommal valamely k\u00e9pess\u00e9g fejleszt\u00e9s\u00e9t helyezve a f\u00f3kuszba. Labda, babzs\u00e1k, frizbi, hullahopp-karika \u00e9s tollas\u00fct\u0151 seg\u00edts\u00e9g\u00e9vel fejlesztj\u00fck az egyens\u00faly\u00e9rz\u00e9ket, a labda\u00e9rz\u00e9kenys\u00e9get, a mozg\u00e1sos ritmus\u00e9rz\u00e9ket; \u00e9s egyebek mellett er\u0151s\u00edtj\u00fck a v\u00e1zizmokat \u00e9s a talpboltozatot is.<br \/>Akad\u00e1lyp\u00e1ly\u00e1n \u00e9lvezhetik a gyerekek a k\u00fasz\u00e1s, m\u00e1sz\u00e1s, ugr\u00e1s, bukfencez\u00e9s \u00f6r\u00f6meit \u00e9s kih\u00edv\u00e1sait.<br \/>Milyen k\u00e9pess\u00e9geket fejleszt az\u00a0Izg\u0151-mozg\u00f3 gyerektorna\u00a0foglalkoz\u00e1s?<br \/>Tests\u00e9ma-ismeret, Mozg\u00e1skoordin\u00e1ci\u00f3, Egyens\u00faly\u00e9rz\u00e9k, G\u00f6mb\u00e9rz\u00e9k (labda\u00e9rz\u00e9kenys\u00e9g), Ritmus\u00e9rz\u00e9k, Izomt\u00f3nus; v\u00e1zizmok er\u0151s\u00f6d\u00e9se, testtart\u00e1s, Olvas\u00e1s-\u00edr\u00e1sk\u00e9szs\u00e9g el\u0151k\u00e9sz\u00edt\u00e9se<\/p>\n<p>[\/et_pb_text][\/et_pb_column][et_pb_column type=&#8221;2_5&#8243; _builder_version=&#8221;4.16&#8243; custom_padding=&#8221;|||&#8221; global_colors_info=&#8221;{}&#8221; custom_padding__hover=&#8221;|||&#8221;][et_pb_image src=&#8221;https:\/\/szulokhaza.hu\/bartokkucko\/wp-content\/uploads\/2022\/01\/izgomozgo-300&#215;225.jpg&#8221; title_text=&#8221;izgomozgo&#8221; align=&#8221;center&#8221; force_fullwidth=&#8221;on&#8221; _builder_version=&#8221;4.17.4&#8243; _module_preset=&#8221;default&#8221; border_radii=&#8221;on|21px|21px|21px|21px&#8221; border_width_all=&#8221;6px&#8221; border_color_all=&#8221;#f69e0f&#8221; global_colors_info=&#8221;{}&#8221;][\/et_pb_image][\/et_pb_column][\/et_pb_row][et_pb_row column_structure=&#8221;2_5,3_5&#8243; _builder_version=&#8221;4.16&#8243; background_size=&#8221;initial&#8221; background_position=&#8221;top_left&#8221; background_repeat=&#8221;repeat&#8221; max_width=&#8221;1080px&#8221; global_colors_info=&#8221;{}&#8221;][et_pb_column type=&#8221;2_5&#8243; _builder_version=&#8221;4.16&#8243; custom_padding=&#8221;|||&#8221; global_colors_info=&#8221;{}&#8221; custom_padding__hover=&#8221;|||&#8221;][et_pb_image src=&#8221;https:\/\/szulokhaza.hu\/bartokkucko\/wp-content\/uploads\/2022\/01\/minimuvesz-300&#215;225.jpg&#8221; title_text=&#8221;minimuvesz&#8221; align=&#8221;center&#8221; _builder_version=&#8221;4.21.0&#8243; _module_preset=&#8221;default&#8221; width=&#8221;98%&#8221; max_width=&#8221;98%&#8221; hover_enabled=&#8221;0&#8243; border_radii=&#8221;on|21px|21px|21px|21px&#8221; border_width_all=&#8221;6px&#8221; border_color_all=&#8221;#f69e0f&#8221; global_colors_info=&#8221;{}&#8221; sticky_enabled=&#8221;0&#8243;][\/et_pb_image][\/et_pb_column][et_pb_column type=&#8221;3_5&#8243; _builder_version=&#8221;4.16&#8243; custom_padding=&#8221;|||&#8221; global_colors_info=&#8221;{}&#8221; custom_padding__hover=&#8221;|||&#8221;][et_pb_text _builder_version=&#8221;4.17.4&#8243; header_text_color=&#8221;#f69e0f&#8221; background_size=&#8221;initial&#8221; background_position=&#8221;top_left&#8221; background_repeat=&#8221;repeat&#8221; global_colors_info=&#8221;{}&#8221;]<\/p>\n<h1>Minim\u0171v\u00e9sz<\/h1>\n<p>K\u00e9zm\u0171ves foglalkoz\u00e1sainkon k\u00fcl\u00f6nb\u00f6z\u0151 technik\u00e1kkal dolgozhatnak a gyerekek.<br \/>\u2013 szakk\u00e9pzett koll\u00e9ga fel\u00fcgyeli a programot \u00e9s vigy\u00e1z a kicsikre, de a sz\u00fcl\u0151k is csatlakozhatnak, k\u00f6z\u00f6sen k\u00e9sz\u00edthetnek gyermek\u00fckkel aj\u00e1nd\u00e9kokat<br \/>\u2013\u00a0a gyermek megtapasztalhatja a szabad alkot\u00e1s \u00f6r\u00f6m\u00e9t, kibontakoztathatja kreat\u00edv gondolkod\u00e1s\u00e1t<br \/>\u2013 a program t\u00f6bbek k\u00f6z\u00f6tt fejleszti a finommotorik\u00e1t, a szem-k\u00e9z koordin\u00e1ci\u00f3t \u00e9s a probl\u00e9mamegold\u00f3 k\u00e9pess\u00e9get<br \/>\u2013 kiv\u00e1l\u00f3 alkalom, hogy a gyermekek j\u00e1t\u00e9k k\u00f6zben gyarap\u00edts\u00e1k ismereteiket, \u00fagy mint pl. a\u00a0term\u00e9sek nev\u00e9t, az \u00e9vszakok jellegzetess\u00e9geit.<\/p>\n<p>[\/et_pb_text][\/et_pb_column][\/et_pb_row][et_pb_row column_structure=&#8221;2_5,3_5&#8243; _builder_version=&#8221;4.16&#8243; background_size=&#8221;initial&#8221; background_position=&#8221;top_left&#8221; background_repeat=&#8221;repeat&#8221; max_width=&#8221;1080px&#8221; global_colors_info=&#8221;{}&#8221;][et_pb_column type=&#8221;2_5&#8243; _builder_version=&#8221;4.16&#8243; custom_padding=&#8221;|||&#8221; global_colors_info=&#8221;{}&#8221; custom_padding__hover=&#8221;|||&#8221;][et_pb_image src=&#8221;https:\/\/szulokhaza.hu\/bartokkucko\/wp-content\/uploads\/2020\/09\/KC-logo-e1599484921317.jpg&#8221; title_text=&#8221;KC log\u00f3&#8221; align=&#8221;center&#8221; _builder_version=&#8221;4.21.0&#8243; _module_preset=&#8221;default&#8221; width=&#8221;100%&#8221; custom_padding=&#8221;|0px||||&#8221; hover_enabled=&#8221;0&#8243; border_radii=&#8221;on|21px|21px|21px|21px&#8221; border_width_all=&#8221;6px&#8221; border_color_all=&#8221;#f69e0f&#8221; global_colors_info=&#8221;{}&#8221; sticky_enabled=&#8221;0&#8243;][\/et_pb_image][\/et_pb_column][et_pb_column type=&#8221;3_5&#8243; _builder_version=&#8221;4.16&#8243; custom_padding=&#8221;|||&#8221; global_colors_info=&#8221;{}&#8221; custom_padding__hover=&#8221;|||&#8221;][et_pb_text _builder_version=&#8221;4.17.4&#8243; header_text_color=&#8221;#f69e0f&#8221; background_size=&#8221;initial&#8221; background_position=&#8221;top_left&#8221; background_repeat=&#8221;repeat&#8221; custom_margin=&#8221;|||-29px||&#8221; global_colors_info=&#8221;{}&#8221;]<\/p>\n<h1>Kids Club vid\u00e1m angol<\/h1>\n<p>A\u00a0<strong>Kids Club<\/strong>\u00a0nyelvoktat\u00e1si m\u00f3dszer \u00e9lm\u00e9nyszer\u0171 \u00e9s kommunikat\u00edv, amelyet legink\u00e1bb ahhoz a folyamathoz lehet hasonl\u00edtani, ahogyan a gyerekek a saj\u00e1t anyanyelv\u00fcket is elsaj\u00e1t\u00edtj\u00e1k. \u00c9letkori saj\u00e1toss\u00e1gaiknak megfelel\u0151en izgalmas j\u00e1t\u00e9kokon, dalokon \u00e9s mond\u00f3k\u00e1kon kereszt\u00fcl, teljesen term\u00e9szetes \u00e9s \u00e9szrev\u00e9tlen m\u00f3don saj\u00e1t\u00edtj\u00e1k el az idegen nyelvet az angol, n\u00e9met, francia nyelv\u0171 klubfoglalkoz\u00e1sainkon. V\u00e9gig biztos\u00edtjuk a nyelvi k\u00f6rnyezetet, amely a k\u00e9s\u0151bbiekben majd m\u00e9g k\u00f6nnyebb\u00e9 teszi a term\u00e9szetes \u00e9s b\u00e1tor kommunik\u00e1ci\u00f3t a gyerekek sz\u00e1m\u00e1ra. A klubfoglalkoz\u00e1sokon percr\u0151l percre kidolgozott \u00f3rav\u00e1zlatok alapj\u00e1n, m\u00e9gis rugalmasan \u00e9s v\u00e1ltozatosan, sok-sok mozg\u00e1sos, dalos feladattal \u00e9s sz\u00ednes szeml\u00e9ltet\u0151 anyagainkkal dolgozunk.<\/p>\n<p>[\/et_pb_text][\/et_pb_column][\/et_pb_row][\/et_pb_section]<\/p>\n","protected":false},"excerpt":{"rendered":"<p>Minimuzsika \u00c9rzelmi fejleszt\u0151 zen\u00e9s j\u00e1t\u00e9k, sok mozg\u00e1ssal. A foglalkoz\u00e1sok\u00a0gerinc\u00e9t az \u00e9letkor saj\u00e1toss\u00e1gaira \u00e9p\u00fcl\u0151 dramatikus j\u00e1t\u00e9kok k\u00e9pezik. A fant\u00e1ziaj\u00e1t\u00e9k sor\u00e1n mond\u00f3k\u00e1kat, klasszikus gyermekverseket mondunk, amelyeket ritmikus mozg\u00e1s is k\u00eds\u00e9r. A ritmusos verseket ig\u00e9nyes zen\u00e9vel \u00f6tv\u00f6zz\u00fck, zen\u00e9t hallgattunk, mozgunk, \u00e9nekl\u00fcnk. J\u00f3 hat\u00e1ssal van a gyerekek kifejez\u0151- \u00e9s besz\u00e9dk\u00e9szs\u00e9g\u00e9nek, zenei \u00e9s ritmus\u00e9rz\u00e9k\u00e9nek megalapoz\u00e1s\u00e1ra. A hangs\u00faly nemcsak az \u00f6nkifejez\u0151 [&hellip;]<\/p>\n","protected":false},"author":8,"featured_media":0,"parent":0,"menu_order":0,"comment_status":"closed","ping_status":"closed","template":"","meta":{"_seopress_robots_primary_cat":"","_seopress_titles_title":"","_seopress_titles_desc":"","_seopress_robots_index":"","_et_pb_use_builder":"on","_et_pb_old_content":"<h1 class=\"entry-title main_title\">Minimuzsika<\/h1>\n<div class=\"entry-content\">\n\n<a href=\"https:\/\/szulokhaza.hu\/bartokkucko\/wp-content\/uploads\/2022\/01\/minimuvesz.jpg\"><img class=\"alignnone size-medium wp-image-215499\" src=\"https:\/\/szulokhaza.hu\/bartokkucko\/wp-content\/uploads\/2022\/01\/minimuvesz-300x225.jpg\" alt=\"\" width=\"300\" height=\"225\" \/><\/a><a href=\"http:\/\/szulokhaza.hu\/bartokkucko\/minimuzsi\/\">\u00c9rzelmi fejleszt\u0151 zen\u00e9s j\u00e1t\u00e9k<\/a>, sok mozg\u00e1ssal. A foglalkoz\u00e1sok<strong>\u00a0<\/strong>gerinc\u00e9t az \u00e9letkor saj\u00e1toss\u00e1gaira \u00e9p\u00fcl\u0151 dramatikus j\u00e1t\u00e9kok k\u00e9pezik. A\u00a0fant\u00e1ziaj\u00e1t\u00e9k\u00a0sor\u00e1n mond\u00f3k\u00e1kat, klasszikus gyermekverseket mondunk, amelyeket ritmikus mozg\u00e1s is k\u00eds\u00e9r. A\u00a0ritmusos verseket ig\u00e9nyes zen\u00e9vel \u00f6tv\u00f6zz\u00fck, zen\u00e9t hallgatunk, mozgunk, \u00e9nekl\u00fcnk.\n\n<\/div>\n\u00a0\n\n\u00a0\n\n\u00a0\n<h1 class=\"entry-title main_title\">Izg\u0151-mozg\u00f3 gyerektorna<\/h1>\n<div class=\"entry-content\">\n\n<a href=\"http:\/\/szulokhaza.hu\/bartokkucko\/wp-content\/uploads\/2016\/08\/13553218_1595378844126182_502252574_n.jpg\" rel=\"attachment wp-att-5986\"><img class=\"wp-image-5986 alignleft\" src=\"http:\/\/szulokhaza.hu\/bartokkucko\/wp-content\/uploads\/2016\/08\/13553218_1595378844126182_502252574_n.jpg\" alt=\"\" width=\"172\" height=\"306\" \/><\/a>A mozg\u00e1s-, \u00e9s koordin\u00e1ci\u00f3s <a href=\"http:\/\/szulokhaza.hu\/bartokkucko\/izgo-mozgo-gyerektorna-2\/\">k\u00e9szs\u00e9gfejleszt\u0151 mesej\u00e1t\u00e9k<\/a> sor\u00e1n a tests\u00e9ma kialak\u00edt\u00e1sa \u00e9s a mozg\u00e1skoordin\u00e1ci\u00f3 fejleszt\u00e9se mellett a gyerekek felfedezhetik az egy\u00fctt v\u00e9gzett mozg\u00e1s \u00e9s j\u00e1t\u00e9k \u00f6r\u00f6m\u00e9t.\n\n<\/div>\n\u00a0","_et_gb_content_width":"","footnotes":""},"class_list":["post-5966","page","type-page","status-publish","hentry"],"_links":{"self":[{"href":"https:\/\/www.szulokhaza.hu\/kamaraerdo\/wp-json\/wp\/v2\/pages\/5966","targetHints":{"allow":["GET"]}}],"collection":[{"href":"https:\/\/www.szulokhaza.hu\/kamaraerdo\/wp-json\/wp\/v2\/pages"}],"about":[{"href":"https:\/\/www.szulokhaza.hu\/kamaraerdo\/wp-json\/wp\/v2\/types\/page"}],"author":[{"embeddable":true,"href":"https:\/\/www.szulokhaza.hu\/kamaraerdo\/wp-json\/wp\/v2\/users\/8"}],"replies":[{"embeddable":true,"href":"https:\/\/www.szulokhaza.hu\/kamaraerdo\/wp-json\/wp\/v2\/comments?post=5966"}],"version-history":[{"count":4,"href":"https:\/\/www.szulokhaza.hu\/kamaraerdo\/wp-json\/wp\/v2\/pages\/5966\/revisions"}],"predecessor-version":[{"id":216363,"href":"https:\/\/www.szulokhaza.hu\/kamaraerdo\/wp-json\/wp\/v2\/pages\/5966\/revisions\/216363"}],"wp:attachment":[{"href":"https:\/\/www.szulokhaza.hu\/kamaraerdo\/wp-json\/wp\/v2\/media?parent=5966"}],"curies":[{"name":"wp","href":"https:\/\/api.w.org\/{rel}","templated":true}]}}