{"id":6543,"date":"2019-09-02T06:43:47","date_gmt":"2019-09-02T04:43:47","guid":{"rendered":"http:\/\/szulokhaza.hu\/bartokkucko\/?page_id=6543"},"modified":"2022-06-13T19:03:32","modified_gmt":"2022-06-13T17:03:32","slug":"bolcsodei-jelentkezes","status":"publish","type":"page","link":"https:\/\/www.szulokhaza.hu\/kamaraerdo\/bolcsodei-jelentkezes\/","title":{"rendered":"B\u00f6lcs\u0151dei jelentkez\u00e9s"},"content":{"rendered":"<p>[et_pb_section fb_built=&#8221;1&#8243; _builder_version=&#8221;4.16&#8243; global_colors_info=&#8221;{}&#8221;][et_pb_row _builder_version=&#8221;4.16&#8243; background_size=&#8221;initial&#8221; background_position=&#8221;top_left&#8221; background_repeat=&#8221;repeat&#8221; global_colors_info=&#8221;{}&#8221;][et_pb_column type=&#8221;4_4&#8243; _builder_version=&#8221;4.16&#8243; custom_padding=&#8221;|||&#8221; global_colors_info=&#8221;{}&#8221; custom_padding__hover=&#8221;|||&#8221;][et_pb_text _builder_version=&#8221;4.16&#8243; z_index_tablet=&#8221;500&#8243; text_text_shadow_horizontal_length_tablet=&#8221;0px&#8221; text_text_shadow_vertical_length_tablet=&#8221;0px&#8221; text_text_shadow_blur_strength_tablet=&#8221;1px&#8221; link_text_shadow_horizontal_length_tablet=&#8221;0px&#8221; link_text_shadow_vertical_length_tablet=&#8221;0px&#8221; link_text_shadow_blur_strength_tablet=&#8221;1px&#8221; ul_text_shadow_horizontal_length_tablet=&#8221;0px&#8221; ul_text_shadow_vertical_length_tablet=&#8221;0px&#8221; ul_text_shadow_blur_strength_tablet=&#8221;1px&#8221; ol_text_shadow_horizontal_length_tablet=&#8221;0px&#8221; ol_text_shadow_vertical_length_tablet=&#8221;0px&#8221; ol_text_shadow_blur_strength_tablet=&#8221;1px&#8221; quote_text_shadow_horizontal_length_tablet=&#8221;0px&#8221; quote_text_shadow_vertical_length_tablet=&#8221;0px&#8221; quote_text_shadow_blur_strength_tablet=&#8221;1px&#8221; header_text_shadow_horizontal_length_tablet=&#8221;0px&#8221; header_text_shadow_vertical_length_tablet=&#8221;0px&#8221; header_text_shadow_blur_strength_tablet=&#8221;1px&#8221; header_2_text_shadow_horizontal_length_tablet=&#8221;0px&#8221; header_2_text_shadow_vertical_length_tablet=&#8221;0px&#8221; header_2_text_shadow_blur_strength_tablet=&#8221;1px&#8221; header_3_text_shadow_horizontal_length_tablet=&#8221;0px&#8221; header_3_text_shadow_vertical_length_tablet=&#8221;0px&#8221; header_3_text_shadow_blur_strength_tablet=&#8221;1px&#8221; header_4_text_shadow_horizontal_length_tablet=&#8221;0px&#8221; header_4_text_shadow_vertical_length_tablet=&#8221;0px&#8221; header_4_text_shadow_blur_strength_tablet=&#8221;1px&#8221; header_5_text_shadow_horizontal_length_tablet=&#8221;0px&#8221; header_5_text_shadow_vertical_length_tablet=&#8221;0px&#8221; header_5_text_shadow_blur_strength_tablet=&#8221;1px&#8221; header_6_text_shadow_horizontal_length_tablet=&#8221;0px&#8221; header_6_text_shadow_vertical_length_tablet=&#8221;0px&#8221; header_6_text_shadow_blur_strength_tablet=&#8221;1px&#8221; box_shadow_horizontal_tablet=&#8221;0px&#8221; box_shadow_vertical_tablet=&#8221;0px&#8221; box_shadow_blur_tablet=&#8221;40px&#8221; box_shadow_spread_tablet=&#8221;0px&#8221; global_colors_info=&#8221;{}&#8221;]<\/p>\n<h2 style=\"text-align: center;\">B\u00f6lcs\u0151dei jelentkez\u00e9s<\/h2>\n<p>[\/et_pb_text][et_pb_contact_form email=&#8221;kamaraerdo@szulokhaza.hu&#8221; submit_button_text=&#8221;Elk\u00fcld\u00f6m a jelentkez\u00e9st&#8221; _builder_version=&#8221;4.17.4&#8243; _unique_id=&#8221;a2eae83a-0779-4e45-9671-166180c97ddd&#8221; custom_button=&#8221;on&#8221; button_text_color=&#8221;#ffffff&#8221; button_bg_color=&#8221;rgba(198,2,96,0.95)&#8221; button_border_width=&#8221;0px&#8221; button_border_radius=&#8221;4px&#8221; button_icon=&#8221;&#x35;||divi||400&#8243; hover_enabled=&#8221;0&#8243; z_index_tablet=&#8221;500&#8243; title_text_shadow_horizontal_length_tablet=&#8221;0px&#8221; title_text_shadow_vertical_length_tablet=&#8221;0px&#8221; title_text_shadow_blur_strength_tablet=&#8221;1px&#8221; captcha_text_shadow_horizontal_length_tablet=&#8221;0px&#8221; captcha_text_shadow_vertical_length_tablet=&#8221;0px&#8221; captcha_text_shadow_blur_strength_tablet=&#8221;1px&#8221; form_field_text_shadow_horizontal_length_tablet=&#8221;0px&#8221; form_field_text_shadow_vertical_length_tablet=&#8221;0px&#8221; form_field_text_shadow_blur_strength_tablet=&#8221;1px&#8221; button_text_shadow_horizontal_length_tablet=&#8221;0px&#8221; button_text_shadow_vertical_length_tablet=&#8221;0px&#8221; button_text_shadow_blur_strength_tablet=&#8221;1px&#8221; box_shadow_horizontal_tablet=&#8221;0px&#8221; box_shadow_vertical_tablet=&#8221;0px&#8221; box_shadow_blur_tablet=&#8221;40px&#8221; box_shadow_spread_tablet=&#8221;0px&#8221; box_shadow_horizontal_button_tablet=&#8221;0px&#8221; box_shadow_vertical_button_tablet=&#8221;0px&#8221; box_shadow_blur_button_tablet=&#8221;40px&#8221; box_shadow_spread_button_tablet=&#8221;0px&#8221; text_shadow_horizontal_length_tablet=&#8221;0px&#8221; text_shadow_vertical_length_tablet=&#8221;0px&#8221; text_shadow_blur_strength_tablet=&#8221;1px&#8221; global_colors_info=&#8221;{}&#8221; sticky_enabled=&#8221;0&#8243;][et_pb_contact_field field_id=&#8221;Name&#8221; field_title=&#8221;N\u00e9v&#8221; fullwidth_field=&#8221;on&#8221; _builder_version=&#8221;4.16&#8243; background_color_gradient_direction_tablet=&#8221;180deg&#8221; background_color_gradient_direction_phone=&#8221;180deg&#8221; background_color_gradient_stops_tablet=&#8221;#2b87da 0%|#29c4a9 100%&#8221; background_color_gradient_stops_phone=&#8221;#2b87da 0%|#29c4a9 100%&#8221; background_color_gradient_start_position_tablet=&#8221;0%&#8221; background_color_gradient_start_position_phone=&#8221;0%&#8221; background_color_gradient_end_position_tablet=&#8221;100%&#8221; background_color_gradient_end_position_phone=&#8221;100%&#8221; hover_transition_duration_tablet=&#8221;300ms&#8221; hover_transition_duration_phone=&#8221;300ms&#8221; hover_transition_delay_tablet=&#8221;0ms&#8221; hover_transition_delay_phone=&#8221;0ms&#8221; form_field_text_shadow_horizontal_length_tablet=&#8221;0px&#8221; form_field_text_shadow_horizontal_length_phone=&#8221;0px&#8221; form_field_text_shadow_vertical_length_tablet=&#8221;0px&#8221; form_field_text_shadow_vertical_length_phone=&#8221;0px&#8221; form_field_text_shadow_blur_strength_tablet=&#8221;1px&#8221; form_field_text_shadow_blur_strength_phone=&#8221;1px&#8221; box_shadow_horizontal_tablet=&#8221;0px&#8221; box_shadow_horizontal_phone=&#8221;0px&#8221; box_shadow_vertical_tablet=&#8221;0px&#8221; box_shadow_vertical_phone=&#8221;0px&#8221; box_shadow_blur_tablet=&#8221;40px&#8221; box_shadow_blur_phone=&#8221;40px&#8221; box_shadow_spread_tablet=&#8221;0px&#8221; box_shadow_spread_phone=&#8221;0px&#8221; global_colors_info=&#8221;{}&#8221;][\/et_pb_contact_field][et_pb_contact_field field_id=&#8221;Email&#8221; field_title=&#8221;Email c\u00edm&#8221; field_type=&#8221;email&#8221; fullwidth_field=&#8221;on&#8221; _builder_version=&#8221;4.16&#8243; background_color_gradient_direction_tablet=&#8221;180deg&#8221; background_color_gradient_direction_phone=&#8221;180deg&#8221; background_color_gradient_stops_tablet=&#8221;#2b87da 0%|#29c4a9 100%&#8221; background_color_gradient_stops_phone=&#8221;#2b87da 0%|#29c4a9 100%&#8221; background_color_gradient_start_position_tablet=&#8221;0%&#8221; background_color_gradient_start_position_phone=&#8221;0%&#8221; background_color_gradient_end_position_tablet=&#8221;100%&#8221; background_color_gradient_end_position_phone=&#8221;100%&#8221; hover_transition_duration_tablet=&#8221;300ms&#8221; hover_transition_duration_phone=&#8221;300ms&#8221; hover_transition_delay_tablet=&#8221;0ms&#8221; hover_transition_delay_phone=&#8221;0ms&#8221; form_field_text_shadow_horizontal_length_tablet=&#8221;0px&#8221; form_field_text_shadow_horizontal_length_phone=&#8221;0px&#8221; form_field_text_shadow_vertical_length_tablet=&#8221;0px&#8221; form_field_text_shadow_vertical_length_phone=&#8221;0px&#8221; form_field_text_shadow_blur_strength_tablet=&#8221;1px&#8221; form_field_text_shadow_blur_strength_phone=&#8221;1px&#8221; box_shadow_horizontal_tablet=&#8221;0px&#8221; box_shadow_horizontal_phone=&#8221;0px&#8221; box_shadow_vertical_tablet=&#8221;0px&#8221; box_shadow_vertical_phone=&#8221;0px&#8221; box_shadow_blur_tablet=&#8221;40px&#8221; box_shadow_blur_phone=&#8221;40px&#8221; box_shadow_spread_tablet=&#8221;0px&#8221; box_shadow_spread_phone=&#8221;0px&#8221; global_colors_info=&#8221;{}&#8221;][\/et_pb_contact_field][et_pb_contact_field field_id=&#8221;tel&#8221; field_title=&#8221;Telefon&#8221; fullwidth_field=&#8221;on&#8221; _builder_version=&#8221;4.16&#8243; background_color_gradient_direction_tablet=&#8221;180deg&#8221; background_color_gradient_direction_phone=&#8221;180deg&#8221; background_color_gradient_stops_tablet=&#8221;#2b87da 0%|#29c4a9 100%&#8221; background_color_gradient_stops_phone=&#8221;#2b87da 0%|#29c4a9 100%&#8221; background_color_gradient_start_position_tablet=&#8221;0%&#8221; background_color_gradient_start_position_phone=&#8221;0%&#8221; background_color_gradient_end_position_tablet=&#8221;100%&#8221; background_color_gradient_end_position_phone=&#8221;100%&#8221; hover_transition_duration_tablet=&#8221;300ms&#8221; hover_transition_duration_phone=&#8221;300ms&#8221; hover_transition_delay_tablet=&#8221;0ms&#8221; hover_transition_delay_phone=&#8221;0ms&#8221; form_field_text_shadow_horizontal_length_tablet=&#8221;0px&#8221; form_field_text_shadow_horizontal_length_phone=&#8221;0px&#8221; form_field_text_shadow_vertical_length_tablet=&#8221;0px&#8221; form_field_text_shadow_vertical_length_phone=&#8221;0px&#8221; form_field_text_shadow_blur_strength_tablet=&#8221;1px&#8221; form_field_text_shadow_blur_strength_phone=&#8221;1px&#8221; box_shadow_horizontal_tablet=&#8221;0px&#8221; box_shadow_horizontal_phone=&#8221;0px&#8221; box_shadow_vertical_tablet=&#8221;0px&#8221; box_shadow_vertical_phone=&#8221;0px&#8221; box_shadow_blur_tablet=&#8221;40px&#8221; box_shadow_blur_phone=&#8221;40px&#8221; box_shadow_spread_tablet=&#8221;0px&#8221; box_shadow_spread_phone=&#8221;0px&#8221; global_colors_info=&#8221;{}&#8221;][\/et_pb_contact_field][et_pb_contact_field field_id=&#8221;ido&#8221; field_title=&#8221;Mikor szeretn\u00e9 b\u00f6lcsibe k\u00fcldeni a gyermeket?&#8221; fullwidth_field=&#8221;on&#8221; _builder_version=&#8221;4.16&#8243; background_color_gradient_direction_tablet=&#8221;180deg&#8221; background_color_gradient_direction_phone=&#8221;180deg&#8221; background_color_gradient_stops_tablet=&#8221;#2b87da 0%|#29c4a9 100%&#8221; background_color_gradient_stops_phone=&#8221;#2b87da 0%|#29c4a9 100%&#8221; background_color_gradient_start_position_tablet=&#8221;0%&#8221; background_color_gradient_start_position_phone=&#8221;0%&#8221; background_color_gradient_end_position_tablet=&#8221;100%&#8221; background_color_gradient_end_position_phone=&#8221;100%&#8221; hover_transition_duration_tablet=&#8221;300ms&#8221; hover_transition_duration_phone=&#8221;300ms&#8221; hover_transition_delay_tablet=&#8221;0ms&#8221; hover_transition_delay_phone=&#8221;0ms&#8221; form_field_text_shadow_horizontal_length_tablet=&#8221;0px&#8221; form_field_text_shadow_horizontal_length_phone=&#8221;0px&#8221; form_field_text_shadow_vertical_length_tablet=&#8221;0px&#8221; form_field_text_shadow_vertical_length_phone=&#8221;0px&#8221; form_field_text_shadow_blur_strength_tablet=&#8221;1px&#8221; form_field_text_shadow_blur_strength_phone=&#8221;1px&#8221; box_shadow_horizontal_tablet=&#8221;0px&#8221; box_shadow_horizontal_phone=&#8221;0px&#8221; box_shadow_vertical_tablet=&#8221;0px&#8221; box_shadow_vertical_phone=&#8221;0px&#8221; box_shadow_blur_tablet=&#8221;40px&#8221; box_shadow_blur_phone=&#8221;40px&#8221; box_shadow_spread_tablet=&#8221;0px&#8221; box_shadow_spread_phone=&#8221;0px&#8221; global_colors_info=&#8221;{}&#8221;][\/et_pb_contact_field][et_pb_contact_field field_id=&#8221;kor&#8221; field_title=&#8221;Mennyi id\u0151s lesz akkor a gyermek?&#8221; fullwidth_field=&#8221;on&#8221; _builder_version=&#8221;4.16&#8243; background_color_gradient_direction_tablet=&#8221;180deg&#8221; background_color_gradient_direction_phone=&#8221;180deg&#8221; background_color_gradient_stops_tablet=&#8221;#2b87da 0%|#29c4a9 100%&#8221; background_color_gradient_stops_phone=&#8221;#2b87da 0%|#29c4a9 100%&#8221; background_color_gradient_start_position_tablet=&#8221;0%&#8221; background_color_gradient_start_position_phone=&#8221;0%&#8221; background_color_gradient_end_position_tablet=&#8221;100%&#8221; background_color_gradient_end_position_phone=&#8221;100%&#8221; hover_transition_duration_tablet=&#8221;300ms&#8221; hover_transition_duration_phone=&#8221;300ms&#8221; hover_transition_delay_tablet=&#8221;0ms&#8221; hover_transition_delay_phone=&#8221;0ms&#8221; form_field_text_shadow_horizontal_length_tablet=&#8221;0px&#8221; form_field_text_shadow_horizontal_length_phone=&#8221;0px&#8221; form_field_text_shadow_vertical_length_tablet=&#8221;0px&#8221; form_field_text_shadow_vertical_length_phone=&#8221;0px&#8221; form_field_text_shadow_blur_strength_tablet=&#8221;1px&#8221; form_field_text_shadow_blur_strength_phone=&#8221;1px&#8221; box_shadow_horizontal_tablet=&#8221;0px&#8221; box_shadow_horizontal_phone=&#8221;0px&#8221; box_shadow_vertical_tablet=&#8221;0px&#8221; box_shadow_vertical_phone=&#8221;0px&#8221; box_shadow_blur_tablet=&#8221;40px&#8221; box_shadow_blur_phone=&#8221;40px&#8221; box_shadow_spread_tablet=&#8221;0px&#8221; box_shadow_spread_phone=&#8221;0px&#8221; global_colors_info=&#8221;{}&#8221;][\/et_pb_contact_field][et_pb_contact_field field_id=&#8221;Message&#8221; field_title=&#8221;\u00dczenet&#8221; field_type=&#8221;text&#8221; fullwidth_field=&#8221;on&#8221; _builder_version=&#8221;4.16&#8243; background_color_gradient_direction_tablet=&#8221;180deg&#8221; background_color_gradient_direction_phone=&#8221;180deg&#8221; background_color_gradient_stops_tablet=&#8221;#2b87da 0%|#29c4a9 100%&#8221; background_color_gradient_stops_phone=&#8221;#2b87da 0%|#29c4a9 100%&#8221; background_color_gradient_start_position_tablet=&#8221;0%&#8221; background_color_gradient_start_position_phone=&#8221;0%&#8221; background_color_gradient_end_position_tablet=&#8221;100%&#8221; background_color_gradient_end_position_phone=&#8221;100%&#8221; hover_transition_duration_tablet=&#8221;300ms&#8221; hover_transition_duration_phone=&#8221;300ms&#8221; hover_transition_delay_tablet=&#8221;0ms&#8221; hover_transition_delay_phone=&#8221;0ms&#8221; form_field_text_shadow_horizontal_length_tablet=&#8221;0px&#8221; form_field_text_shadow_horizontal_length_phone=&#8221;0px&#8221; form_field_text_shadow_vertical_length_tablet=&#8221;0px&#8221; form_field_text_shadow_vertical_length_phone=&#8221;0px&#8221; form_field_text_shadow_blur_strength_tablet=&#8221;1px&#8221; form_field_text_shadow_blur_strength_phone=&#8221;1px&#8221; box_shadow_horizontal_tablet=&#8221;0px&#8221; box_shadow_horizontal_phone=&#8221;0px&#8221; box_shadow_vertical_tablet=&#8221;0px&#8221; box_shadow_vertical_phone=&#8221;0px&#8221; box_shadow_blur_tablet=&#8221;40px&#8221; box_shadow_blur_phone=&#8221;40px&#8221; box_shadow_spread_tablet=&#8221;0px&#8221; box_shadow_spread_phone=&#8221;0px&#8221; global_colors_info=&#8221;{}&#8221;][\/et_pb_contact_field][\/et_pb_contact_form][\/et_pb_column][\/et_pb_row][\/et_pb_section]<\/p>\n","protected":false},"excerpt":{"rendered":"<p>B\u00f6lcs\u0151dei jelentkez\u00e9s<\/p>\n","protected":false},"author":8,"featured_media":0,"parent":0,"menu_order":0,"comment_status":"closed","ping_status":"closed","template":"","meta":{"_seopress_robots_primary_cat":"","_seopress_titles_title":"","_seopress_titles_desc":"","_seopress_robots_index":"","_et_pb_use_builder":"on","_et_pb_old_content":"","_et_gb_content_width":"","footnotes":""},"class_list":["post-6543","page","type-page","status-publish","hentry"],"_links":{"self":[{"href":"https:\/\/www.szulokhaza.hu\/kamaraerdo\/wp-json\/wp\/v2\/pages\/6543","targetHints":{"allow":["GET"]}}],"collection":[{"href":"https:\/\/www.szulokhaza.hu\/kamaraerdo\/wp-json\/wp\/v2\/pages"}],"about":[{"href":"https:\/\/www.szulokhaza.hu\/kamaraerdo\/wp-json\/wp\/v2\/types\/page"}],"author":[{"embeddable":true,"href":"https:\/\/www.szulokhaza.hu\/kamaraerdo\/wp-json\/wp\/v2\/users\/8"}],"replies":[{"embeddable":true,"href":"https:\/\/www.szulokhaza.hu\/kamaraerdo\/wp-json\/wp\/v2\/comments?post=6543"}],"version-history":[{"count":1,"href":"https:\/\/www.szulokhaza.hu\/kamaraerdo\/wp-json\/wp\/v2\/pages\/6543\/revisions"}],"predecessor-version":[{"id":215634,"href":"https:\/\/www.szulokhaza.hu\/kamaraerdo\/wp-json\/wp\/v2\/pages\/6543\/revisions\/215634"}],"wp:attachment":[{"href":"https:\/\/www.szulokhaza.hu\/kamaraerdo\/wp-json\/wp\/v2\/media?parent=6543"}],"curies":[{"name":"wp","href":"https:\/\/api.w.org\/{rel}","templated":true}]}}