{"id":717,"date":"2014-04-14T09:49:37","date_gmt":"2014-04-14T07:49:37","guid":{"rendered":"https:\/\/www.szulokhaza.hu\/kamaraerdo\/rolunk\/hazirend\/"},"modified":"2025-07-09T11:52:58","modified_gmt":"2025-07-09T09:52:58","slug":"hazirend","status":"publish","type":"page","link":"https:\/\/www.szulokhaza.hu\/kamaraerdo\/rolunk\/hazirend\/","title":{"rendered":"H\u00e1zirend"},"content":{"rendered":"<p>[et_pb_section fb_built=&#8221;1&#8243; admin_label=&#8221;section&#8221; _builder_version=&#8221;4.16&#8243; global_colors_info=&#8221;{}&#8221;][et_pb_row admin_label=&#8221;row&#8221; _builder_version=&#8221;4.16&#8243; background_size=&#8221;initial&#8221; background_position=&#8221;top_left&#8221; background_repeat=&#8221;repeat&#8221; global_colors_info=&#8221;{}&#8221;][et_pb_column type=&#8221;4_4&#8243; _builder_version=&#8221;4.16&#8243; custom_padding=&#8221;|||&#8221; global_colors_info=&#8221;{}&#8221; custom_padding__hover=&#8221;|||&#8221;][et_pb_text admin_label=&#8221;Text&#8221; _builder_version=&#8221;4.22.2&#8243; header_text_color=&#8221;#f69e0f&#8221; header_letter_spacing=&#8221;4px&#8221; header_4_text_color=&#8221;#f69e0f&#8221; header_4_font_size=&#8221;27px&#8221; header_4_letter_spacing=&#8221;7px&#8221; background_size=&#8221;initial&#8221; background_position=&#8221;top_left&#8221; background_repeat=&#8221;repeat&#8221; custom_padding=&#8221;||0px|||&#8221; global_colors_info=&#8221;{}&#8221;]<\/p>\n<div class=\"body\">\n<div style=\"text-align: left;\">\n<h1><span style=\"color: #fc9010;\">H\u00e1zirend<\/span><\/h1>\n<p><strong>Az ell\u00e1tott gyermekek k\u00f6re<\/strong><\/p>\n<p>1. A csal\u00e1di b\u00f6lcs\u0151de, csal\u00e1dban \u00e9l\u0151 1- 3 \u00e9ves kor\u00fa gyermekeket fogad a sz\u00fcl\u0151vel, t\u00f6rv\u00e9nyes k\u00e9pvisel\u0151vel k\u00f6t\u00f6tt meg\u00e1llapod\u00e1s alapj\u00e1n.<\/p>\n<p>2. Az 1. pontban meghat\u00e1rozott \u00e9letkorn\u00e1l id\u0151sebb gyermek napk\u00f6zbeni ell\u00e1t\u00e1sban egyedi elb\u00edr\u00e1l\u00e1s alapj\u00e1n r\u00e9szes\u00fclhet.<\/p>\n<p>3. A gyermek felv\u00e9tel\u00e9t a sz\u00fcl\u0151 a csal\u00e1di b\u00f6lcs\u0151de vezet\u0151j\u00e9n\u00e9l k\u00e9rheti, akivel meg\u00e1llapod\u00e1st k\u00f6t az ell\u00e1t\u00e1s kezdet\u00e9r\u0151l, v\u00e1rhat\u00f3 id\u0151tartam\u00e1r\u00f3l, valamint megsz\u00fcntet\u00e9s\u00e9nek m\u00f3dj\u00e1r\u00f3l.<\/p>\n<p><strong>Nyitvatart\u00e1si id\u0151<\/strong><\/p>\n<p>4. A csal\u00e1di b\u00f6lcs\u0151de nyilv\u00e1ntart\u00e1si ideje: munkanapokon reggel 08:00-t\u00f3l d\u00e9lut\u00e1n 16.30 \u00f3r\u00e1ig tart.<br \/>Ett\u0151l elt\u00e9r\u0151 id\u0151pont ig\u00e9ny eset\u00e9n szem\u00e9lyes egyeztet\u00e9s ut\u00e1n lehets\u00e9ges.<\/p>\n<p><strong>\u00c9tkeztet\u00e9s<\/strong><\/p>\n<p>5. A csal\u00e1di b\u00f6lcs\u0151de gondoskodik a gyermek n\u00e9gyszeri \u00e9tkeztet\u00e9s\u00e9r\u0151l, a gyermekek \u00e9trendj\u00e9t az O\u00c9TI aj\u00e1nl\u00e1s\u00e1val megfelel\u0151en \u00e1ll\u00edtjuk \u00f6ssze, tekintettel a gyermekek korcsoportj\u00e1ra.<\/p>\n<p>6. A csal\u00e1di b\u00f6lcs\u0151d\u00e9t ig\u00e9nybe vev\u0151 sz\u00fcl\u0151, t\u00f6rv\u00e9nyes k\u00e9pvisel\u0151 k\u00f6teles a szolg\u00e1ltat\u00e1s megkezd\u00e9se el\u0151tt az ell\u00e1t\u00e1st v\u00e9gz\u0151t t\u00e1j\u00e9koztatni a gyermek\u00e9tkez\u00e9ssel kapcsolatosan kialakult egy\u00e9ni szok\u00e1sair\u00f3l, esetleges \u00e9lelmiszerallergi\u00e1r\u00f3l, speci\u00e1lis \u00e9trendr\u0151l stb.<\/p>\n<p>&nbsp;<\/p>\n<p><strong>Napirend<\/strong><\/p>\n<p>7. A csal\u00e1di b\u00f6lcs\u0151de az \u00e9vszakhoz, a gyermek \u00e9letkor\u00e1hoz, fejletts\u00e9gi szintj\u00e9hez igazod\u00f3 rugalmas napirendet alak\u00edt ki, amely az \u00e9tkez\u00e9s, leveg\u0151z\u00e9s, j\u00e1t\u00e9k, gondoz\u00e1si tev\u00e9kenys\u00e9g rendszeres napi teend\u0151ib\u0151l \u00e1ll. A gondoz\u00f3tev\u00e9kenys\u00e9ge sor\u00e1n harmonikus l\u00e9gk\u00f6rt, balesetmentes, eszt\u00e9tikus k\u00f6rnyezetet biztos\u00edt a gyermekek sz\u00e1m\u00e1ra; \u00f6szt\u00f6nzi a gyermekek kreat\u00edv, \u00f6n\u00e1ll\u00f3 tev\u00e9kenys\u00e9g\u00e9t. A csoportban a napirend kialak\u00edt\u00e1sa a kult\u00fara k\u00fcl\u00f6nb\u00f6z\u0151 megjelen\u00e9si form\u00e1inak seg\u00edts\u00e9g\u00e9vel t\u00f6rt\u00e9nik. A h\u00e9t \u00f6t napj\u00e1n, ennek megfelel\u0151en mindig m\u00e1s \u00e9s m\u00e1s k\u00f6r\u00e9 csoportosul az aktu\u00e1lis t\u00e9ma.<\/p>\n<p><strong>Egy\u00fcttm\u0171k\u00f6d\u00e9s a sz\u00fcl\u0151kkel<\/strong><\/p>\n<p>8. Kiemelt fontoss\u00e1g\u00fa feladat a gyermekek csal\u00e1djai \u00e9s a csal\u00e1di b\u00f6lcs\u0151de k\u00f6z\u00f6tti egy\u00fcttm\u0171k\u00f6d\u00e9s biztos\u00edt\u00e1sa. A csal\u00e1d \u00e9s a k\u00f6z\u00f6ss\u00e9gi nevel\u00e9s \u00f6sszhangj\u00e1t kell teh\u00e1t megteremteni. A sz\u00fcl\u0151kkel val\u00f3 korrekt, szoros, mindennapi kapcsolattart\u00e1s, a k\u00f6lcs\u00f6n\u00f6s bizalom seg\u00edti az \u00f6sszhang megteremt\u00e9s\u00e9t. A sz\u00fcl\u0151k \u00e9s a csal\u00e1di b\u00f6lcs\u0151de folyamatosan, k\u00f6lcs\u00f6n\u00f6sen t\u00e1j\u00e9koztatj\u00e1k egym\u00e1st a gyermek fejl\u0151d\u00e9s\u00e9r\u0151l; ez alapvet\u0151 fontoss\u00e1g\u00fa a szem\u00e9lyre sz\u00f3l\u00f3 gondoz\u00e1s-nevel\u00e9s kialak\u00edt\u00e1s\u00e1ban, \u00e9s a csal\u00e1dokat is seg\u00edti gyermek\u00fck nevel\u00e9s\u00e9ben. A t\u00e1j\u00e9koztat\u00e1s mindig \u0151szinte, hiteles, szem\u00e9lyes hangv\u00e9tel\u0171, etikai szempontb\u00f3l megfelel\u0151, az \u00e9rintettek szem\u00e9lyis\u00e9gi jogait tiszteletben tart\u00f3.<\/p>\n<p>9. A sz\u00fcl\u0151vel felmer\u00fcl\u0151 b\u00e1rmilyen probl\u00e9ma vagy konfliktus keletkez\u00e9s\u00e9nek \u00e9szlel\u00e9se eset\u00e9n<br \/>a csal\u00e1di b\u00f6lcs\u0151de munkat\u00e1rsai jelzik a b\u00f6lcs\u0151de vezet\u0151j\u00e9nek, aki r\u00e9szt vesz a kompromisszum keres\u0151 folyamatban.<\/p>\n<p>10. A csal\u00e1di b\u00f6lcs\u0151de munkat\u00e1rsai ellenkez\u0151 meg\u00e1llapod\u00e1s hi\u00e1ny\u00e1ban csak a csal\u00e1di b\u00f6lcs\u0151d\u00e9vel szerz\u0151d\u00e9st k\u00f6t\u0151 szem\u00e9lyeknek adhatj\u00e1k \u00e1t a gyermeket. A sz\u00fcl\u0151, t\u00f6rv\u00e9nyes k\u00e9pvisel\u0151 m\u00e1s szem\u00e9lyt csak \u00edr\u00e1sban jel\u00f6lhet meg. Amennyiben az \u00edr\u00e1sbelis\u00e9gre \u2013 v\u00e1ratlan akad\u00e1ly eset\u00e9n \u2013 nincs lehet\u0151s\u00e9g a sz\u00fcl\u0151, t\u00f6rv\u00e9nyes k\u00e9pvisel\u0151 telefonon vagy emailben k\u00f6teles \u00e9rtes\u00edteni a csal\u00e1di b\u00f6lcs\u0151de munkat\u00e1rsait arr\u00f3l, hogy ki viheti el gyermek\u00e9t.<\/p>\n<p>11. A csal\u00e1di b\u00f6lcs\u0151de csak a meg\u00e1llapod\u00e1sban megjel\u00f6lt gyermek r\u00e9sz\u00e9re ny\u00fajt szolg\u00e1ltat\u00e1st.<\/p>\n<p><strong>Eg\u00e9szs\u00e9g\u00fcgyi ell\u00e1t\u00e1s, betegs\u00e9g, balesetv\u00e9delem<\/strong><\/p>\n<p>12. A gondoz\u00e1s megkezd\u00e9se el\u0151tt a gyermekorvos igazol\u00e1s\u00e1t a sz\u00fcl\u0151 \u00e1tadja arr\u00f3l, hogy a gyermek eg\u00e9szs\u00e9ges \u00e9s k\u00f6z\u00f6ss\u00e9gbe mehet. Betegs\u00e9g miatti hi\u00e1nyz\u00e1st k\u00f6vet\u0151en az ell\u00e1t\u00e1s folytat\u00e1s\u00e1nak felt\u00e9tele a gyermek gy\u00f3gyults\u00e1g\u00e1t tan\u00fas\u00edt\u00f3 h\u00e1ziorvosi igazol\u00e1s \u00e1tad\u00e1sa a csal\u00e1di b\u00f6lcs\u0151de munkat\u00e1rs\u00e1nak. (nevel\u0151nek).<\/p>\n<p>13. A sz\u00fcl\u0151, t\u00f6rv\u00e9nyes k\u00e9pvisel\u0151 a gyermek betegs\u00e9g\u00e9t legk\u00e9s\u0151bb a t\u00e1rgynap reggel\u00e9n 9.00 \u00f3r\u00e1ig k\u00f6teles az ell\u00e1t\u00e1st v\u00e9gz\u0151nek jelezni, ellenkez\u0151 esetben a csal\u00e1di b\u00f6lcs\u0151de az \u00e9tkez\u00e9si d\u00edj napi \u00f6sszeg\u00e9t nem t\u00e9r\u00edti vissza.<\/p>\n<p>14. A csal\u00e1di b\u00f6lcs\u0151de l\u00e1zas (37.5 C fok feletti testh\u0151m\u00e9rs\u00e9klet\u0171) vagy fert\u0151z\u0151 beteg (z\u00f6ld sz\u00edn\u0171 orrfoly\u00e1s eset\u00e9t is bele\u00e9rtve), illetve h\u00e1ny\u00e1s vagy hasmen\u00e9ses gyermeket nem fogad. Amennyiben a gyermek napk\u00f6zben bel\u00e1zasodik, a csal\u00e1di b\u00f6lcs\u0151de munkat\u00e1rsa a sz\u00fcl\u0151t \u00e9rtes\u00edti. A sz\u00fcl\u0151 a gyermeket az \u00e9rtes\u00edt\u00e9st\u0151l sz\u00e1m\u00edtott 1 \u00f3r\u00e1n bel\u00fcl k\u00f6teles hazavinni.<\/p>\n<p>15. A csal\u00e1di b\u00f6lcs\u0151de gy\u00f3gyszert csak \u00edr\u00e1sbeli meg\u00e1llapod\u00e1s alapj\u00e1n vehet \u00e1t a sz\u00fcl\u0151t\u0151l, t\u00f6rv\u00e9nyes k\u00e9pvisel\u0151t\u0151l, amelyben r\u00f6gz\u00edteni kell, azt, hogy a gy\u00f3gyszert milyen gyakoris\u00e1ggal kell a gyermeknek adni. (Nem fert\u0151z\u0151 betegs\u00e9g eset\u00e9n.)<\/p>\n<p>16. A sz\u00fcl\u0151, t\u00f6rv\u00e9nyes k\u00e9pvisel\u0151 biztos\u00edtja a gyermek szem\u00e9lyes higi\u00e9n\u00e9s eszk\u00f6zeit \u00e9s azok \u00e1lland\u00f3 szinten tart\u00e1s\u00e1t a csal\u00e1di b\u00f6lcs\u0151d\u00e9vel egyeztetett m\u00f3don (pelenka, f\u00e9s\u0171, v\u00e1lt\u00f3 ruha\u2026).<br \/>17. Az ell\u00e1t\u00e1s helysz\u00edn\u00e9n a csal\u00e1di b\u00f6lcs\u0151de a balesetv\u00e9delmi felt\u00e9teleket biztos\u00edtja, amelyeket a vezet\u0151 rendszeresen ellen\u0151riz.<\/p>\n<p>A gyermek megismer\u00e9s\u00e9nek eszk\u00f6zei, az ell\u00e1t\u00e1s min\u0151s\u00e9g\u00e9nek biztos\u00edt\u00e1sa<\/p>\n<p>18. A sz\u00fcl\u0151 v\u00e1llalja, hogy egy\u00fcttm\u0171k\u00f6dik a gyermek megismer\u00e9s\u00e9t szolg\u00e1l\u00f3 k\u00e9rd\u0151\u00edv kit\u00f6lt\u00e9s\u00e9ben \u00e9s az id\u0151k\u00f6zben bek\u00f6vetkezett v\u00e1ltoz\u00e1sok regisztr\u00e1l\u00e1s\u00e1ban. A k\u00e9rd\u0151\u00edvben r\u00f6gz\u00edtett inform\u00e1ci\u00f3k csak \u00f6sszefoglalj\u00e1k, de nem helyettes\u00edthetik a gyermek gondoz\u00e1s\u00e1hoz elengedhetetlen, szem\u00e9lyesen megbesz\u00e9lt gondoz\u00e1si szempontokat.<\/p>\n<p>19. A sz\u00fcl\u0151 hozz\u00e1j\u00e1rul, hogy az ell\u00e1t\u00e1s sor\u00e1n a gyermek fejl\u0151d\u00e9s\u00e9nek dokument\u00e1l\u00e1s\u00e1ra, bels\u0151 haszn\u00e1latra gyermek\u00e9r\u0151l f\u00e9nyk\u00e9p- \u00e9s videofelv\u00e9telek k\u00e9sz\u00fcljenek.<\/p>\n<p>20. A sz\u00fcl\u0151 v\u00e1llalja, hogy egy\u00fcttm\u0171k\u00f6dik a t\u00e1rsas\u00e1g munkat\u00e1rsaival a csal\u00e1di b\u00f6lcs\u0151de hat\u00e9konys\u00e1g\u00e1ra vonatkoz\u00f3 k\u00e9rd\u0151\u00edv kit\u00f6lt\u00e9s\u00e9ben.<\/p>\n<p><strong>D\u00edjfizet\u00e9s<\/strong><\/p>\n<p>21. A t\u00e1rgyh\u00f3napot megel\u0151z\u0151 h\u00f3nap 10-ig banki \u00e1tutal\u00e1ssal t\u00f6rt\u00e9nik. Minden h\u00f3nap els\u0151 h\u00e9tf\u0151j\u00e9n szem\u00e9lyesen.<\/p>\n<p>&nbsp;<\/p>\n<p><strong>Adatok<\/strong><br \/>Csal\u00e1di b\u00f6lcs\u0151de neve: Sz\u00fcl\u0151k H\u00e1za Csal\u00e1di B\u00f6lcs\u0151de<br \/>Csal\u00e1di b\u00f6lcs\u0151de vezet\u0151: Kende-Kirchknopf Johanna<br \/>C\u00edme: 2040 Buda\u00f6rs Zombori utca 40.<br \/>Telefonsz\u00e1m: +3630\/779-2447<br \/>Nyitvatart\u00e1s: H-P 08:00 \u2013 16.30-ig<br \/>E-mail: kelenvolgy@szulokhaza.hu,<br \/>Honlap: www.szulokhaza.hu<\/p>\n<p>Fenntart\u00f3 neve: Sz\u00fcl\u0151k H\u00e1za Alap\u00edtv\u00e1ny<br \/>Sz\u00e9khely: 8089 V\u00e9rtesacsa Ady Endre utca 10.<\/p>\n<\/div>\n<\/div>\n<p>[\/et_pb_text][\/et_pb_column][\/et_pb_row][\/et_pb_section]<\/p>\n","protected":false},"excerpt":{"rendered":"<p>H\u00e1zirend Az ell\u00e1tott gyermekek k\u00f6re 1. A csal\u00e1di b\u00f6lcs\u0151de, csal\u00e1dban \u00e9l\u0151 1- 3 \u00e9ves kor\u00fa gyermekeket fogad a sz\u00fcl\u0151vel, t\u00f6rv\u00e9nyes k\u00e9pvisel\u0151vel k\u00f6t\u00f6tt meg\u00e1llapod\u00e1s alapj\u00e1n. 2. Az 1. pontban meghat\u00e1rozott \u00e9letkorn\u00e1l id\u0151sebb gyermek napk\u00f6zbeni ell\u00e1t\u00e1sban egyedi elb\u00edr\u00e1l\u00e1s alapj\u00e1n r\u00e9szes\u00fclhet. 3. A gyermek felv\u00e9tel\u00e9t a sz\u00fcl\u0151 a csal\u00e1di b\u00f6lcs\u0151de vezet\u0151j\u00e9n\u00e9l k\u00e9rheti, akivel meg\u00e1llapod\u00e1st k\u00f6t az ell\u00e1t\u00e1s kezdet\u00e9r\u0151l, [&hellip;]<\/p>\n","protected":false},"author":8,"featured_media":0,"parent":396,"menu_order":0,"comment_status":"closed","ping_status":"closed","template":"","meta":{"_seopress_robots_primary_cat":"","_seopress_titles_title":"","_seopress_titles_desc":"","_seopress_robots_index":"","_et_pb_use_builder":"on","_et_pb_old_content":"<div class=\"body\"><div style=\"text-align: left;\"><p><strong>Az ell\u00e1tott gyermekek k\u00f6re<\/strong><\/p><ol><li>A csal\u00e1di napk\u00f6zi, csal\u00e1dban \u00e9l\u0151 20 hetes- \u00a03 \u00e9ves kor\u00fa gyermekeket fogad a sz\u00fcl\u0151vel, t\u00f6rv\u00e9nyes k\u00e9pvisel\u0151vel k\u00f6t\u00f6tt meg\u00e1llapod\u00e1s alapj\u00e1n.<\/li><li>Az 1. pontban meghat\u00e1rozott \u00e9letkorn\u00e1l id\u0151sebb gyermek napk\u00f6zbeni ell\u00e1t\u00e1sban egyedi elb\u00edr\u00e1l\u00e1s alapj\u00e1n r\u00e9szes\u00fclhet.<\/li><li>A gyermek felv\u00e9tel\u00e9t a sz\u00fcl\u0151 a csal\u00e1di napk\u00f6zi \u00fcgyvezet\u0151j\u00e9n\u00e9l k\u00e9rheti, akivel meg\u00e1llapod\u00e1st k\u00f6t az ell\u00e1t\u00e1s kezdet\u00e9r\u0151l, v\u00e1rhat\u00f3 id\u0151tartam\u00e1r\u00f3l, valamint megsz\u00fcntet\u00e9s\u00e9nek m\u00f3dj\u00e1r\u00f3l.<\/li><\/ol><p><strong>Nyitva tart\u00e1si id\u0151<\/strong><\/p><ol start=\"4\"><li>A csal\u00e1di napk\u00f6zi nyilv\u00e1ntart\u00e1si ideje munkanapokon reggel 8:00-t\u00f3l d\u00e9lut\u00e1n 16.30 \u00f3r\u00e1ig tart.<\/li><\/ol><p><strong>\u00c9tkeztet\u00e9s<\/strong><\/p><ol start=\"5\"><li>A csal\u00e1di napk\u00f6zi gondoskodik a gyermek n\u00e9gyszeri \u00e9tkeztet\u00e9s\u00e9r\u0151l, a gyermekek \u00e9trendj\u00e9t az O\u00c9TI aj\u00e1nl\u00e1s\u00e1ban megfogalmazottaknak megfelel\u0151en \u00e1ll\u00edtjuk \u00f6ssze, tekintettel a gyermekek korcsoportj\u00e1ra<\/li><li>A csal\u00e1di napk\u00f6zit ig\u00e9nybe vev\u0151 sz\u00fcl\u0151, t\u00f6rv\u00e9nyes k\u00e9pvisel\u0151 k\u00f6teles a szolg\u00e1ltat\u00e1s megkezd\u00e9se el\u0151tt az ell\u00e1t\u00e1st v\u00e9gz\u0151t t\u00e1j\u00e9koztatni a gyermek \u00e9tkez\u00e9ssel kapcsolatosan kialakult egy\u00e9ni szok\u00e1sair\u00f3l, esetleges \u00e9lelmiszerallergi\u00e1r\u00f3l stb.<\/li><\/ol><p><strong>\u00a0Napirend<\/strong><\/p><ol start=\"7\"><li>A csal\u00e1di napk\u00f6zi az \u00e9vszakhoz, a gyermek \u00e9letkor\u00e1hoz, fejletts\u00e9gi szintj\u00e9hez igazod\u00f3 rugalmas napirendet alak\u00edt ki, amely az \u00e9tkez\u00e9s, leveg\u0151z\u00e9s, j\u00e1t\u00e9k, gondoz\u00e1si tev\u00e9kenys\u00e9g rendszeres napi teend\u0151ib\u0151l \u00e1ll; gondoz\u00f3tev\u00e9kenys\u00e9ge sor\u00e1n harmonikus l\u00e9gk\u00f6rt, balesetmentes, eszt\u00e9tikus k\u00f6rnyezetet biztos\u00edt a gyermekek sz\u00e1m\u00e1ra; \u00f6szt\u00f6nzi a gyermekek kreat\u00edv, \u00f6n\u00e1ll\u00f3 tev\u00e9kenys\u00e9g\u00e9t. A csoportban a napirend kialak\u00edt\u00e1sa a kult\u00fara k\u00fcl\u00f6nb\u00f6z\u0151 megjelen\u00e9si form\u00e1inak seg\u00edts\u00e9g\u00e9vel t\u00f6rt\u00e9nik. A h\u00e9t \u00f6t napj\u00e1n, ennek megfelel\u0151en mindig m\u00e1s \u00e9s m\u00e1s k\u00f6r\u00e9 csoportosul az aktu\u00e1lis t\u00e9m\u00e1k kibont\u00e1sa:<\/li><\/ol><p>H\u00e9tf\u0151: zene, mond\u00f3k\u00e1z\u00e1s<br \/>Kedd: dr\u00e1maj\u00e1t\u00e9k<br \/>Szmadarhegya: mozg\u00e1skult\u00fara-t\u00e1nc<br \/>Cs\u00fct\u00f6rt\u00f6k: k\u00e9pz\u0151m\u0171v\u00e9szet<br \/>P\u00e9ntek: zene, mond\u00f3k\u00e1z\u00e1s<\/p><p>Mindez az \u00e9ves tematik\u00e1nak megfelel\u0151en, k\u00fcl\u00f6nb\u00f6z\u0151 alkot\u00f3, k\u00f6z\u00f6ss\u00e9g\u00e9p\u00edt\u0151, \u00e9s ismeretterjeszt\u0151 foglalkoz\u00e1sokkal \u00e9s persze sok-sok szabads\u00e1ggal, improviz\u00e1ci\u00f3val t\u00f6rt\u00e9nik.<\/p><p><strong>8:00<\/strong> \u00a0meg\u00e9rkez\u00e9s, szabad j\u00e1t\u00e9k, reggelihez k\u00e9sz\u00fcl\u0151d\u00e9s<br \/><strong>9:00 <\/strong>reggeli<br \/><strong>9:30-10:30<\/strong> j\u00e1t\u00e9k (kreat\u00edv j\u00e1t\u00e9kok, versek \u00e9s mond\u00f3k\u00e1k, j\u00e1t\u00e9kos torna)<br \/><strong>10:30<\/strong> t\u00edz\u00f3rai<br \/><strong>10:45<\/strong> fejleszt\u0151 foglalkoz\u00e1s, szabadt\u00e9ri j\u00e1t\u00e9k, kicsiknek pihen\u0151<br \/><strong>12:00-12:30<\/strong>\u00a0eb\u00e9d<br \/><strong>13:00<\/strong> csendes pihen\u0151<br \/><strong>14:30<\/strong> \u00e9breszt\u0151, rendrak\u00e1s<br \/><strong>14:45<\/strong> uzsonna<br \/><strong>15:00<\/strong> szabad j\u00e1t\u00e9k, folyamatos hazaad\u00e1s<br \/><strong>16.30<\/strong>\u00a0z\u00e1r\u00e1s<\/p><p><strong>Egy\u00fcttm\u0171k\u00f6d\u00e9s a sz\u00fcl\u0151kkel<\/strong><\/p><ol start=\"8\"><li>Kiemelt fontoss\u00e1g\u00fa feladat a gyermekek csal\u00e1djai \u00e9s a napk\u00f6zi k\u00f6z\u00f6tti egy\u00fcttm\u0171k\u00f6d\u00e9s biztos\u00edt\u00e1sa. A csal\u00e1d \u00e9s a k\u00f6z\u00f6ss\u00e9gi nevel\u00e9s \u00f6sszhangj\u00e1t kell teh\u00e1t megteremteni. A sz\u00fcl\u0151kkel val\u00f3 korrekt, szoros, mindennapi kapcsolattart\u00e1s, a k\u00f6lcs\u00f6n\u00f6s bizalom seg\u00edti az \u00f6sszhang megteremt\u00e9s\u00e9t. A sz\u00fcl\u0151k \u00e9s a napk\u00f6zi folyamatosan, k\u00f6lcs\u00f6n\u00f6sen t\u00e1j\u00e9koztatj\u00e1k egym\u00e1st a gyermek fejl\u0151d\u00e9s\u00e9r\u0151l; ez alapvet\u0151 fontoss\u00e1g\u00fa a szem\u00e9lyre sz\u00f3l\u00f3 csal\u00e1di napk\u00f6zi gondoz\u00e1s-nevel\u00e9s kialak\u00edt\u00e1s\u00e1ban, \u00e9s a csal\u00e1dokat is seg\u00edti gyermek\u00fck nevel\u00e9s\u00e9ben. A t\u00e1j\u00e9koztat\u00e1s mindig \u0151szinte, hiteles, szem\u00e9lyes hangv\u00e9tel\u0171, etikai szempontb\u00f3l megfelel\u0151, az \u00e9rintettek szem\u00e9lyis\u00e9gi jogait tiszteletben tart\u00f3.<\/li><li>A sz\u00fcl\u0151vel felmer\u00fcl\u0151 b\u00e1rmilyen probl\u00e9ma vagy konfliktus keletkez\u00e9s\u00e9nek \u00e9szlel\u00e9se eset\u00e9n a csal\u00e1di napk\u00f6zi munkat\u00e1rsai jelzik a t\u00e1rsas\u00e1g \u00fcgyvezet\u0151j\u00e9nek, aki r\u00e9szt vesz a kompromisszum-keres\u0151 folyamatban.<\/li><li>A csal\u00e1di napk\u00f6zi munkat\u00e1rsai ellenkez\u0151 meg\u00e1llapod\u00e1s hi\u00e1ny\u00e1ban csak a csal\u00e1di napk\u00f6zivel szerz\u0151d\u00e9st k\u00f6t\u0151 szem\u00e9lynek adhatj\u00e1k \u00e1t a gyermeket. A sz\u00fcl\u0151, t\u00f6rv\u00e9nyes k\u00e9pvisel\u0151 m\u00e1s szem\u00e9lyt csak \u00edr\u00e1sban jel\u00f6lhet meg. Amennyiben az \u00edr\u00e1sbelis\u00e9gre \u2013 v\u00e1ratlan akad\u00e1ly eset\u00e9n \u2013 nincs lehet\u0151s\u00e9g a sz\u00fcl\u0151, t\u00f6rv\u00e9nyes k\u00e9pvisel\u0151 telefonon k\u00f6teles \u00e9rtes\u00edteni a csal\u00e1di napk\u00f6zi munkat\u00e1rsait arr\u00f3l, hogy ki viheti el gyermek\u00e9t.<\/li><li>A csal\u00e1di napk\u00f6zi csak a meg\u00e1llapod\u00e1sban megjel\u00f6lt gyermek r\u00e9sz\u00e9re ny\u00fajt szolg\u00e1ltat\u00e1st.<\/li><\/ol><p><strong>Eg\u00e9szs\u00e9g\u00fcgyi ell\u00e1t\u00e1s, betegs\u00e9g, balesetv\u00e9delem<\/strong><\/p><ol start=\"12\"><li>A gondoz\u00e1s megkezd\u00e9se el\u0151tt a gyermekorvos igazol\u00e1s\u00e1t a sz\u00fcl\u0151 bemutatja arr\u00f3l, hogy a gyermek eg\u00e9szs\u00e9ges \u00e9s k\u00f6z\u00f6ss\u00e9gbe mehet. Betegs\u00e9g miatti hi\u00e1nyz\u00e1st k\u00f6vet\u0151en az ell\u00e1t\u00e1s folytat\u00e1s\u00e1nak felt\u00e9tele a gyermek gy\u00f3gyults\u00e1g\u00e1t tan\u00fas\u00edt\u00f3 h\u00e1ziorvosi igazol\u00e1s bemutat\u00e1sa a csal\u00e1di napk\u00f6zi valamely munkat\u00e1rs\u00e1nak.<\/li><li>A sz\u00fcl\u0151, t\u00f6rv\u00e9nyes k\u00e9pvisel\u0151 a gyermek betegs\u00e9g\u00e9t legk\u00e9s\u0151bb a t\u00e1rgynap reggel\u00e9n 08.30 \u00f3r\u00e1ig k\u00f6teles az ell\u00e1t\u00e1st v\u00e9gz\u0151nek jelezni.<\/li><li>A csal\u00e1di napk\u00f6zi l\u00e1zas (37.1 C fok feletti testh\u0151m\u00e9rs\u00e9klet\u0171) \u00e9s fert\u0151z\u0151 beteg (z\u00f6ld sz\u00edn\u0171 orrfoly\u00e1s eset\u00e9t is bele\u00e9rtve) gyermeket nem fogad. Amennyiben a gyermek napk\u00f6zben bel\u00e1zasodik, a csal\u00e1di napk\u00f6zi munkat\u00e1rsa a sz\u00fcl\u0151t \u00e9rtes\u00edti \u00e9s a sz\u00fcl\u0151vel egyeztetett m\u00f3don h\u00e1ziorvost h\u00edv. A sz\u00fcl\u0151 a gyermeket az \u00e9rtes\u00edt\u00e9st\u0151l sz\u00e1m\u00edtott 1 \u00f3r\u00e1n bel\u00fcl k\u00f6teles hazavinni.<\/li><li>A csal\u00e1di napk\u00f6zi gy\u00f3gyszert csak \u00edr\u00e1sbeli meg\u00e1llapod\u00e1s alapj\u00e1n vehet \u00e1t a sz\u00fcl\u0151t\u0151l, t\u00f6rv\u00e9nyes k\u00e9pvisel\u0151t\u0151l, amelyben r\u00f6gz\u00edteni kell, azt hogy a gy\u00f3gyszert milyen gyakoris\u00e1ggal kell a gyermeknek adni.<\/li><\/ol><ol start=\"16\"><li>A sz\u00fcl\u0151, t\u00f6rv\u00e9nyes k\u00e9pvisel\u0151 biztos\u00edtja a gyermek szem\u00e9lyes higi\u00e9n\u00e9s eszk\u00f6zeit \u00e9s azok \u00e1lland\u00f3 szinten tart\u00e1s\u00e1t a csal\u00e1di napk\u00f6zivel egyeztetett m\u00f3don (pelenka, popsit\u00f6rl\u0151, fogkr\u00e9m, fogkefe, f\u00e9s\u0171).<\/li><li>Az ell\u00e1t\u00e1s helysz\u00edn\u00e9n a csal\u00e1di napk\u00f6zi a balesetv\u00e9delmi felt\u00e9teleket biztos\u00edtja, amelyeket az \u00fcgyvezet\u0151 rendszeresen ellen\u0151riz.<\/li><\/ol><p><strong>A gyermek megismer\u00e9s\u00e9nek eszk\u00f6zei, az ell\u00e1t\u00e1s min\u0151s\u00e9g\u00e9nek biztos\u00edt\u00e1sa<\/strong><\/p><ol start=\"18\"><li>A sz\u00fcl\u0151 v\u00e1llalja, hogy egy\u00fcttm\u0171k\u00f6dik a gyermek megismer\u00e9s\u00e9t szolg\u00e1l\u00f3 k\u00e9rd\u0151\u00edv kit\u00f6lt\u00e9s\u00e9ben \u00e9s az id\u0151k\u00f6zben bek\u00f6vetkezett v\u00e1ltoz\u00e1sok regisztr\u00e1l\u00e1s\u00e1ban. A k\u00e9rd\u0151\u00edvben r\u00f6gz\u00edtett inform\u00e1ci\u00f3k csak \u00f6sszefoglalj\u00e1k, de nem helyettes\u00edthetik a gyermek gondoz\u00e1s\u00e1hoz elengedhetetlen, szem\u00e9lyesen megbesz\u00e9lt gondoz\u00e1si szempontokat.<\/li><li>A sz\u00fcl\u0151 hozz\u00e1j\u00e1rul, hogy az ell\u00e1t\u00e1s sor\u00e1n a gyermek fejl\u0151d\u00e9s\u00e9nek dokument\u00e1l\u00e1s\u00e1ra, bels\u0151 haszn\u00e1latra,illetve saj\u00e1t webes fel\u00fcleteten t\u00f6rt\u00e9n\u0151 megjelen\u00e9sre gyermek\u00e9r\u0151l f\u00e9nyk\u00e9p- \u00e9s videofelv\u00e9telek k\u00e9sz\u00fcljenek.<\/li><li>A sz\u00fcl\u0151 v\u00e1llalja, hogy egy\u00fcttm\u0171k\u00f6dik a t\u00e1rsas\u00e1g munkat\u00e1rsaival a csal\u00e1di napk\u00f6zi hat\u00e9konys\u00e1g\u00e1ra vonatkoz\u00f3 k\u00e9rd\u0151\u00edv kit\u00f6lt\u00e9s\u00e9ben.<\/li><\/ol><p>\u00a0<\/p><p>2016. november<\/p><p>Reg\u0151s Judit, igazgat\u00f3<\/p><\/div><\/div>","_et_gb_content_width":"","footnotes":""},"class_list":["post-717","page","type-page","status-publish","hentry"],"_links":{"self":[{"href":"https:\/\/www.szulokhaza.hu\/kamaraerdo\/wp-json\/wp\/v2\/pages\/717","targetHints":{"allow":["GET"]}}],"collection":[{"href":"https:\/\/www.szulokhaza.hu\/kamaraerdo\/wp-json\/wp\/v2\/pages"}],"about":[{"href":"https:\/\/www.szulokhaza.hu\/kamaraerdo\/wp-json\/wp\/v2\/types\/page"}],"author":[{"embeddable":true,"href":"https:\/\/www.szulokhaza.hu\/kamaraerdo\/wp-json\/wp\/v2\/users\/8"}],"replies":[{"embeddable":true,"href":"https:\/\/www.szulokhaza.hu\/kamaraerdo\/wp-json\/wp\/v2\/comments?post=717"}],"version-history":[{"count":9,"href":"https:\/\/www.szulokhaza.hu\/kamaraerdo\/wp-json\/wp\/v2\/pages\/717\/revisions"}],"predecessor-version":[{"id":228396,"href":"https:\/\/www.szulokhaza.hu\/kamaraerdo\/wp-json\/wp\/v2\/pages\/717\/revisions\/228396"}],"up":[{"embeddable":true,"href":"https:\/\/www.szulokhaza.hu\/kamaraerdo\/wp-json\/wp\/v2\/pages\/396"}],"wp:attachment":[{"href":"https:\/\/www.szulokhaza.hu\/kamaraerdo\/wp-json\/wp\/v2\/media?parent=717"}],"curies":[{"name":"wp","href":"https:\/\/api.w.org\/{rel}","templated":true}]}}